{"id":3,"date":"2026-03-17T21:29:05","date_gmt":"2026-03-17T21:29:05","guid":{"rendered":"https:\/\/luissolerasesores.com\/?page_id=3"},"modified":"2026-03-31T03:54:41","modified_gmt":"2026-03-31T01:54:41","slug":"politica-de-privacitat","status":"publish","type":"page","link":"https:\/\/luissolerasesores.com\/valenciano\/politica-de-privacidad\/","title":{"rendered":"Pol\u00edtica de privacitat"},"content":{"rendered":"<div data-elementor-type=\"wp-page\" data-elementor-id=\"3\" class=\"elementor elementor-3\" data-elementor-post-type=\"page\">\n\t\t\t\t<div class=\"elementor-element elementor-element-698b3bb e-flex e-con-boxed e-con e-parent\" data-id=\"698b3bb\" data-element_type=\"container\" data-e-type=\"container\" data-settings=\"{&quot;background_background&quot;:&quot;classic&quot;}\">\n\t\t\t\t\t<div class=\"e-con-inner\">\n\t\t\t\t<div class=\"elementor-element elementor-element-c30eb59 elementor-widget elementor-widget-heading\" data-id=\"c30eb59\" data-element_type=\"widget\" data-e-type=\"widget\" data-widget_type=\"heading.default\">\n\t\t\t\t\t<h1 class=\"elementor-heading-title elementor-size-default\">Pol\u00edtica de privacitat<\/h1>\t\t\t\t<\/div>\n\t\t\t\t\t<\/div>\n\t\t\t\t<\/div>\n\t\t<div class=\"elementor-element elementor-element-f2e17ad section-xl e-flex e-con-boxed e-con e-parent\" data-id=\"f2e17ad\" data-element_type=\"container\" data-e-type=\"container\">\n\t\t\t\t\t<div class=\"e-con-inner\">\n\t\t\t\t<div class=\"elementor-element elementor-element-6402571 elementor-widget elementor-widget-text-editor\" data-id=\"6402571\" data-element_type=\"widget\" data-e-type=\"widget\" data-widget_type=\"text-editor.default\">\n\t\t\t\t\t\t\t\t\t<article class=\"pp-privacidad\">\n\n  <p>D'acord amb les disposicions de la legislaci\u00f3 vigent, <strong>LUIS SOLER CONSULTANTS<\/strong> es compromet a implementar les mesures t\u00e8cniques i organitzatives necess\u00e0ries, d'acord amb el nivell de seguretat adequat al risc associat a les dades recollides.<\/p>\n\n  <section aria-labelledby=\"s1\">\n    <h2 id=\"s1\">I. Pol\u00edtica de privacitat i protecci\u00f3 de dades<\/h2>\n\n    <section aria-labelledby=\"s1-1\">\n      <h3 id=\"s1-1\">Legislaci\u00f3 coberta per aquesta pol\u00edtica de privacitat<\/h3>\n      <p>Aquesta pol\u00edtica de privacitat compleix la legislaci\u00f3 espanyola i europea vigent en mat\u00e8ria de protecci\u00f3 de dades personals en l\u00ednia. Concretament, compleix les seg\u00fcents normatives:<\/p>\n      <ul>\n        <li>El <strong>Reglament (UE) 2016\/679<\/strong> del Parlament Europeu i del Consell, de 27 d'abril de 2016, relatiu a la protecci\u00f3 de les persones f\u00edsiques pel que fa al tractament de les seves dades personals i a la lliure circulaci\u00f3 d'aquestes dades (RGPD).<\/li>\n        <li>El <strong>Llei Org\u00e0nica 3\/2018, de 5 de desembre<\/strong>, sobre la Protecci\u00f3 de Dades Personals i la Garantia dels Drets Digitals (LOPD-GDD).<\/li>\n        <li>El <strong>Reial Decret 1720\/2007, de 21 de desembre<\/strong>, que aprova el Reglament pel qual es desplegue la Llei Org\u00e0nica 15\/1999, de 13 de desembre, de protecci\u00f3 de dades de car\u00e0cter personal (RDLOPD).<\/li>\n        <li>El <strong>Llei 34\/2002, d'11 de juliol<\/strong>, la Llei de Serveis de la Societat de la Informaci\u00f3 i de Comer\u00e7 Electr\u00f2nic (LSSI-CE).<\/li>\n      <\/ul>\n    <\/section>\n\n    <section aria-labelledby=\"s1-2\">\n      <h3 id=\"s1-2\">Identitat del responsable del tractament<\/h3>\n      <p>El responsable del tractament de les dades personals recollides per LUIS SOLER ASESORES \u00e9s: <strong>Luis Alberto Soler Carratala<\/strong>, amb n\u00famero d'inscripci\u00f3 fiscal: 53604723A.<\/p>\n      <address>\n        <p><strong>Adre\u00e7a:<\/strong> Carrer Navellos, 8, 1r pis, pis 3, 46003 Val\u00e8ncia<\/p>\n        <p><strong>Tel\u00e8fon:<\/strong> <a href=\"tel:961944210\">961 944 210<\/a><\/p>\n        <p><strong>Correu electr\u00f2nic:<\/strong> <a href=\"mailto:info@luissolerasesores.com\">info@luissolerasesores.com<\/a><\/p>\n      <\/address>\n    <\/section>\n\n    <section aria-labelledby=\"s1-3\">\n      <h3 id=\"s1-3\">Registre de dades personals<\/h3>\n      <p>D'acord amb les disposicions del RGPD i de la LOPD-GDD, l'informem que les dades personals recollides per LUIS SOLER ASESORES a trav\u00e9s dels formularis disponibles al seu lloc web s'incorporaran i tractaran en les nostres bases de dades amb la finalitat de facilitar, agilitzar i complir els compromisos establerts entre LUIS SOLER ASESORES i l'Usuari, o per respondre a una sol\u00b7licitud o consulta de l'Usuari.<\/p>\n    <\/section>\n\n    <section aria-labelledby=\"s1-4\">\n      <h3 id=\"s1-4\">Principis que regeixen el tractament de dades personals<\/h3>\n      <p>El tractament de les dades personals de l'Usuari estar\u00e0 subjecte als principis seg\u00fcents establerts a l'article 5 del RGPD i a l'article 4 i seg\u00fcents de la Llei Org\u00e0nica 3\/2018:<\/p>\n      <ul>\n        <li><strong>Legalitat, equitat i transpar\u00e8ncia:<\/strong> El consentiment de l'Usuari ser\u00e0 necessari en tot moment, despr\u00e9s de la divulgaci\u00f3 completa i transparent de les finalitats per a les quals es recullen les dades personals.<\/li>\n        <li><strong>Limitaci\u00f3 de la finalitat:<\/strong> Les dades personals es recolliran per a finalitats espec\u00edfiques, expl\u00edcites i leg\u00edtimes.<\/li>\n        <li><strong>Minimitzaci\u00f3 de dades:<\/strong> Les dades personals recollides es limitaran al que sigui estrictament necessari per a les finalitats per a les quals es tracten.<\/li>\n        <li><strong>Precisi\u00f3:<\/strong> Les dades personals han de ser exactes i estar actualitzades en tot moment.<\/li>\n        <li><strong>L\u00edmit del per\u00edode de conservaci\u00f3:<\/strong> Les dades personals nom\u00e9s es conservaran durant el temps necessari per a les finalitats per a les quals es tracten.<\/li>\n        <li><strong>Integritat i confidencialitat:<\/strong> Les dades personals es tractaran de manera que se'n garanteixi la seguretat i la confidencialitat.<\/li>\n        <li><strong>Responsabilitat proactiva:<\/strong> El responsable del tractament de dades ser\u00e0 responsable de garantir que els principis esmentats es compleixin.<\/li>\n      <\/ul>\n    <\/section>\n\n    <section aria-labelledby=\"s1-5\">\n      <h3 id=\"s1-5\">Categories de dades personals<\/h3>\n      <p>Les categories de dades processades per LUIS SOLER ASESORES es limiten a les dades d'identificaci\u00f3. En cap cas es processen categories especials de dades personals en el sentit de l'article 9 del RGPD.<\/p>\n    <\/section>\n\n    <section aria-labelledby=\"s1-6\">\n      <h3 id=\"s1-6\">Base jur\u00eddica per al tractament de dades personals<\/h3>\n      <p>La base jur\u00eddica del tractament de dades personals \u00e9s el consentiment. LUIS SOLER ASESORES es compromet a obtenir el consentiment expr\u00e9s i verificable de l'Usuari per al tractament de les seves dades personals per a un o m\u00e9s fins espec\u00edfics.<\/p>\n      <p>L'Usuari tindr\u00e0 dret a retirar el seu consentiment en qualsevol moment. Retirar el consentiment ser\u00e0 tan f\u00e0cil com donar-lo. Com a regla general, la retirada del consentiment no afectar\u00e0 l'\u00fas del lloc web.<\/p>\n    <\/section>\n\n    <section aria-labelledby=\"s1-7\">\n      <h3 id=\"s1-7\">Finalitats del tractament de dades personals<\/h3>\n      <p>Les dades personals es recullen i es tracten per LUIS SOLER ASESORES amb la finalitat de facilitar, agilitzar i complir els compromisos establerts entre el lloc web i l'usuari, o per respondre a una sol\u00b7licitud o consulta.<\/p>\n      <p>De la mateixa manera, les dades es poden utilitzar amb finalitats comercials relacionades amb la personalitzaci\u00f3, l'an\u00e0lisi operativa i estad\u00edstica, aix\u00ed com per a l'extracci\u00f3 de dades, l'emmagatzematge i la investigaci\u00f3 de mercat, amb l'objectiu d'adaptar el contingut ofert a l'Usuari i millorar la qualitat, el rendiment i la navegaci\u00f3 del lloc web.<\/p>\n    <\/section>\n\n    <section aria-labelledby=\"s1-8\">\n      <h3 id=\"s1-8\">Pla\u00e7os de conservaci\u00f3 de dades personals<\/h3>\n      <p>Les dades personals es conservaran nom\u00e9s durant el per\u00edode m\u00ednim necessari per a les finalitats del seu tractament i, en tot cas, nom\u00e9s durant el per\u00edode seg\u00fcent: <strong>5 anys<\/strong>, o fins que l'Usuari sol\u00b7liciti la seva supressi\u00f3.<\/p>\n    <\/section>\n\n    <section aria-labelledby=\"s1-9\">\n      <h3 id=\"s1-9\">Destinataris de dades personals<\/h3>\n      <p>Les dades personals de l'usuari <strong>No es compartir\u00e0 amb tercers<\/strong>. En qualsevol cas, en el moment de la recollida de les dades personals, l'Usuari ser\u00e0 informat dels destinataris o de les categories de destinataris de les dades personals.<\/p>\n    <\/section>\n\n    <section aria-labelledby=\"s1-10\">\n      <h3 id=\"s1-10\">Dades personals de menors<\/h3>\n      <p>D'acord amb l'article 8 del RGPD i l'article 7 de la Llei Org\u00e0nica 3\/2018, nom\u00e9s les persones majors de 14 anys poden donar v\u00e0lidament el seu consentiment per al tractament de les seves dades personals per part de LUIS SOLER ASESORES. En el cas d'un menor de 14 anys, ser\u00e0 necessari el consentiment dels seus pares o tutors per a aquest tractament.<\/p>\n    <\/section>\n\n    <section aria-labelledby=\"s1-11\">\n      <h3 id=\"s1-11\">Confidencialitat i seguretat de les dades personals<\/h3>\n      <p>LUIS SOLER ASESORES es compromet a implementar les mesures t\u00e8cniques i organitzatives necess\u00e0ries per garantir la seguretat de les dades personals i per prevenir la seva destrucci\u00f3, p\u00e8rdua, alteraci\u00f3 accidental o il\u00b7l\u00edcita, o l'acc\u00e9s no autoritzat a aquestes dades.<\/p>\n      <p>El lloc web t\u00e9 un certificat <strong>SSL (Secure Sockets Layer)<\/strong>, la qual cosa garanteix que les dades personals es transmetin de manera segura i confidencial, ja que la transmissi\u00f3 de dades entre el servidor i l'usuari est\u00e0 totalment xifrada.<\/p>\n      <p>Tanmateix, com que LUIS SOLER ASESORES no pot garantir la inexpugnabilitat d'Internet, el Responsable del Tractament es compromet a notificar l'Usuari sense dilaci\u00f3 indeguda en cas d'una violaci\u00f3 de dades personals que probablement comporti un alt risc per als drets i les llibertats de les persones f\u00edsiques.<\/p>\n    <\/section>\n\n    <section aria-labelledby=\"s1-12\">\n      <h3 id=\"s1-12\">Drets relacionats amb el tractament de dades personals<\/h3>\n      <p>L'Usuari pot exercir els seg\u00fcents drets, reconeguts pel RGPD i la Llei Org\u00e0nica 3\/2018, davant del responsable del tractament:<\/p>\n      <ul>\n        <li><strong>Dret d'acc\u00e9s:<\/strong> el dret a obtenir la confirmaci\u00f3 de si LUIS SOLER ASESORES est\u00e0 tractant les seves dades personals i, si \u00e9s aix\u00ed, a obtenir informaci\u00f3 sobre aquestes dades.<\/li>\n        <li><strong>Dret de rectificaci\u00f3:<\/strong> el dret a obtenir la rectificaci\u00f3 de les seves dades personals si es considera que s\u00f3n inexactes o incompletes.<\/li>\n        <li><strong>Dret a l'oblit (\u00abel dret a ser oblidat\u00bb):<\/strong> el dret a la supressi\u00f3 de les seves dades personals quan ja no siguin necess\u00e0ries per a les finalitats per a les quals es van recollir o tractar, entre altres circumst\u00e0ncies previstes en la normativa.<\/li>\n        <li><strong>Dret a la limitaci\u00f3 del tractament:<\/strong> el dret a limitar el tractament de les teves dades personals en les circumst\u00e0ncies previstes per llei.<\/li>\n        <li><strong>Dret a la portabilitat de les dades:<\/strong> el dret a rebre les seves dades personals en un format estructurat, d'\u00fas com\u00fa i llegible per m\u00e0quina, i a transmetre aquestes dades a un altre responsable del tractament.<\/li>\n        <li><strong>Dret a objectar:<\/strong> el dret a sol\u00b7licitar la suspensi\u00f3 del tractament de les seves dades personals o que LUIS SOLER ASESORES cessi en el tractament de les seves dades personals.<\/li>\n        <li><strong>Dret a no estar sotm\u00e8s a decisions automatitzades:<\/strong> el dret a no estar sotm\u00e8s a una decisi\u00f3 basada \u00fanicament en el tractament automatitzat de les teves dades personals, incl\u00f2s el perfilatge.<\/li>\n      <\/ul>\n      <p>L'Usuari pot exercir els seus drets enviant una sol\u00b7licitud per escrit al Responsable del Tractament, indicant la refer\u00e8ncia <strong>\u00abRGPD \u2013 www.luissolerasesores.com\u00bb<\/strong>, especificant: nom complet, una c\u00f2pia del vostre document d'identitat nacional, una sol\u00b7licitud per escrit que indiqui els motius espec\u00edfics, una adre\u00e7a per a la notificaci\u00f3 d'actes, la data i la vostra signatura, i qualsevol document de suport.<\/p>\n      <address>\n        <p><strong>Adre\u00e7a postal:<\/strong> Carrer Navellos, 8, 1r pis, pis 3, 46003 Val\u00e8ncia<\/p>\n        <p><strong>Correu electr\u00f2nic:<\/strong> <a href=\"mailto:info@luissolerasesores.com\">info@luissolerasesores.com<\/a><\/p>\n      <\/address>\n    <\/section>\n\n    <section aria-labelledby=\"s1-13\">\n      <h3 id=\"s1-13\">Enlla\u00e7os a llocs web de tercers<\/h3>\n      <p>El lloc web pot contenir hiperenlla\u00e7os o enlla\u00e7os a llocs web de tercers diferents de LUIS SOLER ASESORES. Els propietaris d'aquests llocs web tindran les seves pr\u00f2pies pol\u00edtiques de protecci\u00f3 de dades i seran els responsables dels seus propis fitxers de dades i de les pr\u00e0ctiques de privacitat.<\/p>\n    <\/section>\n\n    <section aria-labelledby=\"s1-14\">\n      <h3 id=\"s1-14\">Queixes davant l'autoritat de supervisi\u00f3<\/h3>\n      <p>Si l'Usuari considera que hi ha un problema o una infracci\u00f3 de la legislaci\u00f3 vigent pel que fa a la manera com es tracten les seves dades personals, t\u00e9 dret a presentar una reclamaci\u00f3 davant l'autoritat de control. En el cas d'Espanya, l'autoritat de control \u00e9s la <a href=\"http:\/\/www.agpd.es\" target=\"_blank\" rel=\"noopener nofollow\">Ag\u00e8ncia Espanyola de Protecci\u00f3 de Dades (AEPD)<\/a>.<\/p>\n    <\/section>\n  <\/section>\n\n  <section aria-labelledby=\"s2\">\n    <h2 id=\"s2\">II. Pol\u00edtica de galetes<\/h2>\n\n    <p>L'acc\u00e9s a aquest lloc web pot implicar l'\u00fas de galetes. Les galetes s\u00f3n petites peces de dades emmagatzemades al navegador que utilitza cada usuari, que permeten al servidor recordar certa informaci\u00f3. Les galetes fan que la navegaci\u00f3 sigui m\u00e9s senzilla i c\u00f2moda per a l'usuari, i no perjudiquen el vostre dispositiu.<\/p>\n\n    <section aria-labelledby=\"s2-1\">\n      <h3 id=\"s2-1\">Cookies de primera part<\/h3>\n      <p>S\u00f3n galetes que s'envien a l'ordinador o dispositiu de l'Usuari i que s\u00f3n gestionades exclusivament per LUIS SOLER ASESORES per garantir el funcionament \u00f2ptim del lloc web. La informaci\u00f3 recollida s'utilitza per millorar la qualitat del lloc web i del seu contingut, aix\u00ed com l'experi\u00e8ncia de l'Usuari.<\/p>\n    <\/section>\n\n    <section aria-labelledby=\"s2-2\">\n      <h3 id=\"s2-2\">Cookies de xarxes socials<\/h3>\n      <p>LUIS SOLER ASESORES incorpora complements de xarxes socials que permeten als usuaris accedir a aquestes plataformes directament des del lloc web. Els operadors d'aquestes plataformes de xarxes socials tenen les seves pr\u00f2pies pol\u00edtiques de protecci\u00f3 de dades i de galetes. A continuaci\u00f3 es proporcionen enlla\u00e7os a aquestes pol\u00edtiques:<\/p>\n      <ul>\n        <li><a href=\"https:\/\/www.facebook.com\/policies\/cookies\/\" target=\"_blank\" rel=\"noopener nofollow\">Facebook<\/a><\/li>\n        <li><a href=\"https:\/\/twitter.com\/es\/privacy\" target=\"_blank\" rel=\"noopener nofollow\">Twitter<\/a><\/li>\n        <li><a href=\"https:\/\/help.instagram.com\/1896641480634370?ref=ig\" target=\"_blank\" rel=\"noopener nofollow\">Instagram<\/a><\/li>\n        <li><a href=\"https:\/\/policies.google.com\/privacy?hl=es-419&#038;gl=mx\" target=\"_blank\" rel=\"noopener nofollow\">YouTube<\/a><\/li>\n        <li><a href=\"https:\/\/policies.google.com\/technologies\/cookies?hl=es\" target=\"_blank\" rel=\"noopener nofollow\">Google+<\/a><\/li>\n        <li><a href=\"https:\/\/policy.pinterest.com\/es\/privacy-policy\" target=\"_blank\" rel=\"noopener nofollow\">Pinterest<\/a><\/li>\n        <li><a href=\"https:\/\/www.linkedin.com\/legal\/cookie-policy?trk=hp-cookies\" target=\"_blank\" rel=\"noopener nofollow\">LinkedIn<\/a><\/li>\n      <\/ul>\n    <\/section>\n\n    <section aria-labelledby=\"s2-3\">\n      <h3 id=\"s2-3\">Desactiva, bloqueja i elimina les galetes<\/h3>\n      <p>Els usuaris poden desactivar, bloquejar o eliminar les galetes \u2014 totalment o parcialment \u2014 emmagatzemades al seu dispositiu a trav\u00e9s de la configuraci\u00f3 del navegador (per exemple, Chrome, Firefox, Safari i Internet Explorer). Si decidiu bloquejar les galetes \u2014 totalment o parcialment \u2014 podreu continuar utilitzant el lloc web, tot i que la vostra capacitat d'utilitzar algunes de les seves funcions podria veure's restringida.<\/p>\n    <\/section>\n  <\/section>\n\n  <section aria-labelledby=\"s3\">\n    <h2 id=\"s3\">III. Acceptaci\u00f3 i canvis d'aquesta pol\u00edtica de privacitat<\/h2>\n    <p>L'Usuari ha llegit i accepta els termes i condicions sobre la protecci\u00f3 de dades personals establerts en aquesta Pol\u00edtica de privacitat i galetes, i ha de consentir el tractament de les seves dades personals perqu\u00e8 el Responsable del tractament pugui tractar aquestes dades de la manera, dins dels terminis i per a les finalitats especificades.<\/p>\n    <p>LUIS SOLER ASESORES es reserva el dret de modificar la seva Pol\u00edtica de privacitat i galetes a la seva discreci\u00f3, o en resposta a canvis en la legislaci\u00f3, la jurisprud\u00e8ncia o les directrius de l'Ag\u00e8ncia Espanyola de Protecci\u00f3 de Dades. Els usuaris seran notificats expl\u00edcitament de qualsevol canvi o actualitzaci\u00f3 d'aquesta Pol\u00edtica.<\/p>\n  <\/section>\n\n  <footer class=\"pp-footer-note\">\n    <p>Pol\u00edtica actualitzada el <strong>28 de desembre de 2020<\/strong> adaptar-se al <strong>Reglament (UE) 2016\/679 (RGPD)<\/strong> i al <strong>Llei Org\u00e0nica 3\/2018, de 5 de desembre, de Protecci\u00f3 de Dades Personals i Garantia dels Drets Digitals (LOPDGDD)<\/strong>.<\/p>\n    <p>\u00a9 2026 Luis Soler Asesores Limited \u00b7 <a href=\"mailto:info@luissolerasesores.com\">info@luissolerasesores.com<\/a><\/p>\n  <\/footer>\n\n<\/article>\t\t\t\t\t\t\t\t<\/div>\n\t\t\t\t\t<\/div>\n\t\t\t\t<\/div>\n\t\t\t\t<\/div>","protected":false},"excerpt":{"rendered":"<p>Respetando lo establecido en la legislaci\u00f3n vigente, LUIS SOLER ASESORES se compromete a adoptar las medidas t\u00e9cnicas y organizativas necesarias, seg\u00fan el nivel de seguridad adecuado al riesgo de los datos recogidos. I. Pol\u00edtica de privacidad y protecci\u00f3n de datos Leyes que incorpora esta pol\u00edtica de privacidad Esta pol\u00edtica de privacidad est\u00e1 adaptada a la [&hellip;]<\/p>\n","protected":false},"author":1,"featured_media":0,"parent":0,"menu_order":0,"comment_status":"closed","ping_status":"closed","template":"","meta":{"footnotes":""},"class_list":["post-3","page","type-page","status-publish","hentry"],"_links":{"self":[{"href":"https:\/\/luissolerasesores.com\/valenciano\/wp-json\/wp\/v2\/pages\/3","targetHints":{"allow":["GET"]}}],"collection":[{"href":"https:\/\/luissolerasesores.com\/valenciano\/wp-json\/wp\/v2\/pages"}],"about":[{"href":"https:\/\/luissolerasesores.com\/valenciano\/wp-json\/wp\/v2\/types\/page"}],"author":[{"embeddable":true,"href":"https:\/\/luissolerasesores.com\/valenciano\/wp-json\/wp\/v2\/users\/1"}],"replies":[{"embeddable":true,"href":"https:\/\/luissolerasesores.com\/valenciano\/wp-json\/wp\/v2\/comments?post=3"}],"version-history":[{"count":5,"href":"https:\/\/luissolerasesores.com\/valenciano\/wp-json\/wp\/v2\/pages\/3\/revisions"}],"predecessor-version":[{"id":2013,"href":"https:\/\/luissolerasesores.com\/valenciano\/wp-json\/wp\/v2\/pages\/3\/revisions\/2013"}],"wp:attachment":[{"href":"https:\/\/luissolerasesores.com\/valenciano\/wp-json\/wp\/v2\/media?parent=3"}],"curies":[{"name":"wp","href":"https:\/\/api.w.org\/{rel}","templated":true}]}}