{"id":21,"date":"2026-03-18T19:19:45","date_gmt":"2026-03-18T18:19:45","guid":{"rendered":"https:\/\/luissolerasesores.com\/?page_id=21"},"modified":"2026-03-31T04:00:33","modified_gmt":"2026-03-31T02:00:33","slug":"declaracio-daccessibilitat","status":"publish","type":"page","link":"https:\/\/luissolerasesores.com\/valenciano\/declaracion-de-accesibilidad\/","title":{"rendered":"Declaraci\u00f3 d'accessibilitat"},"content":{"rendered":"<div data-elementor-type=\"wp-page\" data-elementor-id=\"21\" class=\"elementor elementor-21\" data-elementor-post-type=\"page\">\n\t\t\t\t<div class=\"elementor-element elementor-element-e1db118 e-flex e-con-boxed e-con e-parent\" data-id=\"e1db118\" data-element_type=\"container\" data-e-type=\"container\" data-settings=\"{&quot;background_background&quot;:&quot;classic&quot;}\">\n\t\t\t\t\t<div class=\"e-con-inner\">\n\t\t\t\t<div class=\"elementor-element elementor-element-a6793a7 elementor-widget elementor-widget-heading\" data-id=\"a6793a7\" data-element_type=\"widget\" data-e-type=\"widget\" data-widget_type=\"heading.default\">\n\t\t\t\t\t<h1 class=\"elementor-heading-title elementor-size-default\">Declaraci\u00f3 d'accessibilitat<\/h1>\t\t\t\t<\/div>\n\t\t\t\t\t<\/div>\n\t\t\t\t<\/div>\n\t\t<div class=\"elementor-element elementor-element-01753f8 section-xl e-flex e-con-boxed e-con e-parent\" data-id=\"01753f8\" data-element_type=\"container\" data-e-type=\"container\">\n\t\t\t\t\t<div class=\"e-con-inner\">\n\t\t\t\t<div class=\"elementor-element elementor-element-c0ee81a elementor-widget elementor-widget-text-editor\" data-id=\"c0ee81a\" data-element_type=\"widget\" data-e-type=\"widget\" data-widget_type=\"text-editor.default\">\n\t\t\t\t\t\t\t\t\t<article class=\"pp-privacidad\">\n\n  <p><strong>LUIS SOLER CONSULTANTS<\/strong> s'ha comprom\u00e8s a fer accessible el seu lloc web d'acord amb el <strong>Reial Decret 1112\/2018, de 7 de setembre<\/strong>, sobre l'accessibilitat dels llocs web i de les aplicacions m\u00f2bils, transposant a la legislaci\u00f3 espanyola el <a href=\"https:\/\/eur-lex.europa.eu\/legal-content\/ES\/TXT\/?uri=uriserv:OJ.L_.2016.327.01.0001.01.SPA\" target=\"_blank\" rel=\"noopener noreferrer nofollow\">Directiva (UE) 2016\/2102 del Parlament Europeu i del Consell<\/a>.<\/p>\n  <p>Aquesta declaraci\u00f3 d'accessibilitat s'aplica al lloc web <strong>luissolerasesores.com<\/strong>.<\/p>\n\n  <section aria-labelledby=\"ac1\">\n    <h2 id=\"ac1\">1. Estat de compliment<\/h2>\n    <p>Aquest lloc web \u00e9s <strong>En part d'acord<\/strong> amb el <a href=\"https:\/\/www.boe.es\/buscar\/act.php?id=BOE-A-2018-12699\" target=\"_blank\" rel=\"noopener noreferrer nofollow\">Reial Decret 1112\/2018<\/a> a causa de les excepcions i del incompliment dels aspectes establerts en el par\u00e0graf seg\u00fcent.<\/p>\n  <\/section>\n\n  <section aria-labelledby=\"ac2\">\n    <h2 id=\"ac2\">2. Contingut inaccessible<\/h2>\n    <p>El contingut seg\u00fcent no \u00e9s accessible per les raons seg\u00fcents:<\/p>\n\n    <h3>Incompliment del Reial Decret 1112\/2018<\/h3>\n    <ul>\n      <li>A causa de l'automatitzaci\u00f3 d'algunes publicacions, \u00e9s possible que hi hagi p\u00e0gines amb etiquetes HTML anidades incorrectament.<\/li>\n      <li>Pot haver-hi ocasionalment errors t\u00e8cnics en alguns llocs web.<\/li>\n      <li>Algunes imatges poden no tenir un text alternatiu descriptiu adequat.<\/li>\n      <li>Alguns camps de formulari pot ser que no tinguin les etiquetes correctes associades.<\/li>\n      <li>El contrast de color en certs elements secundaris pot no complir l'est\u00e0ndard m\u00ednim requerit per les WCAG 2.1 AA.<\/li>\n    <\/ul>\n\n    <h3>C\u00e0rrega desproporcionada<\/h3>\n    <p>No aplicable.<\/p>\n\n    <h3>El contingut no entra dins l'\u00e0mbit de la legislaci\u00f3 aplicable.<\/h3>\n    <p>No aplicable.<\/p>\n  <\/section>\n\n  <section aria-labelledby=\"ac3\">\n    <h2 id=\"ac3\">3. Preparaci\u00f3 d'aquesta declaraci\u00f3<\/h2>\n    <p>Aquesta declaraci\u00f3 es va preparar el <time datetime=\"2026-03-30\">30 de mar\u00e7 de 2026<\/time>.<\/p>\n    <p>El m\u00e8tode emprat per preparar aquesta declaraci\u00f3 va ser una autoavaluaci\u00f3 realitzada pel propietari del lloc web amb l'ajuda d'eines automatitzades d'an\u00e0lisi d'accessibilitat.<\/p>\n    <p>Aquesta declaraci\u00f3 es va revisar per \u00faltima vegada el <time datetime=\"2026-03-30\">30 de mar\u00e7 de 2026<\/time>.<\/p>\n  <\/section>\n\n  <section aria-labelledby=\"ac4\">\n    <h2 id=\"ac4\">4. Comentaris i dades de contacte<\/h2>\n    <p>Podeu presentar informes sobre els requisits d'accessibilitat (article 10.2 del Reial Decret 1112\/2018), com ara:<\/p>\n    <ul>\n      <li>Si us plau, notifiqueu qualsevol possible vulneraci\u00f3 d'aquest lloc web.<\/li>\n      <li>Informeu de qualsevol altra dificultat per accedir al contingut.<\/li>\n      <li>Si us plau, feu-nos saber si teniu qualsevol altra consulta o suggeriment per millorar l'accessibilitat del lloc web.<\/li>\n    <\/ul>\n    <p>Podeu contactar amb nosaltres a trav\u00e9s dels seg\u00fcents canals:<\/p>\n    <address>\n      <p><strong>Adre\u00e7a:<\/strong> Carrer Navellos, 8, 1r pis, pis 3, 46003 Val\u00e8ncia<\/p>\n      <p><strong>Tel\u00e8fon:<\/strong> <a href=\"tel:961944210\">961 944 210<\/a><\/p>\n      <p><strong>Correu electr\u00f2nic:<\/strong> <a href=\"mailto:info@luissolerasesores.com\">info@luissolerasesores.com<\/a><\/p>\n    <\/address>\n    <p>Ens comprometem a respondre en un termini m\u00e0xim de <strong>20 dies laborables<\/strong>.<\/p>\n  <\/section>\n\n  <section aria-labelledby=\"ac5\">\n    <h2 id=\"ac5\">5. Procediment d'implementaci\u00f3<\/h2>\n    <p>Si no esteu satisfet amb la resposta a la vostra consulta o sol\u00b7licitud, podeu contactar amb el <strong>Unitat d'Accessibilitat<\/strong> mitjan\u00e7ant el procediment de queixes establert per l'autoritat competent:<\/p>\n    <ul>\n      <li><a href=\"https:\/\/administracionelectronica.gob.es\/pae_Home\/pae_Estrategias\/pae_Accesibilidad\/pae_formacion\/pae_Master_Accesibilidad_para_desarrolladores.html\" target=\"_blank\" rel=\"noopener noreferrer nofollow\">Centre de Refer\u00e8ncia d'Accessibilitat \u2013 Secretaria d'Estat de Digitalitzaci\u00f3 i Intel\u00b7lig\u00e8ncia Artificial (SEDIA)<\/a><\/li>\n    <\/ul>\n  <\/section>\n\n  <section aria-labelledby=\"ac6\">\n    <h2 id=\"ac6\">6. Caracter\u00edstiques d'accessibilitat t\u00e8cnica<\/h2>\n    <p>Aquest lloc web ha estat dissenyat d'acord amb els seg\u00fcents est\u00e0ndards i caracter\u00edstiques:<\/p>\n    <ul>\n      <li>Adequat per a <strong>Pautes d'Accessibilitat al Contingut Web (<abbr title=\"Pautes d&#039;accessibilitat per al contingut web\">WCAG<\/abbr>) 2.1, grau AA<\/strong>, tal com ho defineix el World Wide Web Consortium (W3C).<\/li>\n      <li>Conforme als requisits de la norma <strong><abbr title=\"Una norma espanyola \u2013 una norma europea\">UNE-EN<\/abbr> 301549<\/strong>, tenint en compte les excepcions establertes en el Reial Decret 1112\/2018.<\/li>\n      <li>Desenvolupat amb <strong><abbr title=\"Llenguatge de Marcatge d&#039;Hipertext 5\">HTML5<\/abbr><\/strong> com a llenguatge de marcatge i <strong><abbr title=\"Fitxers d&#039;estil en cascada 3\">CSS3<\/abbr><\/strong> per al disseny visual.<\/li>\n      <li>Dissenyat per a mostrar-se correctament en dispositius d'escriptori, tauleta i m\u00f2bil amb una resoluci\u00f3 m\u00ednima de <strong>320 p\u00edxels d'amplada<\/strong>.<\/li>\n      <li>Utilitza JavaScript de manera no intrusiva; si el navegador no el suporta, el contingut principal continua sent accessible.<\/li>\n      <li>Les p\u00e0gines tenen una estructura sem\u00e0ntica aconseguida mitjan\u00e7ant l'\u00fas correcte de r\u00e8tols, llistes i regions ARIA.<\/li>\n    <\/ul>\n    <p class=\"pp-aviso\"><strong>Comprom\u00eds amb la millora cont\u00ednua:<\/strong> Estem treballant cont\u00ednuament per identificar i resoldre les barreres d'accessibilitat existents. Si trobeu cap problema mentre navegueu per aquest lloc, si us plau, feu-nos-ho saber mitjan\u00e7ant les dades de contacte proporcionades a la secci\u00f3 4.<\/p>\n  <\/section>\n\n  <footer class=\"pp-footer-note\">\n    <p>Declaraci\u00f3 redactada d'acord amb <strong>Reial Decret 1112\/2018, de 7 de setembre<\/strong>, sobre l'accessibilitat dels llocs web i les aplicacions m\u00f2bils del sector p\u00fablic.<\/p>\n    <p>\u00a9 2026 Luis Soler Asesores Limited \u00b7 <a href=\"mailto:info@luissolerasesores.com\">info@luissolerasesores.com<\/a><\/p>\n  <\/footer>\n\n<\/article>\t\t\t\t\t\t\t\t<\/div>\n\t\t\t\t\t<\/div>\n\t\t\t\t<\/div>\n\t\t\t\t<\/div>","protected":false},"excerpt":{"rendered":"<p>LUIS SOLER ASESORES se ha comprometido a hacer accesible su sitio web de conformidad con el Real Decreto 1112\/2018, de 7 de septiembre, sobre accesibilidad de los sitios web y aplicaciones para dispositivos m\u00f3viles, por el que se traspone al ordenamiento jur\u00eddico espa\u00f1ol la Directiva (UE) 2016\/2102 del Parlamento Europeo y del Consejo. La presente [&hellip;]<\/p>\n","protected":false},"author":1,"featured_media":0,"parent":0,"menu_order":0,"comment_status":"closed","ping_status":"closed","template":"","meta":{"footnotes":""},"class_list":["post-21","page","type-page","status-publish","hentry"],"_links":{"self":[{"href":"https:\/\/luissolerasesores.com\/valenciano\/wp-json\/wp\/v2\/pages\/21","targetHints":{"allow":["GET"]}}],"collection":[{"href":"https:\/\/luissolerasesores.com\/valenciano\/wp-json\/wp\/v2\/pages"}],"about":[{"href":"https:\/\/luissolerasesores.com\/valenciano\/wp-json\/wp\/v2\/types\/page"}],"author":[{"embeddable":true,"href":"https:\/\/luissolerasesores.com\/valenciano\/wp-json\/wp\/v2\/users\/1"}],"replies":[{"embeddable":true,"href":"https:\/\/luissolerasesores.com\/valenciano\/wp-json\/wp\/v2\/comments?post=21"}],"version-history":[{"count":10,"href":"https:\/\/luissolerasesores.com\/valenciano\/wp-json\/wp\/v2\/pages\/21\/revisions"}],"predecessor-version":[{"id":2026,"href":"https:\/\/luissolerasesores.com\/valenciano\/wp-json\/wp\/v2\/pages\/21\/revisions\/2026"}],"wp:attachment":[{"href":"https:\/\/luissolerasesores.com\/valenciano\/wp-json\/wp\/v2\/media?parent=21"}],"curies":[{"name":"wp","href":"https:\/\/api.w.org\/{rel}","templated":true}]}}