{"id":19,"date":"2026-03-18T19:19:32","date_gmt":"2026-03-18T18:19:32","guid":{"rendered":"https:\/\/luissolerasesores.com\/?page_id=19"},"modified":"2026-03-31T03:58:03","modified_gmt":"2026-03-31T01:58:03","slug":"politica-de-galetes","status":"publish","type":"page","link":"https:\/\/luissolerasesores.com\/valenciano\/politica-de-cookies\/","title":{"rendered":"Pol\u00edtica de galetes"},"content":{"rendered":"<div data-elementor-type=\"wp-page\" data-elementor-id=\"19\" class=\"elementor elementor-19\" data-elementor-post-type=\"page\">\n\t\t\t\t<div class=\"elementor-element elementor-element-31178db e-flex e-con-boxed e-con e-parent\" data-id=\"31178db\" data-element_type=\"container\" data-e-type=\"container\" data-settings=\"{&quot;background_background&quot;:&quot;classic&quot;}\">\n\t\t\t\t\t<div class=\"e-con-inner\">\n\t\t\t\t<div class=\"elementor-element elementor-element-45fa217 elementor-widget elementor-widget-heading\" data-id=\"45fa217\" data-element_type=\"widget\" data-e-type=\"widget\" data-widget_type=\"heading.default\">\n\t\t\t\t\t<h1 class=\"elementor-heading-title elementor-size-default\">Pol\u00edtica de galetes<\/h1>\t\t\t\t<\/div>\n\t\t\t\t\t<\/div>\n\t\t\t\t<\/div>\n\t\t<div class=\"elementor-element elementor-element-0d3f352 section-xl e-flex e-con-boxed e-con e-parent\" data-id=\"0d3f352\" data-element_type=\"container\" data-e-type=\"container\">\n\t\t\t\t\t<div class=\"e-con-inner\">\n\t\t\t\t<div class=\"elementor-element elementor-element-e629e14 elementor-widget elementor-widget-text-editor\" data-id=\"e629e14\" data-element_type=\"widget\" data-e-type=\"widget\" data-widget_type=\"text-editor.default\">\n\t\t\t\t\t\t\t\t\t<article class=\"pp-privacidad\">\n\n  <p>Aquest lloc web utilitza galetes pr\u00f2pies i de tercers per millorar la vostra experi\u00e8ncia de navegaci\u00f3, permetre-us compartir contingut a les xarxes socials i permetre'ns recopilar estad\u00edstiques d'usuari. \u00c9s molt important que llegiu aquesta pol\u00edtica de galetes i entengueu que, si continueu navegant, assumirem que hi consentiu.<\/p>\n\n  <section aria-labelledby=\"s1\">\n    <h2 id=\"s1\">\u00d2rgan responsable<\/h2>\n    <p>L'entitat responsable de la recollida, el tractament i l'\u00fas de les seves dades personals, a l'empara de la Llei de Protecci\u00f3 de Dades Personals, \u00e9s el lloc web. <strong>LUIS SOLER CONSULTANTS<\/strong>, propietat de <strong>LUIS ALBERTO SOLER CARRATALA<\/strong>.<\/p>\n    <address>\n      <p><strong>Adre\u00e7a:<\/strong> Carrer Navellos, 8, 1r pis, pis 3, 46003 Val\u00e8ncia<\/p>\n      <p><strong>Correu electr\u00f2nic:<\/strong> <a href=\"mailto:info@luissolerasesores.com\">info@luissolerasesores.com<\/a><\/p>\n    <\/address>\n  <\/section>\n\n  <section aria-labelledby=\"s2\">\n    <h2 id=\"s2\">Qu\u00e8 s\u00f3n les galetes?<\/h2>\n    <p>Les galetes s\u00f3n petits fitxers de text que un servidor col\u00b7loca al navegador d'un usuari per recollir informaci\u00f3 est\u00e0ndard del registre d'internet i dades sobre el comportament dels visitants en un lloc web. Aquests fitxers s'emmagatzemen al disc dur de l'ordinador i s'utilitzen per identificar l'usuari quan torna al lloc web.<\/p>\n    <p>S'utilitzen habitualment i sovint a la web, ja que permeten que els llocs web funcionin de manera m\u00e9s eficient i ofereixen una major personalitzaci\u00f3 i informaci\u00f3 sobre el comportament dels usuaris.<\/p>\n  <\/section>\n\n  <section aria-labelledby=\"s3\">\n    <h2 id=\"s3\">Quins tipus de galetes hi ha?<\/h2>\n    <p>Les galetes utilitzades al nostre lloc web s\u00f3n galetes de sessi\u00f3 i galetes de tercers; ens permeten emmagatzemar i accedir a informaci\u00f3 sobre l'idioma, el tipus de navegador utilitzat i altres prefer\u00e8ncies generals de l'usuari, aix\u00ed com fer el seguiment i analitzar la vostra activitat al lloc.<\/p>\n    <p>Segons la seva durada, les galetes es poden dividir en <strong>Cookies de sessi\u00f3<\/strong> \u2014que caduquen quan l'usuari tanca el navegador\u2014 i <strong>cookies persistents<\/strong> \u2014que caduquen un cop s'ha complert el prop\u00f2sit per al qual es van crear o quan s'eliminen manualment\u2014.<\/p>\n\n    <h3>Cookies utilitzades en aquest lloc web<\/h3>\n    <div class=\"table-wrap\">\n      <table>\n        <thead>\n          <tr>\n            <th>Nom<\/th>\n            <th>Tipus<\/th>\n            <th>Data de caducitat<\/th>\n            <th>Prop\u00f2sit<\/th>\n            <th>Classe<\/th>\n          <\/tr>\n        <\/thead>\n        <tbody>\n          <tr>\n            <td>__utma<\/td>\n            <td>Tercers (Google Analytics)<\/td>\n            <td>2 anys<\/td>\n            <td>S'utilitza per distingir entre usuaris i sessions.<\/td>\n            <td>No exempt<\/td>\n          <\/tr>\n          <tr>\n            <td>__utmb<\/td>\n            <td>Tercers (Google Analytics)<\/td>\n            <td>30 minuts<\/td>\n            <td>S'utilitza per identificar noves sessions o visites.<\/td>\n            <td>No exempt<\/td>\n          <\/tr>\n          <tr>\n            <td>__utmc<\/td>\n            <td>Tercers (Google Analytics)<\/td>\n            <td>Al final de la sessi\u00f3<\/td>\n            <td>Est\u00e0 configurat per a l'\u00fas amb Urchin.<\/td>\n            <td>No exempt<\/td>\n          <\/tr>\n          <tr>\n            <td>__utmz<\/td>\n            <td>Tercers (Google Analytics)<\/td>\n            <td>6 mesos<\/td>\n            <td>Emmagatzema la font o la campanya que explica com l'usuari ha arribat al lloc web.<\/td>\n            <td>No exempt<\/td>\n          <\/tr>\n        <\/tbody>\n      <\/table>\n    <\/div>\n\n    <h3>Classificaci\u00f3 per objectiu<\/h3>\n    <ul>\n      <li><strong>Cookies de rendiment:<\/strong> recorden les prefer\u00e8ncies de l'usuari per a les funcions dins dels serveis, com ara la configuraci\u00f3 del volum, la velocitat de reproducci\u00f3 de v\u00eddeo o els articles guardats a la cistella de la compra.<\/li>\n      <li><strong>Cookies de geolocalitzaci\u00f3:<\/strong> S'utilitzen per determinar en quin pa\u00eds es troba l'usuari quan sol\u00b7licita un servei. S\u00f3n completament an\u00f2nims i nom\u00e9s s'utilitzen per adaptar el contingut a la seva ubicaci\u00f3.<\/li>\n      <li><strong>Cookies de sessi\u00f3:<\/strong> S'generen un cop l'usuari s'ha registrat o iniciat la sessi\u00f3, i s'utilitzen per mantenir l'usuari iniciat a les sessions dels serveis i per verificar si est\u00e0 autoritzat a accedir a determinats continguts.<\/li>\n      <li><strong>Cookies d'an\u00e0lisi:<\/strong> permetre la identificaci\u00f3 an\u00f2nima dels visitants del lloc web, proporcionar un recompte aproximat del nombre de visitants, identificar el contingut m\u00e9s vist i determinar si un usuari \u00e9s un visitant nou o un visitant recurrent.<\/li>\n      <li><strong>Cookies publicit\u00e0ries:<\/strong> permetre l'expansi\u00f3 de la informaci\u00f3 sobre els anuncis que es mostren a cada usuari an\u00f2nim, emmagatzemant la durada o la freq\u00fc\u00e8ncia de les visualitzacions dels anuncis i els patrons de navegaci\u00f3 de l'usuari.<\/li>\n      <li><strong>Cookies publicit\u00e0ries de tercers:<\/strong> Tercers (\u00abservidors d'anuncis\u00bb) poden emmagatzemar galetes enviades des dels serveis de LUIS ALBERTO SOLER CARRATALA. La plataforma actualment utilitzada \u00e9s <strong>DoubleClick (Google)<\/strong> per gestionar aquests serveis. Per a m\u00e9s informaci\u00f3, visiteu <a href=\"http:\/\/www.google.es\/policies\/privacy\/ads\/\" target=\"_blank\" rel=\"noopener nofollow\">google.co.uk\/policies\/privacy\/ads<\/a>.<\/li>\n    <\/ul>\n  <\/section>\n\n  <section aria-labelledby=\"s4\">\n    <h2 id=\"s4\">Com puc desactivar les galetes al meu navegador?<\/h2>\n    <p>Podeu configurar el vostre navegador perqu\u00e8 us notifiqui quan es rebin galetes i, si ho desitgeu, impedir que s'emmagatzemin al vostre dispositiu. Per a m\u00e9s informaci\u00f3, consulteu les instruccions del vostre navegador:<\/p>\n    <ul>\n      <li><a href=\"https:\/\/support.google.com\/chrome\/answer\/95647?hl=es\" target=\"_blank\" rel=\"noopener nofollow\">Google Chrome<\/a><\/li>\n      <li><a href=\"http:\/\/windows.microsoft.com\/es-es\/windows-vista\/cookies-frequently-asked-questions\" target=\"_blank\" rel=\"noopener nofollow\">Internet Explorer<\/a><\/li>\n      <li><a href=\"http:\/\/support.mozilla.org\/es\/kb\/habilitar-y-deshabilitar-cookies-que-los-sitios-we\" target=\"_blank\" rel=\"noopener nofollow\">Mozilla Firefox<\/a><\/li>\n      <li><a href=\"http:\/\/www.apple.com\/es\/privacy\/use-of-cookies\/\" target=\"_blank\" rel=\"noopener nofollow\">Safari<\/a><\/li>\n      <li><a href=\"http:\/\/help.opera.com\/Windows\/11.50\/es-ES\/cookies.html\" target=\"_blank\" rel=\"noopener nofollow\">\u00d2pera<\/a><\/li>\n    <\/ul>\n    <p>Si voleu desactivar el seguiment de Google Analytics, visiteu: <a href=\"http:\/\/tools.google.com\/dlpage\/gaoptout\" target=\"_blank\" rel=\"noopener nofollow\">tools.google.com\/dlpage\/gaoptout<\/a>.<\/p>\n  <\/section>\n\n  <section aria-labelledby=\"s5\">\n    <h2 id=\"s5\">Per saber-ne m\u00e9s sobre les galetes<\/h2>\n    <ul>\n      <li><a href=\"http:\/\/www.youronlinechoices.com\/es\/\" target=\"_blank\" rel=\"noopener nofollow\">Publicitat en l\u00ednia conductual i privacitat en l\u00ednia<\/a><\/li>\n      <li><a href=\"http:\/\/www.google.com\/analytics\/learn\/privacy.html\" target=\"_blank\" rel=\"noopener nofollow\">Protecci\u00f3 de dades de Google Analytics<\/a><\/li>\n      <li><a href=\"https:\/\/developers.google.com\/analytics\/devguides\/collection\/analyticsjs\/cookie-usage?hl=es#analyticsjs\" target=\"_blank\" rel=\"noopener nofollow\">Com utilitza les galetes Google Analytics<\/a><\/li>\n    <\/ul>\n  <\/section>\n\n  <section aria-labelledby=\"s6\">\n    <h2 id=\"s6\">Actualitzacions i canvis a la pol\u00edtica de galetes<\/h2>\n    <p>Els llocs web de LUIS ALBERTO SOLER CARRATALA poden modificar aquesta Pol\u00edtica de galetes d'acord amb els requisits legislatius o normatius, o per tal d'adaptar la pol\u00edtica a les directrius emeses per l'Ag\u00e8ncia Espanyola de Protecci\u00f3 de Dades. Es recomana als usuaris que la consulten regularment.<\/p>\n    <p>Quan hi hagi canvis significatius en aquesta Pol\u00edtica de galetes, s'informar\u00e0 els usuaris mitjan\u00e7ant el lloc web o per correu electr\u00f2nic als usuaris registrats.<\/p>\n  <\/section>\n\n  <footer class=\"pp-footer-note\">\n    <p>Document redactat d'acord amb <strong>Article 22.2 de la Llei 34\/2002, d'11 de juliol, de serveis de la societat de la informaci\u00f3 i de comer\u00e7 electr\u00f2nic (LSSI-CE)<\/strong>.<\/p>\n    <p>\u00a9 2026 Luis Soler Asesores Limited \u00b7 <a href=\"mailto:info@luissolerasesores.com\">info@luissolerasesores.com<\/a><\/p>\n  <\/footer>\n\n<\/article>\t\t\t\t\t\t\t\t<\/div>\n\t\t\t\t\t<\/div>\n\t\t\t\t<\/div>\n\t\t\t\t<\/div>","protected":false},"excerpt":{"rendered":"<p>En esta web se utilizan cookies de terceros y propias para conseguir que tengas una mejor experiencia de navegaci\u00f3n, puedas compartir contenido en redes sociales y para que podamos obtener estad\u00edsticas de los usuarios. Es muy importante que leas la presente pol\u00edtica de cookies y comprendas que, si contin\u00faas navegando, consideraremos que aceptas su uso. [&hellip;]<\/p>\n","protected":false},"author":1,"featured_media":0,"parent":0,"menu_order":0,"comment_status":"closed","ping_status":"closed","template":"","meta":{"footnotes":""},"class_list":["post-19","page","type-page","status-publish","hentry"],"_links":{"self":[{"href":"https:\/\/luissolerasesores.com\/valenciano\/wp-json\/wp\/v2\/pages\/19","targetHints":{"allow":["GET"]}}],"collection":[{"href":"https:\/\/luissolerasesores.com\/valenciano\/wp-json\/wp\/v2\/pages"}],"about":[{"href":"https:\/\/luissolerasesores.com\/valenciano\/wp-json\/wp\/v2\/types\/page"}],"author":[{"embeddable":true,"href":"https:\/\/luissolerasesores.com\/valenciano\/wp-json\/wp\/v2\/users\/1"}],"replies":[{"embeddable":true,"href":"https:\/\/luissolerasesores.com\/valenciano\/wp-json\/wp\/v2\/comments?post=19"}],"version-history":[{"count":4,"href":"https:\/\/luissolerasesores.com\/valenciano\/wp-json\/wp\/v2\/pages\/19\/revisions"}],"predecessor-version":[{"id":2020,"href":"https:\/\/luissolerasesores.com\/valenciano\/wp-json\/wp\/v2\/pages\/19\/revisions\/2020"}],"wp:attachment":[{"href":"https:\/\/luissolerasesores.com\/valenciano\/wp-json\/wp\/v2\/media?parent=19"}],"curies":[{"name":"wp","href":"https:\/\/api.w.org\/{rel}","templated":true}]}}