{"id":17,"date":"2026-03-18T19:19:23","date_gmt":"2026-03-18T18:19:23","guid":{"rendered":"https:\/\/luissolerasesores.com\/?page_id=17"},"modified":"2026-03-31T03:54:47","modified_gmt":"2026-03-31T01:54:47","slug":"aviso-legal","status":"publish","type":"page","link":"https:\/\/luissolerasesores.com\/valenciano\/aviso-legal\/","title":{"rendered":"Av\u00eds legal"},"content":{"rendered":"<div data-elementor-type=\"wp-page\" data-elementor-id=\"17\" class=\"elementor elementor-17\" data-elementor-post-type=\"page\">\n\t\t\t\t<div class=\"elementor-element elementor-element-a71046f e-flex e-con-boxed e-con e-parent\" data-id=\"a71046f\" data-element_type=\"container\" data-e-type=\"container\" data-settings=\"{&quot;background_background&quot;:&quot;classic&quot;}\">\n\t\t\t\t\t<div class=\"e-con-inner\">\n\t\t\t\t<div class=\"elementor-element elementor-element-196b23c elementor-widget elementor-widget-heading\" data-id=\"196b23c\" data-element_type=\"widget\" data-e-type=\"widget\" data-widget_type=\"heading.default\">\n\t\t\t\t\t<h1 class=\"elementor-heading-title elementor-size-default\">Av\u00eds legal<\/h1>\t\t\t\t<\/div>\n\t\t\t\t\t<\/div>\n\t\t\t\t<\/div>\n\t\t<div class=\"elementor-element elementor-element-c453dbe section-xl e-flex e-con-boxed e-con e-parent\" data-id=\"c453dbe\" data-element_type=\"container\" data-e-type=\"container\">\n\t\t\t\t\t<div class=\"e-con-inner\">\n\t\t\t\t<div class=\"elementor-element elementor-element-1a92773 elementor-widget elementor-widget-text-editor\" data-id=\"1a92773\" data-element_type=\"widget\" data-e-type=\"widget\" data-widget_type=\"text-editor.default\">\n\t\t\t\t\t\t\t\t\t<article class=\"pp-privacidad\">\n\n  <p>En cumplimiento con el deber de informaci\u00f3n recogido en la Ley 34\/2002, de 11 de julio, de Servicios de la Sociedad de la Informaci\u00f3n y de Comercio Electr\u00f3nico (LSSI-CE), se facilitan los siguientes datos sobre el titular del sitio web.<\/p>\n\n  <section aria-labelledby=\"s1\">\n    <h2 id=\"s1\">Informaci\u00f3n general<\/h2>\n    <p>El Titular del dominio web <strong>luissolerasesores.com<\/strong> es: <strong>LUIS SOLER ASESORES SOCIEDAD LIMITADA<\/strong> con NIF B16466476, cuyos datos de contacto son:<\/p>\n    <address>\n      <p><strong>Adre\u00e7a:<\/strong> Calle Navellos n\u00famero 8, piso 3, puerta 15<\/p>\n      <p><strong>Tel\u00e8fon:<\/strong> <a href=\"tel:961944210\">961 944 210<\/a><\/p>\n      <p><strong>Correu electr\u00f2nic:<\/strong> <a href=\"mailto:info@luissolerasesores.com\">info@luissolerasesores.com<\/a><\/p>\n    <\/address>\n  <\/section>\n\n  <section aria-labelledby=\"s2\">\n    <h2 id=\"s2\">Requisitos de uso<\/h2>\n    <p>El Sitio Web y sus Servicios est\u00e1n \u00fanicamente disponibles para las personas que puedan celebrar contratos legalmente vinculantes, seg\u00fan lo establecido por las leyes aplicables. Las personas que sean mayores de edad y puedan celebrar contratos conforme a las leyes respectivas, pueden utilizar el Sitio Web y sus Servicios. Las personas que sean menores de edad y\/o no puedan celebrar contratos, de acuerdo a las leyes correspondientes, no pueden utilizar el Sitio Web y sus Servicios.<\/p>\n  <\/section>\n\n  <section aria-labelledby=\"s3\">\n    <h2 id=\"s3\">Usuarios<\/h2>\n    <p>El acceso o uso del Sitio Web le atribuye la condici\u00f3n de Usuario, aceptando as\u00ed los t\u00e9rminos y condiciones generales de uso. El acceso al Sitio Web por el Usuario es de car\u00e1cter libre y sin que el Usuario tenga que proporcionar alguna contraprestaci\u00f3n al Sitio Web para acceder. La utilizaci\u00f3n de alguno de los contenidos o servicios del Sitio Web podr\u00e1 hacerse mediante la suscripci\u00f3n o registro previo del usuario.<\/p>\n    <p>El Usuario es el responsable de revisar peri\u00f3dicamente este Aviso Legal para informarse de sus modificaciones, cambios o actualizaciones.<\/p>\n  <\/section>\n\n  <section aria-labelledby=\"s4\">\n    <h2 id=\"s4\">Aceptaci\u00f3n<\/h2>\n    <p>El Usuario declara que tiene plena capacidad legal para contratar y obligarse por este Aviso Legal. El Usuario declara que al acceder, navegar o utilizar el Sitio Web y sus servicios, ha aceptado expresamente este Aviso Legal en su totalidad.<\/p>\n  <\/section>\n\n  <section aria-labelledby=\"s5\">\n    <h2 id=\"s5\">T\u00e9rminos y condiciones<\/h2>\n    <p>El acceso o utilizaci\u00f3n de parte o todos los contenidos del Sitio Web y sus servicios, significa la plena aceptaci\u00f3n de las presentes condiciones de uso. El Titular del Sitio Web tiene la facultad de modificar las condiciones generales de uso de este en cualquier momento. En consecuencia, se recomienda consultar peri\u00f3dicamente el presente Aviso Legal.<\/p>\n    <p><strong>Objeto del Sitio Web y sus Servicios:<\/strong> El Titular del Sitio Web ofrece los siguientes servicios: <strong>Asesor\u00eda Fiscal, Contable y Laboral<\/strong>.<\/p>\n    <p><strong>Obligaciones del Usuario:<\/strong> El Usuario deber\u00e1 respetar en todo momento los t\u00e9rminos y condiciones establecidos en este Aviso Legal. El Usuario manifiesta que utilizar\u00e1 el Sitio Web de forma diligente y asumiendo cualquier responsabilidad que pudiera derivarse del incumplimiento del presente Aviso Legal y de cualquier norma que sea aplicable.<\/p>\n    <p>El Titular del Sitio Web se reserva el derecho a retirar todo comentario o aportaci\u00f3n que pueda vulnerar la ley o ir en contra de la dignidad humana. El Titular no se har\u00e1 responsable de las opiniones vertidas por los usuarios en el Sitio Web.<\/p>\n    <p>El Usuario no podr\u00e1 utilizar el Sitio Web para actividades contrarias a la ley u orden p\u00fablico. Queda prohibida la difusi\u00f3n, almacenamiento o gesti\u00f3n de datos o contenidos que infrinjan las normativas reguladoras de derechos de propiedad intelectual e industrial.<\/p>\n    <ul>\n      <li>El Usuario se obliga a no falsear su identidad haci\u00e9ndose pasar por cualquier otra persona.<\/li>\n      <li>La utilizaci\u00f3n del Sitio Web ser\u00e1 siempre con fines personales, privados y particulares.<\/li>\n      <li>El Usuario se obliga a indemnizar al Titular por cualquier da\u00f1o, perjuicio, sanci\u00f3n, multa, pena o indemnizaci\u00f3n derivada de su comportamiento.<\/li>\n    <\/ul>\n    <p>El Titular del Sitio Web se reserva la facultad de presentar acciones civiles o penales por la utilizaci\u00f3n indebida del Sitio Web y sus contenidos.<\/p>\n    <p><strong>Responsabilidad:<\/strong> El Titular del Sitio Web no garantiza la disponibilidad continua y permanente del Sitio Web y sus Servicios, ni se responsabiliza de posibles omisiones, p\u00e9rdidas de informaci\u00f3n, accesos indebidos o vulneraci\u00f3n de la confidencialidad que tengan origen en problemas t\u00e9cnicos, de comunicaciones u omisiones humanas causadas por terceros. Tampoco se responsabilizar\u00e1 de los da\u00f1os generados por ataques inform\u00e1ticos o virus que afecten al Sitio Web.<\/p>\n  <\/section>\n\n  <section aria-labelledby=\"s6\">\n    <h2 id=\"s6\">Propiedad intelectual e industrial<\/h2>\n    <p>El Usuario acepta que todos los derechos de autor y de propiedad intelectual correspondientes al texto, software, contenidos, fotograf\u00edas, material audiovisual, gr\u00e1ficos, invenciones, patentes, marcas comerciales, logotipos, secretos comerciales, nombres de dominio y know-how del Sitio Web son propiedad exclusiva del Titular del Sitio Web.<\/p>\n    <p>El Usuario se obliga a no reproducir ni divulgar ni utilizar para su propio beneficio o en beneficio de terceros, en forma alguna directa o indirecta, la Propiedad Intelectual perteneciente al Titular del Sitio Web.<\/p>\n  <\/section>\n\n  <section aria-labelledby=\"s7\">\n    <h2 id=\"s7\">Pol\u00edtica de privacitat<\/h2>\n    <p>En cumplimiento de lo dispuesto en la Ley Org\u00e1nica 3\/2018, de 5 de diciembre, de Protecci\u00f3n de Datos Personales y garant\u00eda de los derechos digitales, el Usuario podr\u00e1 ejercer los siguientes derechos respecto al tratamiento de sus Datos Personales:<\/p>\n    <ul>\n      <li>Derecho de acceso.<\/li>\n      <li>Derecho de rectificaci\u00f3n.<\/li>\n      <li>Derecho de supresi\u00f3n.<\/li>\n      <li>Derecho a la limitaci\u00f3n del tratamiento.<\/li>\n      <li>Derecho a la portabilidad.<\/li>\n      <li>Derecho de oposici\u00f3n.<\/li>\n    <\/ul>\n    <p>Para realizar cualquier solicitud relacionada con los derechos previamente enunciados, el Usuario podr\u00e1 enviar un correo electr\u00f3nico a: <a href=\"mailto:info@luissolerasesores.com\">info@luissolerasesores.com<\/a>.<\/p>\n    <p>El Titular del Sitio Web \u00fanicamente utilizar\u00e1 los Datos Personales del Usuario con el objeto de proporcionar los Servicios descritos en el presente Aviso Legal. El Titular no vende, ni alquila, ni cede los Datos Personales del Usuario a terceros sin el consentimiento previo del Usuario.<\/p>\n    <p>El Titular se compromete a respetar la confidencialidad de los Datos Personales del Usuario. Los datos solo ser\u00e1n utilizados con la finalidad de gestionar los servicios ofrecidos, atender a solicitudes realizadas por el propio Usuario, realizar tareas administrativas o remitir informaci\u00f3n t\u00e9cnica, comercial o publicitaria.<\/p>\n    <p>El Usuario podr\u00e1 en cualquier momento revocar su consentimiento y dejar de utilizar el Sitio Web y sus Servicios. La revocaci\u00f3n del consentimiento en ning\u00fan caso tendr\u00e1 efectos retroactivos.<\/p>\n  <\/section>\n\n  <section aria-labelledby=\"s8\">\n    <h2 id=\"s8\">Pol\u00edtica de galetes<\/h2>\n    <p>El Titular del Sitio Web informa de su pol\u00edtica de cookies, cumpliendo as\u00ed con lo previsto en el art\u00edculo 22.2 de la Ley 34\/2002 y con el art\u00edculo 6.1 de la Ley Org\u00e1nica 3\/2018.<\/p>\n    <p>El Titular puede utilizar cookies propias o a trav\u00e9s de un tercero para prestaci\u00f3n de servicios de medici\u00f3n. Por tal motivo, el Usuario da su consentimiento expreso para la utilizaci\u00f3n de cookies en su dispositivo cuando navegue por el Sitio Web.<\/p>\n    <p>Una cookie es un fichero que se descarga en el ordenador u otro dispositivo del Usuario al acceder a determinadas p\u00e1ginas web. Las cookies permiten al Sitio Web almacenar informaci\u00f3n sobre los h\u00e1bitos de navegaci\u00f3n del Usuario con el fin de facilitar su pr\u00f3xima visita y hacer que el Sitio Web le resulte m\u00e1s \u00fatil.<\/p>\n    <p>El Usuario tiene la posibilidad de configurar su navegador para ser avisado de la recepci\u00f3n de cookies y para impedir su instalaci\u00f3n. Para m\u00e1s informaci\u00f3n puede visitar: <a href=\"http:\/\/www.allaboutcookies.org\" target=\"_blank\" rel=\"noopener nofollow\">www.allaboutcookies.org<\/a>.<\/p>\n  <\/section>\n\n  <section aria-labelledby=\"s9\">\n    <h2 id=\"s9\">Solicitudes del usuario<\/h2>\n    <address>\n      <p>Para cualquier solicitud o reclamo relacionado con este Sitio Web y sus Servicios:<\/p>\n      <p><strong>Correu electr\u00f2nic:<\/strong> <a href=\"mailto:info@luissolerasesores.com\">info@luissolerasesores.com<\/a><\/p>\n      <p><strong>Adre\u00e7a:<\/strong> Calle Navellos n\u00famero 8, piso 3, puerta 15<\/p>\n    <\/address>\n  <\/section>\n\n  <section aria-labelledby=\"s10\">\n    <h2 id=\"s10\">Legislaci\u00f3n y jurisdicci\u00f3n<\/h2>\n    <p>El presente Aviso Legal est\u00e1 regido por las leyes vigentes en Espa\u00f1a. Cualquier controversia derivada de este Aviso Legal, incluyendo cualquier disputa relacionada con su existencia, validez, interpretaci\u00f3n, alcance o cumplimiento, deber\u00e1 ser sometida en forma exclusiva a las leyes aplicables en esa jurisdicci\u00f3n.<\/p>\n    <p>Para la interpretaci\u00f3n, cumplimiento y ejecuci\u00f3n de este Aviso Legal, el Usuario y el Titular se someten expresamente a la Jurisdicci\u00f3n de los Tribunales de Espa\u00f1a, renunciando a cualquier fuero que en raz\u00f3n de su domicilio presente o futuro pudiera corresponderles.<\/p>\n  <\/section>\n\n  <footer class=\"pp-footer-note\">\n    <p>Documento elaborado conforme a la <strong>Ley 34\/2002, de 11 de julio, de Servicios de la Sociedad de la Informaci\u00f3n y de Comercio Electr\u00f3nico (LSSI-CE)<\/strong> i el <strong>Llei Org\u00e0nica 3\/2018, de 5 de desembre, de Protecci\u00f3 de Dades Personals i Garantia dels Drets Digitals (LOPDGDD)<\/strong>.<\/p>\n    <p>\u00a9 2026 Luis Soler Asesores Sociedad Limitada \u00b7 NIF B16466476<\/p>\n  <\/footer>\n\n<\/article>\t\t\t\t\t\t\t\t<\/div>\n\t\t\t\t\t<\/div>\n\t\t\t\t<\/div>\n\t\t\t\t<\/div>","protected":false},"excerpt":{"rendered":"<p>En cumplimiento con el deber de informaci\u00f3n recogido en la Ley 34\/2002, de 11 de julio, de Servicios de la Sociedad de la Informaci\u00f3n y de Comercio Electr\u00f3nico (LSSI-CE), se facilitan los siguientes datos sobre el titular del sitio web. Informaci\u00f3n general El Titular del dominio web luissolerasesores.com es: LUIS SOLER ASESORES SOCIEDAD LIMITADA con [&hellip;]<\/p>\n","protected":false},"author":1,"featured_media":0,"parent":0,"menu_order":0,"comment_status":"closed","ping_status":"closed","template":"","meta":{"footnotes":""},"class_list":["post-17","page","type-page","status-publish","hentry"],"_links":{"self":[{"href":"https:\/\/luissolerasesores.com\/valenciano\/wp-json\/wp\/v2\/pages\/17","targetHints":{"allow":["GET"]}}],"collection":[{"href":"https:\/\/luissolerasesores.com\/valenciano\/wp-json\/wp\/v2\/pages"}],"about":[{"href":"https:\/\/luissolerasesores.com\/valenciano\/wp-json\/wp\/v2\/types\/page"}],"author":[{"embeddable":true,"href":"https:\/\/luissolerasesores.com\/valenciano\/wp-json\/wp\/v2\/users\/1"}],"replies":[{"embeddable":true,"href":"https:\/\/luissolerasesores.com\/valenciano\/wp-json\/wp\/v2\/comments?post=17"}],"version-history":[{"count":13,"href":"https:\/\/luissolerasesores.com\/valenciano\/wp-json\/wp\/v2\/pages\/17\/revisions"}],"predecessor-version":[{"id":2016,"href":"https:\/\/luissolerasesores.com\/valenciano\/wp-json\/wp\/v2\/pages\/17\/revisions\/2016"}],"wp:attachment":[{"href":"https:\/\/luissolerasesores.com\/valenciano\/wp-json\/wp\/v2\/media?parent=17"}],"curies":[{"name":"wp","href":"https:\/\/api.w.org\/{rel}","templated":true}]}}