{"id":3,"date":"2026-03-17T21:29:05","date_gmt":"2026-03-17T21:29:05","guid":{"rendered":"https:\/\/luissolerasesores.com\/?page_id=3"},"modified":"2026-03-31T03:54:41","modified_gmt":"2026-03-31T01:54:41","slug":"politica-de-privacidad","status":"publish","type":"page","link":"https:\/\/luissolerasesores.com\/it\/politica-de-privacidad\/","title":{"rendered":"Informativa sulla privacy"},"content":{"rendered":"<div data-elementor-type=\"wp-page\" data-elementor-id=\"3\" class=\"elementor elementor-3\" data-elementor-post-type=\"page\">\n\t\t\t\t<div class=\"elementor-element elementor-element-698b3bb e-flex e-con-boxed e-con e-parent\" data-id=\"698b3bb\" data-element_type=\"container\" data-e-type=\"container\" data-settings=\"{&quot;background_background&quot;:&quot;classic&quot;}\">\n\t\t\t\t\t<div class=\"e-con-inner\">\n\t\t\t\t<div class=\"elementor-element elementor-element-c30eb59 elementor-widget elementor-widget-heading\" data-id=\"c30eb59\" data-element_type=\"widget\" data-e-type=\"widget\" data-widget_type=\"heading.default\">\n\t\t\t\t\t<h1 class=\"elementor-heading-title elementor-size-default\">Informativa sulla privacy<\/h1>\t\t\t\t<\/div>\n\t\t\t\t\t<\/div>\n\t\t\t\t<\/div>\n\t\t<div class=\"elementor-element elementor-element-f2e17ad section-xl e-flex e-con-boxed e-con e-parent\" data-id=\"f2e17ad\" data-element_type=\"container\" data-e-type=\"container\">\n\t\t\t\t\t<div class=\"e-con-inner\">\n\t\t\t\t<div class=\"elementor-element elementor-element-6402571 elementor-widget elementor-widget-text-editor\" data-id=\"6402571\" data-element_type=\"widget\" data-e-type=\"widget\" data-widget_type=\"text-editor.default\">\n\t\t\t\t\t\t\t\t\t<article class=\"pp-privacidad\">\n\n  <p>Respetando lo establecido en la legislaci\u00f3n vigente, <strong>LUIS SOLER ASESORES<\/strong> se compromete a adoptar las medidas t\u00e9cnicas y organizativas necesarias, seg\u00fan el nivel de seguridad adecuado al riesgo de los datos recogidos.<\/p>\n\n  <section aria-labelledby=\"s1\">\n    <h2 id=\"s1\">I. Pol\u00edtica de privacidad y protecci\u00f3n de datos<\/h2>\n\n    <section aria-labelledby=\"s1-1\">\n      <h3 id=\"s1-1\">Leyes que incorpora esta pol\u00edtica de privacidad<\/h3>\n      <p>Esta pol\u00edtica de privacidad est\u00e1 adaptada a la normativa espa\u00f1ola y europea vigente en materia de protecci\u00f3n de datos personales en internet. En concreto, respeta las siguientes normas:<\/p>\n      <ul>\n        <li>El <strong>Reglamento (UE) 2016\/679<\/strong> del Parlamento Europeo y del Consejo, de 27 de abril de 2016, relativo a la protecci\u00f3n de las personas f\u00edsicas en lo que respecta al tratamiento de datos personales y a la libre circulaci\u00f3n de estos datos (RGPD).<\/li>\n        <li>La <strong>Ley Org\u00e1nica 3\/2018, de 5 de diciembre<\/strong>, de Protecci\u00f3n de Datos Personales y garant\u00eda de los derechos digitales (LOPD-GDD).<\/li>\n        <li>El <strong>Real Decreto 1720\/2007, de 21 de diciembre<\/strong>, por el que se aprueba el Reglamento de desarrollo de la Ley Org\u00e1nica 15\/1999, de 13 de diciembre, de Protecci\u00f3n de Datos de Car\u00e1cter Personal (RDLOPD).<\/li>\n        <li>La <strong>Ley 34\/2002, de 11 de julio<\/strong>, de Servicios de la Sociedad de la Informaci\u00f3n y de Comercio Electr\u00f3nico (LSSI-CE).<\/li>\n      <\/ul>\n    <\/section>\n\n    <section aria-labelledby=\"s1-2\">\n      <h3 id=\"s1-2\">Identidad del responsable del tratamiento<\/h3>\n      <p>El responsable del tratamiento de los datos personales recogidos en LUIS SOLER ASESORES es: <strong>Luis Alberto Soler Carratala<\/strong>, con NIF: 53604723A.<\/p>\n      <address>\n        <p><strong>Direcci\u00f3n:<\/strong> C\/ Navellos n\u00famero 8, piso 1, puerta 3, 46003 Val\u00e8ncia<\/p>\n        <p><strong>Tel\u00e9fono:<\/strong> <a href=\"tel:961944210\">961 944 210<\/a><\/p>\n        <p><strong>E-mail:<\/strong> <a href=\"mailto:info@luissolerasesores.com\">info@luissolerasesores.com<\/a><\/p>\n      <\/address>\n    <\/section>\n\n    <section aria-labelledby=\"s1-3\">\n      <h3 id=\"s1-3\">Registro de datos de car\u00e1cter personal<\/h3>\n      <p>En cumplimiento de lo establecido en el RGPD y la LOPD-GDD, le informamos que los datos personales recabados por LUIS SOLER ASESORES mediante los formularios extendidos en sus p\u00e1ginas quedar\u00e1n incorporados y ser\u00e1n tratados en nuestros ficheros con el fin de poder facilitar, agilizar y cumplir los compromisos establecidos entre LUIS SOLER ASESORES y el Usuario, o para atender una solicitud o consulta del mismo.<\/p>\n    <\/section>\n\n    <section aria-labelledby=\"s1-4\">\n      <h3 id=\"s1-4\">Principios aplicables al tratamiento de los datos personales<\/h3>\n      <p>El tratamiento de los datos personales del Usuario se someter\u00e1 a los siguientes principios recogidos en el art\u00edculo 5 del RGPD y en el art\u00edculo 4 y siguientes de la Ley Org\u00e1nica 3\/2018:<\/p>\n      <ul>\n        <li><strong>Licitud, lealtad y transparencia:<\/strong> se requerir\u00e1 en todo momento el consentimiento del Usuario previa informaci\u00f3n completamente transparente de los fines para los cuales se recogen los datos personales.<\/li>\n        <li><strong>Limitaci\u00f3n de la finalidad:<\/strong> los datos personales ser\u00e1n recogidos con fines determinados, expl\u00edcitos y leg\u00edtimos.<\/li>\n        <li><strong>Minimizaci\u00f3n de datos:<\/strong> los datos personales recogidos ser\u00e1n \u00fanicamente los estrictamente necesarios en relaci\u00f3n con los fines para los que son tratados.<\/li>\n        <li><strong>Exactitud:<\/strong> los datos personales deben ser exactos y estar siempre actualizados.<\/li>\n        <li><strong>Limitaci\u00f3n del plazo de conservaci\u00f3n:<\/strong> los datos personales solo ser\u00e1n mantenidos durante el tiempo necesario para los fines de su tratamiento.<\/li>\n        <li><strong>Integridad y confidencialidad:<\/strong> los datos personales ser\u00e1n tratados de manera que se garantice su seguridad y confidencialidad.<\/li>\n        <li><strong>Responsabilidad proactiva:<\/strong> el Responsable del tratamiento ser\u00e1 responsable de asegurar que los principios anteriores se cumplen.<\/li>\n      <\/ul>\n    <\/section>\n\n    <section aria-labelledby=\"s1-5\">\n      <h3 id=\"s1-5\">Categor\u00edas de datos personales<\/h3>\n      <p>Las categor\u00edas de datos que se tratan en LUIS SOLER ASESORES son \u00fanicamente datos identificativos. En ning\u00fan caso se tratan categor\u00edas especiales de datos personales en el sentido del art\u00edculo 9 del RGPD.<\/p>\n    <\/section>\n\n    <section aria-labelledby=\"s1-6\">\n      <h3 id=\"s1-6\">Base legal para el tratamiento de los datos personales<\/h3>\n      <p>La base legal para el tratamiento de los datos personales es el consentimiento. LUIS SOLER ASESORES se compromete a recabar el consentimiento expreso y verificable del Usuario para el tratamiento de sus datos personales para uno o varios fines espec\u00edficos.<\/p>\n      <p>El Usuario tendr\u00e1 derecho a retirar su consentimiento en cualquier momento. Ser\u00e1 tan f\u00e1cil retirar el consentimiento como darlo. Como regla general, la retirada del consentimiento no condicionar\u00e1 el uso del Sitio Web.<\/p>\n    <\/section>\n\n    <section aria-labelledby=\"s1-7\">\n      <h3 id=\"s1-7\">Fines del tratamiento de los datos personales<\/h3>\n      <p>Los datos personales son recabados y gestionados por LUIS SOLER ASESORES con la finalidad de poder facilitar, agilizar y cumplir los compromisos establecidos entre el Sitio Web y el Usuario, o para atender una solicitud o consulta.<\/p>\n      <p>Igualmente, los datos podr\u00e1n ser utilizados con una finalidad comercial de personalizaci\u00f3n, operativa y estad\u00edstica, as\u00ed como para la extracci\u00f3n, almacenamiento de datos y estudios de marketing para adecuar el contenido ofertado al Usuario y mejorar la calidad, funcionamiento y navegaci\u00f3n por el Sitio Web.<\/p>\n    <\/section>\n\n    <section aria-labelledby=\"s1-8\">\n      <h3 id=\"s1-8\">Per\u00edodos de retenci\u00f3n de los datos personales<\/h3>\n      <p>Los datos personales solo ser\u00e1n retenidos durante el tiempo m\u00ednimo necesario para los fines de su tratamiento y, en todo caso, \u00fanicamente durante el siguiente plazo: <strong>5 a\u00f1os<\/strong>, o hasta que el Usuario solicite su supresi\u00f3n.<\/p>\n    <\/section>\n\n    <section aria-labelledby=\"s1-9\">\n      <h3 id=\"s1-9\">Destinatarios de los datos personales<\/h3>\n      <p>Los datos personales del Usuario <strong>no ser\u00e1n compartidos con terceros<\/strong>. En cualquier caso, en el momento en que se obtengan los datos personales, se informar\u00e1 al Usuario acerca de los destinatarios o las categor\u00edas de destinatarios de los datos personales.<\/p>\n    <\/section>\n\n    <section aria-labelledby=\"s1-10\">\n      <h3 id=\"s1-10\">Datos personales de menores de edad<\/h3>\n      <p>Respetando lo establecido en los art\u00edculos 8 del RGPD y 7 de la Ley Org\u00e1nica 3\/2018, solo los mayores de 14 a\u00f1os podr\u00e1n otorgar su consentimiento para el tratamiento de sus datos personales de forma l\u00edcita por LUIS SOLER ASESORES. Si se trata de un menor de 14 a\u00f1os, ser\u00e1 necesario el consentimiento de los padres o tutores para el tratamiento.<\/p>\n    <\/section>\n\n    <section aria-labelledby=\"s1-11\">\n      <h3 id=\"s1-11\">Secreto y seguridad de los datos personales<\/h3>\n      <p>LUIS SOLER ASESORES se compromete a adoptar las medidas t\u00e9cnicas y organizativas necesarias para garantizar la seguridad de los datos de car\u00e1cter personal y evitar su destrucci\u00f3n, p\u00e9rdida, alteraci\u00f3n accidental o il\u00edcita, o el acceso no autorizado a dichos datos.<\/p>\n      <p>El Sitio Web cuenta con un certificado <strong>SSL (Secure Socket Layer)<\/strong>, que asegura que los datos personales se transmiten de forma segura y confidencial, al ser la transmisi\u00f3n de los datos entre el servidor y el Usuario totalmente cifrada.<\/p>\n      <p>Sin embargo, debido a que LUIS SOLER ASESORES no puede garantizar la inexpugnabilidad de internet, el Responsable del tratamiento se compromete a comunicar al Usuario sin dilaci\u00f3n indebida cuando ocurra una violaci\u00f3n de la seguridad de los datos personales que sea probable que entra\u00f1e un alto riesgo para los derechos y libertades de las personas f\u00edsicas.<\/p>\n    <\/section>\n\n    <section aria-labelledby=\"s1-12\">\n      <h3 id=\"s1-12\">Derechos derivados del tratamiento de los datos personales<\/h3>\n      <p>El Usuario podr\u00e1 ejercer frente al Responsable del tratamiento los siguientes derechos reconocidos en el RGPD y en la Ley Org\u00e1nica 3\/2018:<\/p>\n      <ul>\n        <li><strong>Derecho de acceso:<\/strong> derecho a obtener confirmaci\u00f3n de si LUIS SOLER ASESORES est\u00e1 tratando o no sus datos personales y, en caso afirmativo, obtener informaci\u00f3n sobre los mismos.<\/li>\n        <li><strong>Derecho de rectificaci\u00f3n:<\/strong> derecho a que se modifiquen sus datos personales que resulten ser inexactos o incompletos.<\/li>\n        <li><strong>Derecho de supresi\u00f3n (\u00abel derecho al olvido\u00bb):<\/strong> derecho a obtener la supresi\u00f3n de sus datos personales cuando estos ya no sean necesarios para los fines para los cuales fueron recogidos o tratados, entre otros supuestos previstos en la normativa.<\/li>\n        <li><strong>Derecho a la limitaci\u00f3n del tratamiento:<\/strong> derecho a limitar el tratamiento de sus datos personales en los supuestos previstos en la normativa.<\/li>\n        <li><strong>Derecho a la portabilidad de los datos:<\/strong> derecho a recibir sus datos personales en un formato estructurado, de uso com\u00fan y lectura mec\u00e1nica, y a transmitirlos a otro responsable del tratamiento.<\/li>\n        <li><strong>Derecho de oposici\u00f3n:<\/strong> derecho a que no se lleve a cabo el tratamiento de sus datos personales o se cese el tratamiento de los mismos por parte de LUIS SOLER ASESORES.<\/li>\n        <li><strong>Derecho a no ser objeto de decisiones automatizadas:<\/strong> derecho a no ser objeto de una decisi\u00f3n individualizada basada \u00fanicamente en el tratamiento automatizado de sus datos personales, incluida la elaboraci\u00f3n de perfiles.<\/li>\n      <\/ul>\n      <p>El Usuario podr\u00e1 ejercitar sus derechos mediante comunicaci\u00f3n escrita dirigida al Responsable del tratamiento con la referencia <strong>\u00abRGPD-www.luissolerasesores.com\u00bb<\/strong>, especificando: nombre y apellidos, copia del DNI, petici\u00f3n con los motivos espec\u00edficos, domicilio a efecto de notificaciones, fecha y firma, y todo documento que acredite la petici\u00f3n.<\/p>\n      <address>\n        <p><strong>Direcci\u00f3n postal:<\/strong> C\/ Navellos n\u00famero 8, piso 1, puerta 3, 46003 Val\u00e8ncia<\/p>\n        <p><strong>Correo electr\u00f3nico:<\/strong> <a href=\"mailto:info@luissolerasesores.com\">info@luissolerasesores.com<\/a><\/p>\n      <\/address>\n    <\/section>\n\n    <section aria-labelledby=\"s1-13\">\n      <h3 id=\"s1-13\">Enlaces a sitios web de terceros<\/h3>\n      <p>El Sitio Web puede incluir hiperv\u00ednculos o enlaces que permiten acceder a p\u00e1ginas web de terceros distintos de LUIS SOLER ASESORES. Los titulares de dichos sitios web dispondr\u00e1n de sus propias pol\u00edticas de protecci\u00f3n de datos, siendo ellos mismos responsables de sus propios ficheros y de sus propias pr\u00e1cticas de privacidad.<\/p>\n    <\/section>\n\n    <section aria-labelledby=\"s1-14\">\n      <h3 id=\"s1-14\">Reclamaciones ante la autoridad de control<\/h3>\n      <p>En caso de que el Usuario considere que existe un problema o infracci\u00f3n de la normativa vigente en la forma en la que se est\u00e1n tratando sus datos personales, tendr\u00e1 derecho a presentar una reclamaci\u00f3n ante la autoridad de control. En el caso de Espa\u00f1a, la autoridad de control es la <a href=\"http:\/\/www.agpd.es\" target=\"_blank\" rel=\"noopener nofollow\">Agencia Espa\u00f1ola de Protecci\u00f3n de Datos (AEPD)<\/a>.<\/p>\n    <\/section>\n  <\/section>\n\n  <section aria-labelledby=\"s2\">\n    <h2 id=\"s2\">II. Pol\u00edtica de cookies<\/h2>\n\n    <p>El acceso a este Sitio Web puede implicar la utilizaci\u00f3n de cookies. Las cookies son peque\u00f1as cantidades de informaci\u00f3n que se almacenan en el navegador utilizado por cada Usuario para que el servidor recuerde cierta informaci\u00f3n. Las cookies facilitan la navegaci\u00f3n, la hacen m\u00e1s amigable, y no da\u00f1an el dispositivo de navegaci\u00f3n.<\/p>\n\n    <section aria-labelledby=\"s2-1\">\n      <h3 id=\"s2-1\">Cookies propias<\/h3>\n      <p>Son aquellas cookies que son enviadas al ordenador o dispositivo del Usuario y gestionadas exclusivamente por LUIS SOLER ASESORES para el mejor funcionamiento del Sitio Web. La informaci\u00f3n que se recaba se emplea para mejorar la calidad del Sitio Web y su Contenido y la experiencia como Usuario.<\/p>\n    <\/section>\n\n    <section aria-labelledby=\"s2-2\">\n      <h3 id=\"s2-2\">Cookies de redes sociales<\/h3>\n      <p>LUIS SOLER ASESORES incorpora plugins de redes sociales que permiten acceder a las mismas a partir del Sitio Web. Los titulares de dichas redes sociales disponen de sus propias pol\u00edticas de protecci\u00f3n de datos y de cookies. A continuaci\u00f3n se facilitan los enlaces donde pueden consultarse:<\/p>\n      <ul>\n        <li><a href=\"https:\/\/www.facebook.com\/policies\/cookies\/\" target=\"_blank\" rel=\"noopener nofollow\">Facebook<\/a><\/li>\n        <li><a href=\"https:\/\/twitter.com\/es\/privacy\" target=\"_blank\" rel=\"noopener nofollow\">Twitter<\/a><\/li>\n        <li><a href=\"https:\/\/help.instagram.com\/1896641480634370?ref=ig\" target=\"_blank\" rel=\"noopener nofollow\">Instagram<\/a><\/li>\n        <li><a href=\"https:\/\/policies.google.com\/privacy?hl=es-419&#038;gl=mx\" target=\"_blank\" rel=\"noopener nofollow\">Youtube<\/a><\/li>\n        <li><a href=\"https:\/\/policies.google.com\/technologies\/cookies?hl=es\" target=\"_blank\" rel=\"noopener nofollow\">Google+<\/a><\/li>\n        <li><a href=\"https:\/\/policy.pinterest.com\/es\/privacy-policy\" target=\"_blank\" rel=\"noopener nofollow\">Pinterest<\/a><\/li>\n        <li><a href=\"https:\/\/www.linkedin.com\/legal\/cookie-policy?trk=hp-cookies\" target=\"_blank\" rel=\"noopener nofollow\">LinkedIn<\/a><\/li>\n      <\/ul>\n    <\/section>\n\n    <section aria-labelledby=\"s2-3\">\n      <h3 id=\"s2-3\">Deshabilitar, rechazar y eliminar cookies<\/h3>\n      <p>El Usuario puede deshabilitar, rechazar y eliminar las cookies \u2014total o parcialmente\u2014 instaladas en su dispositivo mediante la configuraci\u00f3n de su navegador (entre los que se encuentran, por ejemplo, Chrome, Firefox, Safari, Explorer). En el supuesto de que rechace el uso de cookies \u2014total o parcialmente\u2014 podr\u00e1 seguir usando el Sitio Web, si bien podr\u00e1 tener limitada la utilizaci\u00f3n de algunas de las prestaciones del mismo.<\/p>\n    <\/section>\n  <\/section>\n\n  <section aria-labelledby=\"s3\">\n    <h2 id=\"s3\">III. Aceptaci\u00f3n y cambios en esta pol\u00edtica de privacidad<\/h2>\n    <p>Es necesario que el Usuario haya le\u00eddo y est\u00e9 conforme con las condiciones sobre la protecci\u00f3n de datos de car\u00e1cter personal contenidas en esta Pol\u00edtica de Privacidad y de Cookies, as\u00ed como que acepte el tratamiento de sus datos personales para que el Responsable del tratamiento pueda proceder al mismo en la forma, durante los plazos y para las finalidades indicadas.<\/p>\n    <p>LUIS SOLER ASESORES se reserva el derecho a modificar su Pol\u00edtica de Privacidad y de Cookies, de acuerdo a su propio criterio, o motivado por un cambio legislativo, jurisprudencial o doctrinal de la Agencia Espa\u00f1ola de Protecci\u00f3n de Datos. Los cambios o actualizaciones de esta Pol\u00edtica ser\u00e1n notificados de forma expl\u00edcita al Usuario.<\/p>\n  <\/section>\n\n  <footer class=\"pp-footer-note\">\n    <p>Pol\u00edtica actualizada el <strong>28 de diciembre de 2020<\/strong> para adaptarse al <strong>Reglamento (UE) 2016\/679 (RGPD)<\/strong> y a la <strong>Ley Org\u00e1nica 3\/2018, de 5 de diciembre, de Protecci\u00f3n de Datos Personales y garant\u00eda de los derechos digitales (LOPDGDD)<\/strong>.<\/p>\n    <p>\u00a9 2026 Luis Soler Asesores Sociedad Limitada \u00b7 <a href=\"mailto:info@luissolerasesores.com\">info@luissolerasesores.com<\/a><\/p>\n  <\/footer>\n\n<\/article>\t\t\t\t\t\t\t\t<\/div>\n\t\t\t\t\t<\/div>\n\t\t\t\t<\/div>\n\t\t\t\t<\/div>","protected":false},"excerpt":{"rendered":"<p>Respetando lo establecido en la legislaci\u00f3n vigente, LUIS SOLER ASESORES se compromete a adoptar las medidas t\u00e9cnicas y organizativas necesarias, seg\u00fan el nivel de seguridad adecuado al riesgo de los datos recogidos. I. Pol\u00edtica de privacidad y protecci\u00f3n de datos Leyes que incorpora esta pol\u00edtica de privacidad Esta pol\u00edtica de privacidad est\u00e1 adaptada a la [&hellip;]<\/p>\n","protected":false},"author":1,"featured_media":0,"parent":0,"menu_order":0,"comment_status":"closed","ping_status":"closed","template":"","meta":{"footnotes":""},"class_list":["post-3","page","type-page","status-publish","hentry"],"_links":{"self":[{"href":"https:\/\/luissolerasesores.com\/it\/wp-json\/wp\/v2\/pages\/3","targetHints":{"allow":["GET"]}}],"collection":[{"href":"https:\/\/luissolerasesores.com\/it\/wp-json\/wp\/v2\/pages"}],"about":[{"href":"https:\/\/luissolerasesores.com\/it\/wp-json\/wp\/v2\/types\/page"}],"author":[{"embeddable":true,"href":"https:\/\/luissolerasesores.com\/it\/wp-json\/wp\/v2\/users\/1"}],"replies":[{"embeddable":true,"href":"https:\/\/luissolerasesores.com\/it\/wp-json\/wp\/v2\/comments?post=3"}],"version-history":[{"count":5,"href":"https:\/\/luissolerasesores.com\/it\/wp-json\/wp\/v2\/pages\/3\/revisions"}],"predecessor-version":[{"id":2013,"href":"https:\/\/luissolerasesores.com\/it\/wp-json\/wp\/v2\/pages\/3\/revisions\/2013"}],"wp:attachment":[{"href":"https:\/\/luissolerasesores.com\/it\/wp-json\/wp\/v2\/media?parent=3"}],"curies":[{"name":"wp","href":"https:\/\/api.w.org\/{rel}","templated":true}]}}