{"id":3,"date":"2026-03-17T21:29:05","date_gmt":"2026-03-17T21:29:05","guid":{"rendered":"https:\/\/luissolerasesores.com\/?page_id=3"},"modified":"2026-03-31T03:54:41","modified_gmt":"2026-03-31T01:54:41","slug":"politique-de-confidentialite","status":"publish","type":"page","link":"https:\/\/luissolerasesores.com\/fr\/politica-de-privacidad\/","title":{"rendered":"Politique de confidentialit\u00e9"},"content":{"rendered":"<div data-elementor-type=\"wp-page\" data-elementor-id=\"3\" class=\"elementor elementor-3\" data-elementor-post-type=\"page\">\n\t\t\t\t<div class=\"elementor-element elementor-element-698b3bb e-flex e-con-boxed e-con e-parent\" data-id=\"698b3bb\" data-element_type=\"container\" data-e-type=\"container\" data-settings=\"{&quot;background_background&quot;:&quot;classic&quot;}\">\n\t\t\t\t\t<div class=\"e-con-inner\">\n\t\t\t\t<div class=\"elementor-element elementor-element-c30eb59 elementor-widget elementor-widget-heading\" data-id=\"c30eb59\" data-element_type=\"widget\" data-e-type=\"widget\" data-widget_type=\"heading.default\">\n\t\t\t\t\t<h1 class=\"elementor-heading-title elementor-size-default\">Politique de confidentialit\u00e9<\/h1>\t\t\t\t<\/div>\n\t\t\t\t\t<\/div>\n\t\t\t\t<\/div>\n\t\t<div class=\"elementor-element elementor-element-f2e17ad section-xl e-flex e-con-boxed e-con e-parent\" data-id=\"f2e17ad\" data-element_type=\"container\" data-e-type=\"container\">\n\t\t\t\t\t<div class=\"e-con-inner\">\n\t\t\t\t<div class=\"elementor-element elementor-element-6402571 elementor-widget elementor-widget-text-editor\" data-id=\"6402571\" data-element_type=\"widget\" data-e-type=\"widget\" data-widget_type=\"text-editor.default\">\n\t\t\t\t\t\t\t\t\t<article class=\"pp-privacidad\">\n\n  <p>Respecter les dispositions de la l\u00e9gislation en vigueur, <strong>CONSEILLERS LUIS SOLER<\/strong> s'engage \u00e0 adopter les mesures techniques et organisationnelles n\u00e9cessaires, selon le niveau de s\u00e9curit\u00e9 appropri\u00e9 au risque des donn\u00e9es collect\u00e9es.<\/p>\n\n  <section aria-labelledby=\"s1\">\n    <h2 id=\"s1\">I. Politique de confidentialit\u00e9 et de protection des donn\u00e9es<\/h2>\n\n    <section aria-labelledby=\"s1-1\">\n      <h3 id=\"s1-1\">Lois incorpor\u00e9es dans la pr\u00e9sente politique de confidentialit\u00e9<\/h3>\n      <p>Cette politique de confidentialit\u00e9 est adapt\u00e9e \u00e0 la l\u00e9gislation espagnole et europ\u00e9enne en vigueur sur la protection des donn\u00e9es personnelles sur Internet. En particulier, elle respecte les r\u00e8gles suivantes :<\/p>\n      <ul>\n        <li>Le <strong>R\u00e8glement (UE) 2016\/679<\/strong> du Parlement europ\u00e9en et du Conseil du 27 avril 2016 relatif \u00e0 la protection des personnes physiques \u00e0 l'\u00e9gard du traitement des donn\u00e9es \u00e0 caract\u00e8re personnel et \u00e0 la libre circulation de ces donn\u00e9es (GDPR).<\/li>\n        <li>Les <strong>Loi organique 3\/2018 du 5 d\u00e9cembre 2018<\/strong>, La loi espagnole sur la protection des donn\u00e9es (LOPD-GDD).<\/li>\n        <li>Le <strong>D\u00e9cret royal 1720\/2007, du 21 d\u00e9cembre 2007.<\/strong>, La loi espagnole sur la protection des donn\u00e9es (Ley Org\u00e1nica 15\/1999, de 13 de diciembre, de Protecci\u00f3n de Datos de Car\u00e1cter Personal (RDLOPD)), qui approuve le r\u00e8glement d'application de la loi organique 15\/1999, du 13 d\u00e9cembre, sur la protection des donn\u00e9es \u00e0 caract\u00e8re personnel (RDLOPD).<\/li>\n        <li>Les <strong>Loi 34\/2002 du 11 juillet 2002<\/strong>, La LSSI-CE (loi sur les services de la soci\u00e9t\u00e9 de l'information et le commerce \u00e9lectronique).<\/li>\n      <\/ul>\n    <\/section>\n\n    <section aria-labelledby=\"s1-2\">\n      <h3 id=\"s1-2\">Identit\u00e9 du responsable du traitement<\/h3>\n      <p>Le responsable du traitement des donn\u00e9es personnelles collect\u00e9es par LUIS SOLER ASESORES est : <strong>Luis Alberto Soler Carratala<\/strong>, avec NIF : 53604723A.<\/p>\n      <address>\n        <p><strong>Adresse :<\/strong> C\/ Navellos n\u00famero 8, piso 1, puerta 3, 46003 Val\u00e8ncia<\/p>\n        <p><strong>T\u00e9l\u00e9phone :<\/strong> <a href=\"tel:961944210\">961 944 210<\/a><\/p>\n        <p><strong>Courriel :<\/strong> <a href=\"mailto:info@luissolerasesores.com\">info@luissolerasesores.com<\/a><\/p>\n      <\/address>\n    <\/section>\n\n    <section aria-labelledby=\"s1-3\">\n      <h3 id=\"s1-3\">Enregistrement des donn\u00e9es personnelles<\/h3>\n      <p>Conform\u00e9ment aux dispositions du RGPD et de la LOPD-GDD, nous vous informons que les donn\u00e9es personnelles collect\u00e9es par LUIS SOLER ASESORES \u00e0 travers les formulaires de ses pages seront incorpor\u00e9es et trait\u00e9es dans nos fichiers afin de faciliter, d'acc\u00e9l\u00e9rer et de remplir les engagements \u00e9tablis entre LUIS SOLER ASESORES et l'Utilisateur, ou de r\u00e9pondre \u00e0 une demande ou \u00e0 une requ\u00eate de ce dernier.<\/p>\n    <\/section>\n\n    <section aria-labelledby=\"s1-4\">\n      <h3 id=\"s1-4\">Principes applicables au traitement des donn\u00e9es \u00e0 caract\u00e8re personnel<\/h3>\n      <p>Le traitement des donn\u00e9es personnelles de l'Utilisateur est soumis aux principes suivants \u00e9nonc\u00e9s \u00e0 l'article 5 du RGPD et aux articles 4 et suivants de la Loi organique 3\/2018 :<\/p>\n      <ul>\n        <li><strong>\u00c9quit\u00e9, loyaut\u00e9 et transparence :<\/strong> le consentement de l'utilisateur est requis \u00e0 tout moment apr\u00e8s une information totalement transparente sur les finalit\u00e9s pour lesquelles les donn\u00e9es \u00e0 caract\u00e8re personnel sont collect\u00e9es.<\/li>\n        <li><strong>Limitation de l'objectif :<\/strong> les donn\u00e9es \u00e0 caract\u00e8re personnel sont collect\u00e9es pour des finalit\u00e9s d\u00e9termin\u00e9es, explicites et l\u00e9gitimes.<\/li>\n        <li><strong>La minimisation des donn\u00e9es :<\/strong> les donn\u00e9es \u00e0 caract\u00e8re personnel collect\u00e9es seront uniquement celles qui sont strictement n\u00e9cessaires au regard des finalit\u00e9s pour lesquelles elles sont trait\u00e9es.<\/li>\n        <li><strong>Pr\u00e9cision :<\/strong> les donn\u00e9es personnelles doivent \u00eatre exactes et toujours \u00e0 jour.<\/li>\n        <li><strong>Limitation de la p\u00e9riode de conservation :<\/strong> les donn\u00e9es \u00e0 caract\u00e8re personnel ne seront conserv\u00e9es que pendant la dur\u00e9e n\u00e9cessaire aux finalit\u00e9s de leur traitement.<\/li>\n        <li><strong>Int\u00e9grit\u00e9 et confidentialit\u00e9 :<\/strong> les donn\u00e9es \u00e0 caract\u00e8re personnel seront trait\u00e9es de mani\u00e8re \u00e0 garantir leur s\u00e9curit\u00e9 et leur confidentialit\u00e9.<\/li>\n        <li><strong>Responsabilit\u00e9 proactive :<\/strong> le contr\u00f4leur est charg\u00e9 de veiller \u00e0 ce que les principes susmentionn\u00e9s soient respect\u00e9s.<\/li>\n      <\/ul>\n    <\/section>\n\n    <section aria-labelledby=\"s1-5\">\n      <h3 id=\"s1-5\">Cat\u00e9gories de donn\u00e9es \u00e0 caract\u00e8re personnel<\/h3>\n      <p>Les cat\u00e9gories de donn\u00e9es trait\u00e9es par LUIS SOLER ASESORES sont uniquement des donn\u00e9es d'identification. En aucun cas des cat\u00e9gories particuli\u00e8res de donn\u00e9es \u00e0 caract\u00e8re personnel au sens de l'article 9 du RGPD ne sont trait\u00e9es.<\/p>\n    <\/section>\n\n    <section aria-labelledby=\"s1-6\">\n      <h3 id=\"s1-6\">Base juridique du traitement des donn\u00e9es \u00e0 caract\u00e8re personnel<\/h3>\n      <p>La base juridique du traitement des donn\u00e9es personnelles est le consentement. LUIS SOLER ASESORES s'engage \u00e0 obtenir le consentement expr\u00e8s et v\u00e9rifiable de l'utilisateur pour le traitement des donn\u00e9es personnelles \u00e0 une ou plusieurs fins sp\u00e9cifiques.<\/p>\n      <p>L'utilisateur a le droit de retirer son consentement \u00e0 tout moment. Il doit \u00eatre aussi facile de retirer son consentement que de le donner. En r\u00e8gle g\u00e9n\u00e9rale, le retrait du consentement ne conditionne pas l'utilisation du site web.<\/p>\n    <\/section>\n\n    <section aria-labelledby=\"s1-7\">\n      <h3 id=\"s1-7\">Finalit\u00e9s du traitement des donn\u00e9es \u00e0 caract\u00e8re personnel<\/h3>\n      <p>Les donn\u00e9es personnelles sont collect\u00e9es et g\u00e9r\u00e9es par LUIS SOLER ASESORES afin de faciliter, d'acc\u00e9l\u00e9rer et de remplir les engagements \u00e9tablis entre le site Web et l'utilisateur, ou de r\u00e9pondre \u00e0 une demande ou \u00e0 une requ\u00eate.<\/p>\n      <p>De m\u00eame, les donn\u00e9es peuvent \u00eatre utilis\u00e9es \u00e0 des fins commerciales, de personnalisation, op\u00e9rationnelles et statistiques, ainsi que pour l'extraction et le stockage de donn\u00e9es et d'\u00e9tudes de marketing afin d'adapter le contenu offert \u00e0 l'utilisateur et d'am\u00e9liorer la qualit\u00e9, le fonctionnement et la navigation sur le site Web.<\/p>\n    <\/section>\n\n    <section aria-labelledby=\"s1-8\">\n      <h3 id=\"s1-8\">P\u00e9riodes de conservation des donn\u00e9es \u00e0 caract\u00e8re personnel<\/h3>\n      <p>Les donn\u00e9es \u00e0 caract\u00e8re personnel ne seront conserv\u00e9es que pendant la dur\u00e9e minimale n\u00e9cessaire aux fins de leur traitement et, en tout \u00e9tat de cause, pendant la p\u00e9riode suivante : <strong>5 ans<\/strong>, ou jusqu'\u00e0 ce que l'utilisateur demande sa suppression.<\/p>\n    <\/section>\n\n    <section aria-labelledby=\"s1-9\">\n      <h3 id=\"s1-9\">Destinataires des donn\u00e9es \u00e0 caract\u00e8re personnel<\/h3>\n      <p>Donn\u00e9es personnelles de l'utilisateur <strong>ne sont pas partag\u00e9s avec des tiers<\/strong>. En tout \u00e9tat de cause, au moment de la collecte des donn\u00e9es \u00e0 caract\u00e8re personnel, l'utilisateur sera inform\u00e9 des destinataires ou des cat\u00e9gories de destinataires des donn\u00e9es \u00e0 caract\u00e8re personnel.<\/p>\n    <\/section>\n\n    <section aria-labelledby=\"s1-10\">\n      <h3 id=\"s1-10\">Donn\u00e9es personnelles des mineurs<\/h3>\n      <p>En respectant les dispositions des articles 8 du RGPD et 7 de la loi organique 3\/2018, seules les personnes \u00e2g\u00e9es de plus de 14 ans peuvent donner leur consentement au traitement de leurs donn\u00e9es personnelles de mani\u00e8re licite par LUIS SOLER ASESORES. Dans le cas d'un mineur de moins de 14 ans, le consentement des parents ou des tuteurs sera requis pour le traitement.<\/p>\n    <\/section>\n\n    <section aria-labelledby=\"s1-11\">\n      <h3 id=\"s1-11\">Secret et s\u00e9curit\u00e9 des donn\u00e9es \u00e0 caract\u00e8re personnel<\/h3>\n      <p>LUIS SOLER ASESORES s'engage \u00e0 adopter les mesures techniques et organisationnelles n\u00e9cessaires pour garantir la s\u00e9curit\u00e9 des donn\u00e9es personnelles et \u00e9viter leur destruction, perte, alt\u00e9ration accidentelle ou illicite, ou acc\u00e8s non autoris\u00e9 \u00e0 ces donn\u00e9es.<\/p>\n      <p>Le site web dispose d'un certificat <strong>SSL (Secure Socket Layer)<\/strong>, qui garantit que les donn\u00e9es \u00e0 caract\u00e8re personnel sont transmises de mani\u00e8re s\u00fbre et confidentielle, la transmission des donn\u00e9es entre le serveur et l'utilisateur \u00e9tant enti\u00e8rement crypt\u00e9e.<\/p>\n      <p>Toutefois, LUIS SOLER ASESORES LUIS SOLER ne pouvant garantir l'impr\u00e9gnabilit\u00e9 d'Internet, le responsable du traitement s'engage \u00e0 notifier \u00e0 l'utilisateur, dans les meilleurs d\u00e9lais, toute violation de la s\u00e9curit\u00e9 des donn\u00e9es \u00e0 caract\u00e8re personnel susceptible d'engendrer un risque \u00e9lev\u00e9 pour les droits et libert\u00e9s des personnes physiques.<\/p>\n    <\/section>\n\n    <section aria-labelledby=\"s1-12\">\n      <h3 id=\"s1-12\">Droits d\u00e9coulant du traitement des donn\u00e9es \u00e0 caract\u00e8re personnel<\/h3>\n      <p>L'utilisateur peut exercer les droits suivants reconnus dans le RGPD et dans la loi organique 3\/2018 \u00e0 l'encontre du responsable du traitement des donn\u00e9es :<\/p>\n      <ul>\n        <li><strong>Droit d'acc\u00e8s :<\/strong> le droit d'obtenir la confirmation que LUIS SOLER ASESORES traite ou non leurs donn\u00e9es personnelles et, le cas \u00e9ch\u00e9ant, d'obtenir des informations \u00e0 leur sujet.<\/li>\n        <li><strong>Droit de rectification :<\/strong> le droit de faire modifier les donn\u00e9es personnelles inexactes ou incompl\u00e8tes.<\/li>\n        <li><strong>Droit \u00e0 l'effacement (\u00abdroit \u00e0 l'oubli\u00bb) :<\/strong> le droit d'obtenir la suppression de vos donn\u00e9es personnelles lorsqu'elles ne sont plus n\u00e9cessaires aux fins pour lesquelles elles ont \u00e9t\u00e9 collect\u00e9es ou trait\u00e9es, entre autres cas pr\u00e9vus par la r\u00e9glementation.<\/li>\n        <li><strong>Droit \u00e0 la limitation du traitement :<\/strong> le droit de limiter le traitement de vos donn\u00e9es personnelles dans les cas pr\u00e9vus par la r\u00e9glementation.<\/li>\n        <li><strong>Droit \u00e0 la portabilit\u00e9 des donn\u00e9es :<\/strong> le droit de recevoir vos donn\u00e9es \u00e0 caract\u00e8re personnel dans un format structur\u00e9, couramment utilis\u00e9 et lisible par machine, et de les transmettre \u00e0 un autre responsable du traitement.<\/li>\n        <li><strong>Droit d'opposition :<\/strong> le droit de ne pas effectuer le traitement de leurs donn\u00e9es personnelles ou de cesser le traitement de celles-ci par LUIS SOLER ASESORES.<\/li>\n        <li><strong>Le droit de ne pas faire l'objet de d\u00e9cisions automatis\u00e9es :<\/strong> le droit de ne pas faire l'objet d'une d\u00e9cision individuelle fond\u00e9e exclusivement sur un traitement automatis\u00e9 de ses donn\u00e9es \u00e0 caract\u00e8re personnel, y compris le profilage.<\/li>\n      <\/ul>\n      <p>L'utilisateur peut exercer ses droits par le biais d'une communication \u00e9crite adress\u00e9e au responsable du traitement des donn\u00e9es avec la r\u00e9f\u00e9rence suivante <strong>\u00abGDPR-www.luissolerasesores.com\u00bb<\/strong>, en pr\u00e9cisant : le nom et le pr\u00e9nom, la copie de la carte d'identit\u00e9, la requ\u00eate avec les raisons sp\u00e9cifiques, l'adresse pour les notifications, la date et la signature, et tout document qui accr\u00e9dite la requ\u00eate.<\/p>\n      <address>\n        <p><strong>Adresse postale :<\/strong> C\/ Navellos n\u00famero 8, piso 1, puerta 3, 46003 Val\u00e8ncia<\/p>\n        <p><strong>E-mail :<\/strong> <a href=\"mailto:info@luissolerasesores.com\">info@luissolerasesores.com<\/a><\/p>\n      <\/address>\n    <\/section>\n\n    <section aria-labelledby=\"s1-13\">\n      <h3 id=\"s1-13\">Liens vers des sites web de tiers<\/h3>\n      <p>Le site Web peut inclure des hyperliens ou des liens qui permettent d'acc\u00e9der \u00e0 des sites Web de tiers autres que LUIS SOLER ASESORES. Les propri\u00e9taires de ces sites web ont leur propre politique de protection des donn\u00e9es, \u00e9tant eux-m\u00eames responsables de leurs propres fichiers et de leurs propres pratiques en mati\u00e8re de confidentialit\u00e9.<\/p>\n    <\/section>\n\n    <section aria-labelledby=\"s1-14\">\n      <h3 id=\"s1-14\">Plaintes aupr\u00e8s de l'autorit\u00e9 de contr\u00f4le<\/h3>\n      <p>Si l'utilisateur consid\u00e8re qu'il y a un probl\u00e8me ou une infraction \u00e0 la r\u00e9glementation en vigueur dans la mani\u00e8re dont ses donn\u00e9es personnelles sont trait\u00e9es, il aura le droit d'introduire une r\u00e9clamation aupr\u00e8s de l'autorit\u00e9 de contr\u00f4le. Dans le cas de l'Espagne, l'autorit\u00e9 de contr\u00f4le est la <a href=\"http:\/\/www.agpd.es\" target=\"_blank\" rel=\"noopener nofollow\">Agence espagnole de protection des donn\u00e9es (AEPD)<\/a>.<\/p>\n    <\/section>\n  <\/section>\n\n  <section aria-labelledby=\"s2\">\n    <h2 id=\"s2\">II. Politique en mati\u00e8re de cookies<\/h2>\n\n    <p>L'acc\u00e8s \u00e0 ce site web peut impliquer l'utilisation de cookies. Les cookies sont de petites quantit\u00e9s d'informations qui sont stock\u00e9es dans le navigateur utilis\u00e9 par chaque utilisateur afin que le serveur puisse se souvenir de certaines informations. Les cookies facilitent la navigation, la rendent plus conviviale et n'endommagent pas le dispositif de navigation.<\/p>\n\n    <section aria-labelledby=\"s2-1\">\n      <h3 id=\"s2-1\">Ses propres biscuits<\/h3>\n      <p>Il s'agit de cookies envoy\u00e9s \u00e0 l'ordinateur ou au dispositif de l'utilisateur et g\u00e9r\u00e9s exclusivement par LUIS SOLER ASESORES pour le meilleur fonctionnement du site Web. Les informations collect\u00e9es sont utilis\u00e9es pour am\u00e9liorer la qualit\u00e9 du site Web, son contenu et l'exp\u00e9rience de l'utilisateur.<\/p>\n    <\/section>\n\n    <section aria-labelledby=\"s2-2\">\n      <h3 id=\"s2-2\">Cookies pour les m\u00e9dias sociaux<\/h3>\n      <p>LUIS SOLER ASESORES incorpore des plugins de r\u00e9seaux sociaux qui permettent d'y acc\u00e9der depuis le site Web. Les propri\u00e9taires de ces r\u00e9seaux sociaux ont leurs propres politiques de protection des donn\u00e9es et des cookies. Vous trouverez ci-dessous les liens permettant de les consulter :<\/p>\n      <ul>\n        <li><a href=\"https:\/\/www.facebook.com\/policies\/cookies\/\" target=\"_blank\" rel=\"noopener nofollow\">Facebook<\/a><\/li>\n        <li><a href=\"https:\/\/twitter.com\/es\/privacy\" target=\"_blank\" rel=\"noopener nofollow\">Twitter<\/a><\/li>\n        <li><a href=\"https:\/\/help.instagram.com\/1896641480634370?ref=ig\" target=\"_blank\" rel=\"noopener nofollow\">Instagram<\/a><\/li>\n        <li><a href=\"https:\/\/policies.google.com\/privacy?hl=es-419&#038;gl=mx\" target=\"_blank\" rel=\"noopener nofollow\">Youtube<\/a><\/li>\n        <li><a href=\"https:\/\/policies.google.com\/technologies\/cookies?hl=es\" target=\"_blank\" rel=\"noopener nofollow\">Google+<\/a><\/li>\n        <li><a href=\"https:\/\/policy.pinterest.com\/es\/privacy-policy\" target=\"_blank\" rel=\"noopener nofollow\">Pinterest<\/a><\/li>\n        <li><a href=\"https:\/\/www.linkedin.com\/legal\/cookie-policy?trk=hp-cookies\" target=\"_blank\" rel=\"noopener nofollow\">LinkedIn<\/a><\/li>\n      <\/ul>\n    <\/section>\n\n    <section aria-labelledby=\"s2-3\">\n      <h3 id=\"s2-3\">D\u00e9sactivation, rejet et suppression des cookies<\/h3>\n      <p>L'utilisateur peut d\u00e9sactiver, refuser et supprimer les cookies - en tout ou en partie - install\u00e9s sur son appareil en configurant son navigateur (y compris, par exemple, Chrome, Firefox, Safari, Explorer). Dans le cas o\u00f9 vous refusez l'utilisation de cookies - en tout ou en partie - vous pouvez continuer \u00e0 utiliser le site Web, bien que l'utilisation de certaines de ses fonctionnalit\u00e9s puisse \u00eatre limit\u00e9e.<\/p>\n    <\/section>\n  <\/section>\n\n  <section aria-labelledby=\"s3\">\n    <h2 id=\"s3\">III. Acceptation et modifications de la pr\u00e9sente politique de protection de la vie priv\u00e9e<\/h2>\n    <p>Il est n\u00e9cessaire que l'utilisateur ait lu et accept\u00e9 les conditions relatives \u00e0 la protection des donn\u00e9es personnelles contenues dans la pr\u00e9sente politique de confidentialit\u00e9 et de cookies, et qu'il accepte le traitement de ses donn\u00e9es personnelles afin que le responsable du traitement puisse proc\u00e9der de la mani\u00e8re, pendant les p\u00e9riodes et aux fins indiqu\u00e9es.<\/p>\n    <p>LUIS SOLER ASESORES se r\u00e9serve le droit de modifier sa Politique de Confidentialit\u00e9 et de Cookies, selon ses propres crit\u00e8res, ou motiv\u00e9e par un changement l\u00e9gislatif, jurisprudentiel ou doctrinal de l'Agence Espagnole de Protection des Donn\u00e9es. Les modifications ou mises \u00e0 jour de cette politique seront explicitement notifi\u00e9es \u00e0 l'utilisateur.<\/p>\n  <\/section>\n\n  <footer class=\"pp-footer-note\">\n    <p>Politique mise \u00e0 jour le <strong>28 d\u00e9cembre 2020<\/strong> pour s'adapter \u00e0 la <strong>R\u00e8glement (UE) 2016\/679 (GDPR)<\/strong> et au <strong>Loi organique 3\/2018, du 5 d\u00e9cembre, sur la protection des donn\u00e9es \u00e0 caract\u00e8re personnel et la garantie des droits num\u00e9riques (LOPDGDD).<\/strong>.<\/p>\n    <p>2026 Luis Soler Asesores Sociedad Limitada - <a href=\"mailto:info@luissolerasesores.com\">info@luissolerasesores.com<\/a><\/p>\n  <\/footer>\n\n<\/article>\t\t\t\t\t\t\t\t<\/div>\n\t\t\t\t\t<\/div>\n\t\t\t\t<\/div>\n\t\t\t\t<\/div>","protected":false},"excerpt":{"rendered":"<p>Respetando lo establecido en la legislaci\u00f3n vigente, LUIS SOLER ASESORES se compromete a adoptar las medidas t\u00e9cnicas y organizativas necesarias, seg\u00fan el nivel de seguridad adecuado al riesgo de los datos recogidos. I. Pol\u00edtica de privacidad y protecci\u00f3n de datos Leyes que incorpora esta pol\u00edtica de privacidad Esta pol\u00edtica de privacidad est\u00e1 adaptada a la [&hellip;]<\/p>\n","protected":false},"author":1,"featured_media":0,"parent":0,"menu_order":0,"comment_status":"closed","ping_status":"closed","template":"","meta":{"footnotes":""},"class_list":["post-3","page","type-page","status-publish","hentry"],"_links":{"self":[{"href":"https:\/\/luissolerasesores.com\/fr\/wp-json\/wp\/v2\/pages\/3","targetHints":{"allow":["GET"]}}],"collection":[{"href":"https:\/\/luissolerasesores.com\/fr\/wp-json\/wp\/v2\/pages"}],"about":[{"href":"https:\/\/luissolerasesores.com\/fr\/wp-json\/wp\/v2\/types\/page"}],"author":[{"embeddable":true,"href":"https:\/\/luissolerasesores.com\/fr\/wp-json\/wp\/v2\/users\/1"}],"replies":[{"embeddable":true,"href":"https:\/\/luissolerasesores.com\/fr\/wp-json\/wp\/v2\/comments?post=3"}],"version-history":[{"count":5,"href":"https:\/\/luissolerasesores.com\/fr\/wp-json\/wp\/v2\/pages\/3\/revisions"}],"predecessor-version":[{"id":2013,"href":"https:\/\/luissolerasesores.com\/fr\/wp-json\/wp\/v2\/pages\/3\/revisions\/2013"}],"wp:attachment":[{"href":"https:\/\/luissolerasesores.com\/fr\/wp-json\/wp\/v2\/media?parent=3"}],"curies":[{"name":"wp","href":"https:\/\/api.w.org\/{rel}","templated":true}]}}