{"id":21,"date":"2026-03-18T19:19:45","date_gmt":"2026-03-18T18:19:45","guid":{"rendered":"https:\/\/luissolerasesores.com\/?page_id=21"},"modified":"2026-03-31T04:00:33","modified_gmt":"2026-03-31T02:00:33","slug":"declaration-daccessibilite","status":"publish","type":"page","link":"https:\/\/luissolerasesores.com\/fr\/declaracion-de-accesibilidad\/","title":{"rendered":"D\u00e9claration d'accessibilit\u00e9"},"content":{"rendered":"<div data-elementor-type=\"wp-page\" data-elementor-id=\"21\" class=\"elementor elementor-21\" data-elementor-post-type=\"page\">\n\t\t\t\t<div class=\"elementor-element elementor-element-e1db118 e-flex e-con-boxed e-con e-parent\" data-id=\"e1db118\" data-element_type=\"container\" data-e-type=\"container\" data-settings=\"{&quot;background_background&quot;:&quot;classic&quot;}\">\n\t\t\t\t\t<div class=\"e-con-inner\">\n\t\t\t\t<div class=\"elementor-element elementor-element-a6793a7 elementor-widget elementor-widget-heading\" data-id=\"a6793a7\" data-element_type=\"widget\" data-e-type=\"widget\" data-widget_type=\"heading.default\">\n\t\t\t\t\t<h1 class=\"elementor-heading-title elementor-size-default\">D\u00e9claration d'accessibilit\u00e9<\/h1>\t\t\t\t<\/div>\n\t\t\t\t\t<\/div>\n\t\t\t\t<\/div>\n\t\t<div class=\"elementor-element elementor-element-01753f8 section-xl e-flex e-con-boxed e-con e-parent\" data-id=\"01753f8\" data-element_type=\"container\" data-e-type=\"container\">\n\t\t\t\t\t<div class=\"e-con-inner\">\n\t\t\t\t<div class=\"elementor-element elementor-element-c0ee81a elementor-widget elementor-widget-text-editor\" data-id=\"c0ee81a\" data-element_type=\"widget\" data-e-type=\"widget\" data-widget_type=\"text-editor.default\">\n\t\t\t\t\t\t\t\t\t<article class=\"pp-privacidad\">\n\n  <p><strong>CONSEILLERS LUIS SOLER<\/strong> s'engage \u00e0 rendre son site web accessible conform\u00e9ment \u00e0 la <strong>Arr\u00eat\u00e9 royal 1112\/2018 du 7 septembre 2018<\/strong>, sur l'accessibilit\u00e9 des sites web et des applications pour les appareils mobiles, qui transpose en droit espagnol la directive sur l'accessibilit\u00e9 des sites web et des applications pour les appareils mobiles. <a href=\"https:\/\/eur-lex.europa.eu\/legal-content\/ES\/TXT\/?uri=uriserv:OJ.L_.2016.327.01.0001.01.SPA\" target=\"_blank\" rel=\"noopener noreferrer nofollow\">Directive (UE) 2016\/2102 du Parlement europ\u00e9en et du Conseil<\/a>.<\/p>\n  <p>Cette d\u00e9claration d'accessibilit\u00e9 s'applique au site web <strong>luissolerasesores.com<\/strong>.<\/p>\n\n  <section aria-labelledby=\"ac1\">\n    <h2 id=\"ac1\">\u00c9tat de conformit\u00e9<\/h2>\n    <p>Ce site web est <strong>partiellement conforme<\/strong> avec le <a href=\"https:\/\/www.boe.es\/buscar\/act.php?id=BOE-A-2018-12699\" target=\"_blank\" rel=\"noopener noreferrer nofollow\">Arr\u00eat\u00e9 royal 1112\/2018<\/a> en raison des exceptions et de la non-conformit\u00e9 des \u00e9l\u00e9ments \u00e9num\u00e9r\u00e9s dans le paragraphe suivant.<\/p>\n  <\/section>\n\n  <section aria-labelledby=\"ac2\">\n    <h2 id=\"ac2\">2. Contenu non accessible<\/h2>\n    <p>Le contenu ci-dessous n'est pas accessible pour les raisons suivantes :<\/p>\n\n    <h3>Non-conformit\u00e9 avec le RD 1112\/2018<\/h3>\n    <ul>\n      <li>En raison de l'automatisation de certaines publications, il se peut que des pages pr\u00e9sentent une imbrication incorrecte de balises HTML.<\/li>\n      <li>Certaines pages web peuvent contenir des erreurs d'\u00e9dition occasionnelles.<\/li>\n      <li>Certaines images peuvent \u00eatre d\u00e9pourvues de texte alternatif descriptif ad\u00e9quat.<\/li>\n      <li>Certains \u00e9l\u00e9ments de formulaire peuvent ne pas \u00eatre correctement associ\u00e9s \u00e0 des \u00e9tiquettes.<\/li>\n      <li>Le contraste des couleurs de certains \u00e9l\u00e9ments secondaires peut ne pas atteindre le niveau minimum requis par les WCAG 2.1 AA.<\/li>\n    <\/ul>\n\n    <h3>Charge disproportionn\u00e9e<\/h3>\n    <p>Sans objet.<\/p>\n\n    <h3>Le contenu n'entre pas dans le champ d'application de la l\u00e9gislation applicable.<\/h3>\n    <p>Sans objet.<\/p>\n  <\/section>\n\n  <section aria-labelledby=\"ac3\">\n    <h2 id=\"ac3\">3. Pr\u00e9paration de la pr\u00e9sente d\u00e9claration<\/h2>\n    <p>Cette d\u00e9claration a \u00e9t\u00e9 pr\u00e9par\u00e9e le <time datetime=\"2026-03-30\">30 mars 2026<\/time>.<\/p>\n    <p>La m\u00e9thode utilis\u00e9e pour pr\u00e9parer la d\u00e9claration a consist\u00e9 en une auto-\u00e9valuation par le propri\u00e9taire du site web \u00e0 l'aide d'outils d'analyse automatis\u00e9e de l'accessibilit\u00e9.<\/p>\n    <p>La date de la derni\u00e8re r\u00e9vision de cette d\u00e9claration est le <time datetime=\"2026-03-30\">30 mars 2026<\/time>.<\/p>\n  <\/section>\n\n  <section aria-labelledby=\"ac4\">\n    <h2 id=\"ac4\">4. Remarques et coordonn\u00e9es<\/h2>\n    <p>Vous pouvez faire des communications sur les exigences en mati\u00e8re d'accessibilit\u00e9 (article 10.2 du RD 1112\/2018), telles que<\/p>\n    <ul>\n      <li>Pour signaler tout manquement \u00e9ventuel \u00e0 la r\u00e9glementation de ce site web.<\/li>\n      <li>Transmettre d'autres difficult\u00e9s d'acc\u00e8s au contenu.<\/li>\n      <li>de formuler toute autre demande ou suggestion d'am\u00e9lioration concernant l'accessibilit\u00e9 du site web.<\/li>\n    <\/ul>\n    <p>Vous pouvez nous contacter par les moyens suivants :<\/p>\n    <address>\n      <p><strong>Adresse :<\/strong> C\/ Navellos n\u00famero 8, piso 1, puerta 3, 46003 Val\u00e8ncia<\/p>\n      <p><strong>T\u00e9l\u00e9phone :<\/strong> <a href=\"tel:961944210\">961 944 210<\/a><\/p>\n      <p><strong>E-mail :<\/strong> <a href=\"mailto:info@luissolerasesores.com\">info@luissolerasesores.com<\/a><\/p>\n    <\/address>\n    <p>Nous nous engageons \u00e0 r\u00e9pondre dans un d\u00e9lai maximum de <strong>20 jours ouvrables<\/strong>.<\/p>\n  <\/section>\n\n  <section aria-labelledby=\"ac5\">\n    <h2 id=\"ac5\">5. Proc\u00e9dure de mise en \u0153uvre<\/h2>\n    <p>Si la r\u00e9ponse \u00e0 votre communication ou \u00e0 votre demande n'est pas satisfaisante, vous pouvez adresser votre demande au <strong>Unit\u00e9 responsable de l'accessibilit\u00e9<\/strong> par le biais de la proc\u00e9dure de r\u00e9clamation mise en place par l'administration comp\u00e9tente :<\/p>\n    <ul>\n      <li><a href=\"https:\/\/administracionelectronica.gob.es\/pae_Home\/pae_Estrategias\/pae_Accesibilidad\/pae_formacion\/pae_Master_Accesibilidad_para_desarrolladores.html\" target=\"_blank\" rel=\"noopener noreferrer nofollow\">Centre de r\u00e9f\u00e9rence pour l'accessibilit\u00e9 - Secr\u00e9taire d'\u00c9tat au num\u00e9rique et \u00e0 l'intelligence artificielle (SEDIA)<\/a><\/li>\n    <\/ul>\n  <\/section>\n\n  <section aria-labelledby=\"ac6\">\n    <h2 id=\"ac6\">6. Caract\u00e9ristiques techniques d'accessibilit\u00e9<\/h2>\n    <p>Ce site web a \u00e9t\u00e9 con\u00e7u en tenant compte des normes et caract\u00e9ristiques suivantes :<\/p>\n    <ul>\n      <li>Adapt\u00e9 \u00e0 la <strong>Lignes directrices pour l'accessibilit\u00e9 des contenus web (<abbr title=\"Lignes directrices sur l&#039;accessibilit\u00e9 du contenu web\">WCAG<\/abbr>) 2.1, niveau AA<\/strong>, d\u00e9fini par le World Wide Web Consortium (W3C).<\/li>\n      <li>Compatible avec les exigences de la norme <strong><abbr title=\"Une norme hispano-europ\u00e9enne\">UNE-EN<\/abbr> 301549<\/strong>, compte tenu des exceptions pr\u00e9vues par le d\u00e9cret royal 1112\/2018.<\/li>\n      <li>D\u00e9velopp\u00e9 avec <strong><abbr title=\"Langage de balisage hypertexte 5\">HTML5<\/abbr><\/strong> en tant que langage de balisage et <strong><abbr title=\"Feuilles de style en cascade 3\">CSS3<\/abbr><\/strong> pour la conception visuelle.<\/li>\n      <li>Con\u00e7ue pour s'afficher correctement sur les ordinateurs de bureau, les tablettes et les appareils mobiles pour une r\u00e9solution minimale de <strong>320 px de large<\/strong>.<\/li>\n      <li>Il utilise JavaScript de mani\u00e8re non intrusive ; si le navigateur ne le prend pas en charge, le contenu principal reste accessible.<\/li>\n      <li>Les pages sont s\u00e9mantiquement structur\u00e9es gr\u00e2ce \u00e0 l'utilisation correcte des titres, des listes et des r\u00e9gions ARIA.<\/li>\n    <\/ul>\n    <p class=\"pp-aviso\"><strong>Engagement en faveur de l'am\u00e9lioration continue :<\/strong> Nous travaillons progressivement \u00e0 l'identification et \u00e0 la correction des obstacles \u00e0 l'accessibilit\u00e9 existants. Si vous rencontrez des probl\u00e8mes en naviguant sur ce site, nous vous invitons \u00e0 nous en faire part en utilisant les coordonn\u00e9es indiqu\u00e9es \u00e0 la section 4.<\/p>\n  <\/section>\n\n  <footer class=\"pp-footer-note\">\n    <p>D\u00e9claration \u00e9tablie conform\u00e9ment \u00e0 la <strong>Arr\u00eat\u00e9 royal 1112\/2018 du 7 septembre 2018<\/strong>, sur l'accessibilit\u00e9 des sites web et des applications mobiles du secteur public.<\/p>\n    <p>2026 Luis Soler Asesores Sociedad Limitada - <a href=\"mailto:info@luissolerasesores.com\">info@luissolerasesores.com<\/a><\/p>\n  <\/footer>\n\n<\/article>\t\t\t\t\t\t\t\t<\/div>\n\t\t\t\t\t<\/div>\n\t\t\t\t<\/div>\n\t\t\t\t<\/div>","protected":false},"excerpt":{"rendered":"<p>LUIS SOLER ASESORES se ha comprometido a hacer accesible su sitio web de conformidad con el Real Decreto 1112\/2018, de 7 de septiembre, sobre accesibilidad de los sitios web y aplicaciones para dispositivos m\u00f3viles, por el que se traspone al ordenamiento jur\u00eddico espa\u00f1ol la Directiva (UE) 2016\/2102 del Parlamento Europeo y del Consejo. La presente [&hellip;]<\/p>\n","protected":false},"author":1,"featured_media":0,"parent":0,"menu_order":0,"comment_status":"closed","ping_status":"closed","template":"","meta":{"footnotes":""},"class_list":["post-21","page","type-page","status-publish","hentry"],"_links":{"self":[{"href":"https:\/\/luissolerasesores.com\/fr\/wp-json\/wp\/v2\/pages\/21","targetHints":{"allow":["GET"]}}],"collection":[{"href":"https:\/\/luissolerasesores.com\/fr\/wp-json\/wp\/v2\/pages"}],"about":[{"href":"https:\/\/luissolerasesores.com\/fr\/wp-json\/wp\/v2\/types\/page"}],"author":[{"embeddable":true,"href":"https:\/\/luissolerasesores.com\/fr\/wp-json\/wp\/v2\/users\/1"}],"replies":[{"embeddable":true,"href":"https:\/\/luissolerasesores.com\/fr\/wp-json\/wp\/v2\/comments?post=21"}],"version-history":[{"count":10,"href":"https:\/\/luissolerasesores.com\/fr\/wp-json\/wp\/v2\/pages\/21\/revisions"}],"predecessor-version":[{"id":2026,"href":"https:\/\/luissolerasesores.com\/fr\/wp-json\/wp\/v2\/pages\/21\/revisions\/2026"}],"wp:attachment":[{"href":"https:\/\/luissolerasesores.com\/fr\/wp-json\/wp\/v2\/media?parent=21"}],"curies":[{"name":"wp","href":"https:\/\/api.w.org\/{rel}","templated":true}]}}