{"id":19,"date":"2026-03-18T19:19:32","date_gmt":"2026-03-18T18:19:32","guid":{"rendered":"https:\/\/luissolerasesores.com\/?page_id=19"},"modified":"2026-03-31T03:58:03","modified_gmt":"2026-03-31T01:58:03","slug":"politique-en-matiere-de-cookies","status":"publish","type":"page","link":"https:\/\/luissolerasesores.com\/fr\/politica-de-cookies\/","title":{"rendered":"Politique en mati\u00e8re de cookies"},"content":{"rendered":"<div data-elementor-type=\"wp-page\" data-elementor-id=\"19\" class=\"elementor elementor-19\" data-elementor-post-type=\"page\">\n\t\t\t\t<div class=\"elementor-element elementor-element-31178db e-flex e-con-boxed e-con e-parent\" data-id=\"31178db\" data-element_type=\"container\" data-e-type=\"container\" data-settings=\"{&quot;background_background&quot;:&quot;classic&quot;}\">\n\t\t\t\t\t<div class=\"e-con-inner\">\n\t\t\t\t<div class=\"elementor-element elementor-element-45fa217 elementor-widget elementor-widget-heading\" data-id=\"45fa217\" data-element_type=\"widget\" data-e-type=\"widget\" data-widget_type=\"heading.default\">\n\t\t\t\t\t<h1 class=\"elementor-heading-title elementor-size-default\">Politique en mati\u00e8re de cookies<\/h1>\t\t\t\t<\/div>\n\t\t\t\t\t<\/div>\n\t\t\t\t<\/div>\n\t\t<div class=\"elementor-element elementor-element-0d3f352 section-xl e-flex e-con-boxed e-con e-parent\" data-id=\"0d3f352\" data-element_type=\"container\" data-e-type=\"container\">\n\t\t\t\t\t<div class=\"e-con-inner\">\n\t\t\t\t<div class=\"elementor-element elementor-element-e629e14 elementor-widget elementor-widget-text-editor\" data-id=\"e629e14\" data-element_type=\"widget\" data-e-type=\"widget\" data-widget_type=\"text-editor.default\">\n\t\t\t\t\t\t\t\t\t<article class=\"pp-privacidad\">\n\n  <p>En esta web se utilizan cookies de terceros y propias para conseguir que tengas una mejor experiencia de navegaci\u00f3n, puedas compartir contenido en redes sociales y para que podamos obtener estad\u00edsticas de los usuarios. Es muy importante que leas la presente pol\u00edtica de cookies y comprendas que, si contin\u00faas navegando, consideraremos que aceptas su uso.<\/p>\n\n  <section aria-labelledby=\"s1\">\n    <h2 id=\"s1\">Entidad responsable<\/h2>\n    <p>La entidad responsable de la recogida, procesamiento y utilizaci\u00f3n de tus datos personales, en el sentido establecido por la Ley de Protecci\u00f3n de Datos Personales, es la p\u00e1gina <strong>CONSEILLERS LUIS SOLER<\/strong>, propiedad de <strong>LUIS ALBERTO SOLER CARRATALA<\/strong>.<\/p>\n    <address>\n      <p><strong>Adresse :<\/strong> C\/ Navellos n\u00famero 8, piso 1, puerta 3, 46003 Val\u00e8ncia<\/p>\n      <p><strong>Courriel :<\/strong> <a href=\"mailto:info@luissolerasesores.com\">info@luissolerasesores.com<\/a><\/p>\n    <\/address>\n  <\/section>\n\n  <section aria-labelledby=\"s2\">\n    <h2 id=\"s2\">\u00bfQu\u00e9 son las cookies?<\/h2>\n    <p>Las cookies son un conjunto de datos que un servidor deposita en el navegador del usuario para recoger la informaci\u00f3n de registro est\u00e1ndar de Internet y la informaci\u00f3n del comportamiento de los visitantes en un sitio web. Se trata de peque\u00f1os archivos de texto que quedan almacenados en el disco duro del ordenador y que sirven para identificar al usuario cuando se conecta nuevamente al sitio web.<\/p>\n    <p>Su uso es com\u00fan y frecuente en la web ya que permite a las p\u00e1ginas funcionar de manera m\u00e1s eficiente y conseguir una mayor personalizaci\u00f3n y an\u00e1lisis sobre el comportamiento del usuario.<\/p>\n  <\/section>\n\n  <section aria-labelledby=\"s3\">\n    <h2 id=\"s3\">\u00bfQu\u00e9 tipos de cookies existen?<\/h2>\n    <p>Las cookies utilizadas en nuestro sitio web son de sesi\u00f3n y de terceros, y nos permiten almacenar y acceder a informaci\u00f3n relativa al idioma, el tipo de navegador utilizado y otras caracter\u00edsticas generales predefinidas por el usuario, as\u00ed como seguir y analizar la actividad que lleva a cabo.<\/p>\n    <p>En funci\u00f3n de su permanencia, las cookies pueden dividirse en <strong>cookies de sesi\u00f3n<\/strong> \u2014que expiran cuando el usuario cierra el navegador\u2014 y <strong>cookies permanentes<\/strong> \u2014que expiran cuando se cumple el objetivo para el que sirven o cuando se borran manualmente\u2014.<\/p>\n\n    <h3>Cookies utilizadas en este sitio web<\/h3>\n    <div class=\"table-wrap\">\n      <table>\n        <thead>\n          <tr>\n            <th>Nombre<\/th>\n            <th>Tipo<\/th>\n            <th>Caducidad<\/th>\n            <th>Finalidad<\/th>\n            <th>Clase<\/th>\n          <\/tr>\n        <\/thead>\n        <tbody>\n          <tr>\n            <td>__utma<\/td>\n            <td>De Terceros (Google Analytics)<\/td>\n            <td>2 a\u00f1os<\/td>\n            <td>Se usa para distinguir usuarios y sesiones.<\/td>\n            <td>No Exenta<\/td>\n          <\/tr>\n          <tr>\n            <td>__utmb<\/td>\n            <td>De Terceros (Google Analytics)<\/td>\n            <td>30 minutos<\/td>\n            <td>Se usa para determinar nuevas sesiones o visitas.<\/td>\n            <td>No Exenta<\/td>\n          <\/tr>\n          <tr>\n            <td>__utmc<\/td>\n            <td>De Terceros (Google Analytics)<\/td>\n            <td>Al finalizar la sesi\u00f3n<\/td>\n            <td>Se configura para su uso con Urchin.<\/td>\n            <td>No Exenta<\/td>\n          <\/tr>\n          <tr>\n            <td>__utmz<\/td>\n            <td>De Terceros (Google Analytics)<\/td>\n            <td>6 meses<\/td>\n            <td>Almacena el origen o la campa\u00f1a que explica c\u00f3mo el usuario ha llegado hasta la p\u00e1gina web.<\/td>\n            <td>No Exenta<\/td>\n          <\/tr>\n        <\/tbody>\n      <\/table>\n    <\/div>\n\n    <h3>Clasificaci\u00f3n por objetivo<\/h3>\n    <ul>\n      <li><strong>Cookies de rendimiento:<\/strong> recuerdan las preferencias del usuario para las herramientas que se encuentran en los servicios, como ajustes de volumen, velocidades de transmisi\u00f3n de v\u00eddeo u objetos guardados en el carrito de la compra.<\/li>\n      <li><strong>Cookies de geo-localizaci\u00f3n:<\/strong> utilizadas para averiguar en qu\u00e9 pa\u00eds se encuentra el usuario cuando solicita un servicio. Son totalmente an\u00f3nimas y solo sirven para orientar el contenido a su ubicaci\u00f3n.<\/li>\n      <li><strong>Cookies de registro:<\/strong> se generan una vez que el usuario se ha registrado o ha abierto su sesi\u00f3n, y se utilizan para mantenerle identificado en los servicios y comprobar si est\u00e1 autorizado para acceder a ciertos contenidos.<\/li>\n      <li><strong>Cookies de anal\u00edticas:<\/strong> permiten la identificaci\u00f3n an\u00f3nima de los usuarios navegantes, la contabilizaci\u00f3n aproximada del n\u00famero de visitantes, identificar los contenidos m\u00e1s visitados y saber si el usuario es nuevo o repite visita.<\/li>\n      <li><strong>Cookies de publicidad:<\/strong> permiten ampliar la informaci\u00f3n de los anuncios mostrados a cada usuario an\u00f3nimo, almacenando la duraci\u00f3n o frecuencia de visualizaci\u00f3n de posiciones publicitarias y los patrones de navegaci\u00f3n del usuario.<\/li>\n      <li><strong>Cookies publicitarias de terceros:<\/strong> terceros (\u00abAd-Servers\u00bb) pueden almacenar cookies enviadas desde los servicios de LUIS ALBERTO SOLER CARRATALA. Actualmente se utiliza la plataforma <strong>Doubleclick (Google)<\/strong> para gestionar estos servicios. M\u00e1s informaci\u00f3n en <a href=\"http:\/\/www.google.es\/policies\/privacy\/ads\/\" target=\"_blank\" rel=\"noopener nofollow\">google.es\/policies\/privacy\/ads<\/a>.<\/li>\n    <\/ul>\n  <\/section>\n\n  <section aria-labelledby=\"s4\">\n    <h2 id=\"s4\">\u00bfC\u00f3mo puedo deshabilitar las cookies en mi navegador?<\/h2>\n    <p>Se pueden configurar los diferentes navegadores para avisar al usuario de la recepci\u00f3n de cookies y, si se desea, impedir su instalaci\u00f3n en el equipo. Para ampliar esta informaci\u00f3n consulte las instrucciones de su navegador:<\/p>\n    <ul>\n      <li><a href=\"https:\/\/support.google.com\/chrome\/answer\/95647?hl=es\" target=\"_blank\" rel=\"noopener nofollow\">Google Chrome<\/a><\/li>\n      <li><a href=\"http:\/\/windows.microsoft.com\/es-es\/windows-vista\/cookies-frequently-asked-questions\" target=\"_blank\" rel=\"noopener nofollow\">Internet Explorer<\/a><\/li>\n      <li><a href=\"http:\/\/support.mozilla.org\/es\/kb\/habilitar-y-deshabilitar-cookies-que-los-sitios-we\" target=\"_blank\" rel=\"noopener nofollow\">Mozilla Firefox<\/a><\/li>\n      <li><a href=\"http:\/\/www.apple.com\/es\/privacy\/use-of-cookies\/\" target=\"_blank\" rel=\"noopener nofollow\">Safari<\/a><\/li>\n      <li><a href=\"http:\/\/help.opera.com\/Windows\/11.50\/es-ES\/cookies.html\" target=\"_blank\" rel=\"noopener nofollow\">Opera<\/a><\/li>\n    <\/ul>\n    <p>Si desea dejar de ser seguido por Google Analytics visite: <a href=\"http:\/\/tools.google.com\/dlpage\/gaoptout\" target=\"_blank\" rel=\"noopener nofollow\">tools.google.com\/dlpage\/gaoptout<\/a>.<\/p>\n  <\/section>\n\n  <section aria-labelledby=\"s5\">\n    <h2 id=\"s5\">Para saber m\u00e1s sobre las cookies<\/h2>\n    <ul>\n      <li><a href=\"http:\/\/www.youronlinechoices.com\/es\/\" target=\"_blank\" rel=\"noopener nofollow\">Publicidad online basada en el comportamiento y privacidad online<\/a><\/li>\n      <li><a href=\"http:\/\/www.google.com\/analytics\/learn\/privacy.html\" target=\"_blank\" rel=\"noopener nofollow\">Protecci\u00f3n de datos de Google Analytics<\/a><\/li>\n      <li><a href=\"https:\/\/developers.google.com\/analytics\/devguides\/collection\/analyticsjs\/cookie-usage?hl=es#analyticsjs\" target=\"_blank\" rel=\"noopener nofollow\">C\u00f3mo usa Google Analytics las cookies<\/a><\/li>\n    <\/ul>\n  <\/section>\n\n  <section aria-labelledby=\"s6\">\n    <h2 id=\"s6\">Actualizaciones y cambios en la pol\u00edtica de cookies<\/h2>\n    <p>Las webs de LUIS ALBERTO SOLER CARRATALA pueden modificar esta Pol\u00edtica de Cookies en funci\u00f3n de exigencias legislativas, reglamentarias, o con la finalidad de adaptar dicha pol\u00edtica a las instrucciones dictadas por la Agencia Espa\u00f1ola de Protecci\u00f3n de Datos. Se aconseja a los usuarios que la visiten peri\u00f3dicamente.<\/p>\n    <p>Cuando se produzcan cambios significativos en esta Pol\u00edtica de Cookies, estos se comunicar\u00e1n a los usuarios bien mediante la web o a trav\u00e9s de correo electr\u00f3nico a los usuarios registrados.<\/p>\n  <\/section>\n\n  <footer class=\"pp-footer-note\">\n    <p>Documento elaborado conforme al <strong>art\u00edculo 22.2 de la Ley 34\/2002, de 11 de julio, de Servicios de la Sociedad de la Informaci\u00f3n y de Comercio Electr\u00f3nico (LSSI-CE)<\/strong>.<\/p>\n    <p>2026 Luis Soler Asesores Sociedad Limitada - <a href=\"mailto:info@luissolerasesores.com\">info@luissolerasesores.com<\/a><\/p>\n  <\/footer>\n\n<\/article>\t\t\t\t\t\t\t\t<\/div>\n\t\t\t\t\t<\/div>\n\t\t\t\t<\/div>\n\t\t\t\t<\/div>","protected":false},"excerpt":{"rendered":"<p>En esta web se utilizan cookies de terceros y propias para conseguir que tengas una mejor experiencia de navegaci\u00f3n, puedas compartir contenido en redes sociales y para que podamos obtener estad\u00edsticas de los usuarios. Es muy importante que leas la presente pol\u00edtica de cookies y comprendas que, si contin\u00faas navegando, consideraremos que aceptas su uso. [&hellip;]<\/p>\n","protected":false},"author":1,"featured_media":0,"parent":0,"menu_order":0,"comment_status":"closed","ping_status":"closed","template":"","meta":{"footnotes":""},"class_list":["post-19","page","type-page","status-publish","hentry"],"_links":{"self":[{"href":"https:\/\/luissolerasesores.com\/fr\/wp-json\/wp\/v2\/pages\/19","targetHints":{"allow":["GET"]}}],"collection":[{"href":"https:\/\/luissolerasesores.com\/fr\/wp-json\/wp\/v2\/pages"}],"about":[{"href":"https:\/\/luissolerasesores.com\/fr\/wp-json\/wp\/v2\/types\/page"}],"author":[{"embeddable":true,"href":"https:\/\/luissolerasesores.com\/fr\/wp-json\/wp\/v2\/users\/1"}],"replies":[{"embeddable":true,"href":"https:\/\/luissolerasesores.com\/fr\/wp-json\/wp\/v2\/comments?post=19"}],"version-history":[{"count":4,"href":"https:\/\/luissolerasesores.com\/fr\/wp-json\/wp\/v2\/pages\/19\/revisions"}],"predecessor-version":[{"id":2020,"href":"https:\/\/luissolerasesores.com\/fr\/wp-json\/wp\/v2\/pages\/19\/revisions\/2020"}],"wp:attachment":[{"href":"https:\/\/luissolerasesores.com\/fr\/wp-json\/wp\/v2\/media?parent=19"}],"curies":[{"name":"wp","href":"https:\/\/api.w.org\/{rel}","templated":true}]}}