{"id":17,"date":"2026-03-18T19:19:23","date_gmt":"2026-03-18T18:19:23","guid":{"rendered":"https:\/\/luissolerasesores.com\/?page_id=17"},"modified":"2026-03-31T03:54:47","modified_gmt":"2026-03-31T01:54:47","slug":"avis-juridique","status":"publish","type":"page","link":"https:\/\/luissolerasesores.com\/fr\/aviso-legal\/","title":{"rendered":"Avis juridique"},"content":{"rendered":"<div data-elementor-type=\"wp-page\" data-elementor-id=\"17\" class=\"elementor elementor-17\" data-elementor-post-type=\"page\">\n\t\t\t\t<div class=\"elementor-element elementor-element-a71046f e-flex e-con-boxed e-con e-parent\" data-id=\"a71046f\" data-element_type=\"container\" data-e-type=\"container\" data-settings=\"{&quot;background_background&quot;:&quot;classic&quot;}\">\n\t\t\t\t\t<div class=\"e-con-inner\">\n\t\t\t\t<div class=\"elementor-element elementor-element-196b23c elementor-widget elementor-widget-heading\" data-id=\"196b23c\" data-element_type=\"widget\" data-e-type=\"widget\" data-widget_type=\"heading.default\">\n\t\t\t\t\t<h1 class=\"elementor-heading-title elementor-size-default\">Avis juridique<\/h1>\t\t\t\t<\/div>\n\t\t\t\t\t<\/div>\n\t\t\t\t<\/div>\n\t\t<div class=\"elementor-element elementor-element-c453dbe section-xl e-flex e-con-boxed e-con e-parent\" data-id=\"c453dbe\" data-element_type=\"container\" data-e-type=\"container\">\n\t\t\t\t\t<div class=\"e-con-inner\">\n\t\t\t\t<div class=\"elementor-element elementor-element-1a92773 elementor-widget elementor-widget-text-editor\" data-id=\"1a92773\" data-element_type=\"widget\" data-e-type=\"widget\" data-widget_type=\"text-editor.default\">\n\t\t\t\t\t\t\t\t\t<article class=\"pp-privacidad\">\n\n  <p>Conform\u00e9ment \u00e0 l'obligation d'information pr\u00e9vue par la loi 34\/2002, du 11 juillet, sur les services de la soci\u00e9t\u00e9 de l'information et le commerce \u00e9lectronique (LSSI-CE), les informations suivantes sur le propri\u00e9taire du site Web sont fournies.<\/p>\n\n  <section aria-labelledby=\"s1\">\n    <h2 id=\"s1\">Informations g\u00e9n\u00e9rales<\/h2>\n    <p>Le propri\u00e9taire du domaine web <strong>luissolerasesores.com<\/strong> fr : <strong>LUIS SOLER ASESORES SOCIEDAD LIMITADA<\/strong> avec le NIF B16466476, dont les coordonn\u00e9es sont les suivantes :<\/p>\n    <address>\n      <p><strong>Adresse :<\/strong> Calle Navellos num\u00e9ro 8, \u00e9tage 3, porte 15<\/p>\n      <p><strong>T\u00e9l\u00e9phone :<\/strong> <a href=\"tel:961944210\">961 944 210<\/a><\/p>\n      <p><strong>E-mail :<\/strong> <a href=\"mailto:info@luissolerasesores.com\">info@luissolerasesores.com<\/a><\/p>\n    <\/address>\n  <\/section>\n\n  <section aria-labelledby=\"s2\">\n    <h2 id=\"s2\">Conditions d'utilisation<\/h2>\n    <p>Le site web et ses services ne sont accessibles qu'aux personnes qui peuvent conclure des contrats juridiquement contraignants tels que d\u00e9finis par les lois applicables. Les personnes majeures et capables de conclure des contrats conform\u00e9ment \u00e0 la l\u00e9gislation applicable peuvent utiliser le site web et ses services. Les personnes mineures et\/ou incapables de conclure des contrats en vertu de la l\u00e9gislation applicable ne peuvent pas utiliser le site web et ses services.<\/p>\n  <\/section>\n\n  <section aria-labelledby=\"s3\">\n    <h2 id=\"s3\">Utilisateurs<\/h2>\n    <p>L'acc\u00e8s ou l'utilisation du site Web conf\u00e8re \u00e0 l'utilisateur la condition d'accepter les conditions g\u00e9n\u00e9rales d'utilisation. L'acc\u00e8s au site web par l'utilisateur est de nature gratuite et l'utilisateur n'a pas \u00e0 fournir de contrepartie au site web pour y acc\u00e9der. L'utilisation de tout contenu ou service du site web peut se faire moyennant un abonnement ou un enregistrement pr\u00e9alable de l'utilisateur.<\/p>\n    <p>Il incombe \u00e0 l'utilisateur de consulter r\u00e9guli\u00e8rement le pr\u00e9sent avis juridique afin d'\u00eatre inform\u00e9 de toute modification, changement ou mise \u00e0 jour.<\/p>\n  <\/section>\n\n  <section aria-labelledby=\"s4\">\n    <h2 id=\"s4\">Acceptation<\/h2>\n    <p>L'utilisateur d\u00e9clare qu'il a la pleine capacit\u00e9 juridique de contracter et d'\u00eatre li\u00e9 par le pr\u00e9sent avis juridique. L'utilisateur d\u00e9clare qu'en acc\u00e9dant, en naviguant ou en utilisant le site web et ses services, il a express\u00e9ment accept\u00e9 le pr\u00e9sent avis juridique dans son int\u00e9gralit\u00e9.<\/p>\n  <\/section>\n\n  <section aria-labelledby=\"s5\">\n    <h2 id=\"s5\">Conditions g\u00e9n\u00e9rales d'utilisation<\/h2>\n    <p>L'acc\u00e8s ou l'utilisation de tout ou partie du contenu du site et de ses services implique l'acceptation pleine et enti\u00e8re des pr\u00e9sentes conditions d'utilisation. Le propri\u00e9taire du site a le droit de modifier \u00e0 tout moment les conditions g\u00e9n\u00e9rales d'utilisation du site. Par cons\u00e9quent, il est recommand\u00e9 de consulter p\u00e9riodiquement ces mentions l\u00e9gales.<\/p>\n    <p><strong>Objectif du site web et de ses services :<\/strong> Le propri\u00e9taire du site propose les services suivants : <strong>Conseil fiscal, comptable et social<\/strong>.<\/p>\n    <p><strong>Obligations de l'utilisateur :<\/strong> L'utilisateur doit \u00e0 tout moment respecter les termes et conditions \u00e9nonc\u00e9s dans le pr\u00e9sent avis juridique. L'utilisateur d\u00e9clare qu'il utilisera le site web avec diligence et assume toute responsabilit\u00e9 pouvant d\u00e9couler du non-respect des pr\u00e9sentes mentions l\u00e9gales et de toute r\u00e9glementation applicable.<\/p>\n    <p>Le propri\u00e9taire du site se r\u00e9serve le droit de supprimer tout commentaire ou contribution susceptible de violer la loi ou de porter atteinte \u00e0 la dignit\u00e9 humaine. Le propri\u00e9taire n'est pas responsable des opinions exprim\u00e9es par les utilisateurs sur le site.<\/p>\n    <p>L'utilisateur ne peut pas utiliser le site web pour des activit\u00e9s contraires \u00e0 la loi ou \u00e0 l'ordre public. La diffusion, le stockage ou la gestion de donn\u00e9es ou de contenus qui enfreignent la r\u00e9glementation relative aux droits de propri\u00e9t\u00e9 intellectuelle et industrielle sont interdits.<\/p>\n    <ul>\n      <li>L'utilisateur s'engage \u00e0 ne pas d\u00e9naturer son identit\u00e9 en usurpant l'identit\u00e9 d'une autre personne.<\/li>\n      <li>L'utilisation du site web se fait toujours \u00e0 des fins personnelles et priv\u00e9es.<\/li>\n      <li>L'Utilisateur s'engage \u00e0 indemniser le Propri\u00e9taire pour tout dommage, pr\u00e9judice, sanction, amende, p\u00e9nalit\u00e9 ou compensation r\u00e9sultant de son comportement.<\/li>\n    <\/ul>\n    <p>Le propri\u00e9taire du site se r\u00e9serve le droit d'intenter des actions civiles ou p\u00e9nales en cas d'utilisation abusive du site et de son contenu.<\/p>\n    <p><strong>Responsabilit\u00e9 :<\/strong> Le propri\u00e9taire du site ne garantit pas la disponibilit\u00e9 continue et permanente du site et de ses services. Il n'est pas non plus responsable des \u00e9ventuelles omissions, pertes d'informations, acc\u00e8s inappropri\u00e9s ou violations de la confidentialit\u00e9 caus\u00e9s par des probl\u00e8mes techniques, des communications ou des omissions humaines caus\u00e9es par des tiers. Il n'est pas non plus responsable des dommages caus\u00e9s par des attaques informatiques ou des virus affectant le site web.<\/p>\n  <\/section>\n\n  <section aria-labelledby=\"s6\">\n    <h2 id=\"s6\">Propri\u00e9t\u00e9 intellectuelle et industrielle<\/h2>\n    <p>L'utilisateur accepte que tous les droits d'auteur et de propri\u00e9t\u00e9 intellectuelle relatifs au texte, au logiciel, au contenu, aux photographies, au mat\u00e9riel audiovisuel, aux graphiques, aux inventions, aux brevets, aux marques, aux logos, aux secrets commerciaux, aux noms de domaine et au savoir-faire du site web soient la propri\u00e9t\u00e9 exclusive du propri\u00e9taire du site web.<\/p>\n    <p>L'utilisateur s'engage \u00e0 ne pas reproduire, divulguer ou utiliser \u00e0 son profit ou au profit de tiers, de quelque mani\u00e8re que ce soit, directe ou indirecte, la propri\u00e9t\u00e9 intellectuelle appartenant au propri\u00e9taire du site web.<\/p>\n  <\/section>\n\n  <section aria-labelledby=\"s7\">\n    <h2 id=\"s7\">Politique de confidentialit\u00e9<\/h2>\n    <p>Conform\u00e9ment aux dispositions de la Loi organique 3\/2018, du 5 d\u00e9cembre, sur la protection des donn\u00e9es \u00e0 caract\u00e8re personnel et la garantie des droits num\u00e9riques, l'Utilisateur peut exercer les droits suivants en ce qui concerne le traitement de ses donn\u00e9es \u00e0 caract\u00e8re personnel :<\/p>\n    <ul>\n      <li>Droit d'acc\u00e8s.<\/li>\n      <li>Droit de rectification.<\/li>\n      <li>Droit de suppression.<\/li>\n      <li>Droit \u00e0 la limitation du traitement.<\/li>\n      <li>Droit \u00e0 la portabilit\u00e9.<\/li>\n      <li>Droit d'opposition.<\/li>\n    <\/ul>\n    <p>Pour toute demande relative aux droits susmentionn\u00e9s, l'utilisateur peut envoyer un courrier \u00e9lectronique \u00e0 l'adresse suivante <a href=\"mailto:info@luissolerasesores.com\">info@luissolerasesores.com<\/a>.<\/p>\n    <p>Le propri\u00e9taire du site Web n'utilisera les donn\u00e9es personnelles de l'utilisateur que dans le but de fournir les services d\u00e9crits dans le pr\u00e9sent avis juridique. Le propri\u00e9taire ne vend pas, ne loue pas et ne transf\u00e8re pas les donn\u00e9es personnelles de l'utilisateur \u00e0 des tiers sans le consentement pr\u00e9alable de l'utilisateur.<\/p>\n    <p>Le Propri\u00e9taire s'engage \u00e0 respecter la confidentialit\u00e9 des donn\u00e9es personnelles de l'Utilisateur. Les donn\u00e9es ne seront utilis\u00e9es que dans le but de g\u00e9rer les services offerts, de r\u00e9pondre aux demandes formul\u00e9es par l'Utilisateur, d'effectuer des t\u00e2ches administratives ou d'envoyer des informations techniques, commerciales ou publicitaires.<\/p>\n    <p>L'utilisateur peut \u00e0 tout moment r\u00e9voquer son consentement et cesser d'utiliser le site web et ses services. La r\u00e9vocation du consentement n'a en aucun cas d'effet r\u00e9troactif.<\/p>\n  <\/section>\n\n  <section aria-labelledby=\"s8\">\n    <h2 id=\"s8\">Politique en mati\u00e8re de cookies<\/h2>\n    <p>Le propri\u00e9taire du site Web vous informe de sa politique en mati\u00e8re de cookies, conform\u00e9ment aux dispositions de l'article 22.2 de la loi 34\/2002 et de l'article 6.1 de la loi organique 3\/2018.<\/p>\n    <p>Le Propri\u00e9taire peut utiliser ses propres cookies ou passer par un tiers pour fournir des services de mesure. Pour cette raison, l'utilisateur consent express\u00e9ment \u00e0 l'utilisation de cookies sur son appareil lorsqu'il navigue sur le site Web.<\/p>\n    <p>Un cookie est un fichier qui est t\u00e9l\u00e9charg\u00e9 sur l'ordinateur ou autre appareil de l'utilisateur lorsqu'il acc\u00e8de \u00e0 certaines pages web. Les cookies permettent au site web de stocker des informations sur les habitudes de navigation de l'utilisateur afin de faciliter sa prochaine visite et de rendre le site web plus utile pour lui.<\/p>\n    <p>L'utilisateur a la possibilit\u00e9 de configurer son navigateur pour \u00eatre inform\u00e9 de la r\u00e9ception de cookies et pour emp\u00eacher leur installation. Pour plus d'informations, veuillez consulter le site : <a href=\"http:\/\/www.allaboutcookies.org\" target=\"_blank\" rel=\"noopener nofollow\">www.allaboutcookies.org<\/a>.<\/p>\n  <\/section>\n\n  <section aria-labelledby=\"s9\">\n    <h2 id=\"s9\">Demandes des utilisateurs<\/h2>\n    <address>\n      <p>Pour toute demande ou plainte relative \u00e0 ce site web et \u00e0 ses services :<\/p>\n      <p><strong>Courriel :<\/strong> <a href=\"mailto:info@luissolerasesores.com\">info@luissolerasesores.com<\/a><\/p>\n      <p><strong>Adresse :<\/strong> Calle Navellos num\u00e9ro 8, \u00e9tage 3, porte 15<\/p>\n    <\/address>\n  <\/section>\n\n  <section aria-labelledby=\"s10\">\n    <h2 id=\"s10\">L\u00e9gislation et juridiction<\/h2>\n    <p>Le pr\u00e9sent avis juridique est r\u00e9gi par les lois en vigueur en Espagne. Toute controverse d\u00e9coulant du pr\u00e9sent avis juridique, y compris tout litige relatif \u00e0 son existence, sa validit\u00e9, son interpr\u00e9tation, sa port\u00e9e ou son ex\u00e9cution, sera soumise exclusivement aux lois applicables dans cette juridiction.<\/p>\n    <p>Pour l'interpr\u00e9tation, le respect et l'ex\u00e9cution du pr\u00e9sent avis juridique, l'utilisateur et le propri\u00e9taire se soumettent express\u00e9ment \u00e0 la juridiction des tribunaux espagnols, en renon\u00e7ant \u00e0 toute autre juridiction qui pourrait leur correspondre en raison de leur domicile actuel ou futur.<\/p>\n  <\/section>\n\n  <footer class=\"pp-footer-note\">\n    <p>Document \u00e9tabli conform\u00e9ment \u00e0 la <strong>Loi 34\/2002, du 11 juillet, sur les services de la soci\u00e9t\u00e9 de l'information et le commerce \u00e9lectronique (LSSI-CE).<\/strong> et le <strong>Loi organique 3\/2018, du 5 d\u00e9cembre, sur la protection des donn\u00e9es \u00e0 caract\u00e8re personnel et la garantie des droits num\u00e9riques (LOPDGDD).<\/strong>.<\/p>\n    <p>2026 Luis Soler Asesores Sociedad Limitada - NIF B16466476<\/p>\n  <\/footer>\n\n<\/article>\t\t\t\t\t\t\t\t<\/div>\n\t\t\t\t\t<\/div>\n\t\t\t\t<\/div>\n\t\t\t\t<\/div>","protected":false},"excerpt":{"rendered":"<p>En cumplimiento con el deber de informaci\u00f3n recogido en la Ley 34\/2002, de 11 de julio, de Servicios de la Sociedad de la Informaci\u00f3n y de Comercio Electr\u00f3nico (LSSI-CE), se facilitan los siguientes datos sobre el titular del sitio web. Informaci\u00f3n general El Titular del dominio web luissolerasesores.com es: LUIS SOLER ASESORES SOCIEDAD LIMITADA con [&hellip;]<\/p>\n","protected":false},"author":1,"featured_media":0,"parent":0,"menu_order":0,"comment_status":"closed","ping_status":"closed","template":"","meta":{"footnotes":""},"class_list":["post-17","page","type-page","status-publish","hentry"],"_links":{"self":[{"href":"https:\/\/luissolerasesores.com\/fr\/wp-json\/wp\/v2\/pages\/17","targetHints":{"allow":["GET"]}}],"collection":[{"href":"https:\/\/luissolerasesores.com\/fr\/wp-json\/wp\/v2\/pages"}],"about":[{"href":"https:\/\/luissolerasesores.com\/fr\/wp-json\/wp\/v2\/types\/page"}],"author":[{"embeddable":true,"href":"https:\/\/luissolerasesores.com\/fr\/wp-json\/wp\/v2\/users\/1"}],"replies":[{"embeddable":true,"href":"https:\/\/luissolerasesores.com\/fr\/wp-json\/wp\/v2\/comments?post=17"}],"version-history":[{"count":13,"href":"https:\/\/luissolerasesores.com\/fr\/wp-json\/wp\/v2\/pages\/17\/revisions"}],"predecessor-version":[{"id":2016,"href":"https:\/\/luissolerasesores.com\/fr\/wp-json\/wp\/v2\/pages\/17\/revisions\/2016"}],"wp:attachment":[{"href":"https:\/\/luissolerasesores.com\/fr\/wp-json\/wp\/v2\/media?parent=17"}],"curies":[{"name":"wp","href":"https:\/\/api.w.org\/{rel}","templated":true}]}}