{"id":3,"date":"2026-03-17T21:29:05","date_gmt":"2026-03-17T21:29:05","guid":{"rendered":"https:\/\/luissolerasesores.com\/?page_id=3"},"modified":"2026-03-31T03:54:41","modified_gmt":"2026-03-31T01:54:41","slug":"privacy-policy","status":"publish","type":"page","link":"https:\/\/luissolerasesores.com\/en\/politica-de-privacidad\/","title":{"rendered":"Privacy policy"},"content":{"rendered":"<div data-elementor-type=\"wp-page\" data-elementor-id=\"3\" class=\"elementor elementor-3\" data-elementor-post-type=\"page\">\n\t\t\t\t<div class=\"elementor-element elementor-element-698b3bb e-flex e-con-boxed e-con e-parent\" data-id=\"698b3bb\" data-element_type=\"container\" data-e-type=\"container\" data-settings=\"{&quot;background_background&quot;:&quot;classic&quot;}\">\n\t\t\t\t\t<div class=\"e-con-inner\">\n\t\t\t\t<div class=\"elementor-element elementor-element-c30eb59 elementor-widget elementor-widget-heading\" data-id=\"c30eb59\" data-element_type=\"widget\" data-e-type=\"widget\" data-widget_type=\"heading.default\">\n\t\t\t\t\t<h1 class=\"elementor-heading-title elementor-size-default\">Privacy policy<\/h1>\t\t\t\t<\/div>\n\t\t\t\t\t<\/div>\n\t\t\t\t<\/div>\n\t\t<div class=\"elementor-element elementor-element-f2e17ad section-xl e-flex e-con-boxed e-con e-parent\" data-id=\"f2e17ad\" data-element_type=\"container\" data-e-type=\"container\">\n\t\t\t\t\t<div class=\"e-con-inner\">\n\t\t\t\t<div class=\"elementor-element elementor-element-6402571 elementor-widget elementor-widget-text-editor\" data-id=\"6402571\" data-element_type=\"widget\" data-e-type=\"widget\" data-widget_type=\"text-editor.default\">\n\t\t\t\t\t\t\t\t\t<article class=\"pp-privacidad\">\n\n  <p>Respecting the provisions of the legislation in force, <strong>LUIS SOLER ADVISORS<\/strong> undertakes to adopt the necessary technical and organisational measures, according to the level of security appropriate to the risk of the data collected.<\/p>\n\n  <section aria-labelledby=\"s1\">\n    <h2 id=\"s1\">I. Privacy and data protection policy<\/h2>\n\n    <section aria-labelledby=\"s1-1\">\n      <h3 id=\"s1-1\">Laws incorporated in this privacy policy<\/h3>\n      <p>This privacy policy is adapted to current Spanish and European legislation on the protection of personal data on the Internet. Specifically, it respects the following rules:<\/p>\n      <ul>\n        <li>The <strong>Regulation (EU) 2016\/679<\/strong> of the European Parliament and of the Council of 27 April 2016 on the protection of individuals with regard to the processing of personal data and on the free movement of such data (GDPR).<\/li>\n        <li>The <strong>Organic Law 3\/2018 of 5 December 2018<\/strong>, The Spanish Data Protection Act (LOPD-GDD).<\/li>\n        <li>The <strong>Royal Decree 1720\/2007, of 21 December 2007.<\/strong>, The Spanish Data Protection Act (Ley Org\u00e1nica 15\/1999, de 13 de diciembre, de Protecci\u00f3n de Datos de Car\u00e1cter Personal (RDLOPD)), which approves the Regulations for the development of Organic Law 15\/1999, of 13 December, on the Protection of Personal Data (RDLOPD).<\/li>\n        <li>The <strong>Law 34\/2002 of 11 July 2002<\/strong>, The LSSI-CE (Information Society Services and Electronic Commerce Act).<\/li>\n      <\/ul>\n    <\/section>\n\n    <section aria-labelledby=\"s1-2\">\n      <h3 id=\"s1-2\">Identity of the controller<\/h3>\n      <p>The person responsible for the processing of personal data collected in LUIS SOLER ASESORES is: <strong>Luis Alberto Soler Carratala<\/strong>, with NIF: 53604723A.<\/p>\n      <address>\n        <p><strong>Address:<\/strong> C\/ Navellos n\u00famero 8, piso 1, puerta 3, 46003 Val\u00e8ncia<\/p>\n        <p><strong>Telephone:<\/strong> <a href=\"tel:961944210\">961 944 210<\/a><\/p>\n        <p><strong>Email:<\/strong> <a href=\"mailto:info@luissolerasesores.com\">info@luissolerasesores.com<\/a><\/p>\n      <\/address>\n    <\/section>\n\n    <section aria-labelledby=\"s1-3\">\n      <h3 id=\"s1-3\">Registration of personal data<\/h3>\n      <p>In compliance with the provisions of the RGPD and the LOPD-GDD, we inform you that the personal data collected by LUIS SOLER ASESORES through the forms on their pages will be incorporated and will be treated in our files in order to facilitate, expedite and fulfill the commitments established between LUIS SOLER ASESORES and the User, or to respond to a request or query from the same.<\/p>\n    <\/section>\n\n    <section aria-labelledby=\"s1-4\">\n      <h3 id=\"s1-4\">Principles applicable to the processing of personal data<\/h3>\n      <p>The processing of the User's personal data shall be subject to the following principles set out in article 5 of the RGPD and in article 4 et seq. of Organic Law 3\/2018:<\/p>\n      <ul>\n        <li><strong>Fairness, loyalty and transparency:<\/strong> the consent of the User is required at all times after fully transparent information on the purposes for which the personal data are collected.<\/li>\n        <li><strong>Purpose limitation:<\/strong> personal data will be collected for specified, explicit and legitimate purposes.<\/li>\n        <li><strong>Data minimisation:<\/strong> the personal data collected will be only that which is strictly necessary in relation to the purposes for which it is processed.<\/li>\n        <li><strong>Accuracy:<\/strong> personal data must be accurate and always up to date.<\/li>\n        <li><strong>Limitation of the retention period:<\/strong> personal data will only be kept for as long as necessary for the purposes of their processing.<\/li>\n        <li><strong>Integrity and confidentiality:<\/strong> personal data will be processed in a manner that ensures their security and confidentiality.<\/li>\n        <li><strong>Proactive responsibility:<\/strong> the Controller shall be responsible for ensuring that the above principles are complied with.<\/li>\n      <\/ul>\n    <\/section>\n\n    <section aria-labelledby=\"s1-5\">\n      <h3 id=\"s1-5\">Categories of personal data<\/h3>\n      <p>The categories of data processed by LUIS SOLER ASESORES are only identification data. In no case special categories of personal data within the meaning of Article 9 of the RGPD are processed.<\/p>\n    <\/section>\n\n    <section aria-labelledby=\"s1-6\">\n      <h3 id=\"s1-6\">Legal basis for the processing of personal data<\/h3>\n      <p>The legal basis for the processing of personal data is consent. LUIS SOLER ASESORES undertakes to obtain the express and verifiable consent of the user for the processing of personal data for one or more specific purposes.<\/p>\n      <p>The User shall have the right to withdraw consent at any time. It shall be as easy to withdraw consent as it is to give it. As a general rule, withdrawal of consent shall not condition the use of the Website.<\/p>\n    <\/section>\n\n    <section aria-labelledby=\"s1-7\">\n      <h3 id=\"s1-7\">Purposes of the processing of personal data<\/h3>\n      <p>Personal data are collected and managed by LUIS SOLER ASESORES in order to facilitate, expedite and fulfill the commitments established between the Website and the User, or to respond to a request or query.<\/p>\n      <p>Likewise, the data may be used for commercial, personalisation, operational and statistical purposes, as well as for the extraction and storage of data and marketing studies to adapt the content offered to the User and to improve the quality, operation and browsing of the Website.<\/p>\n    <\/section>\n\n    <section aria-labelledby=\"s1-8\">\n      <h3 id=\"s1-8\">Retention periods for personal data<\/h3>\n      <p>Personal data will only be retained for the minimum time necessary for the purposes of their processing and, in any case, only for the following period: <strong>5 years<\/strong>, or until the User requests its deletion.<\/p>\n    <\/section>\n\n    <section aria-labelledby=\"s1-9\">\n      <h3 id=\"s1-9\">Recipients of personal data<\/h3>\n      <p>The User's personal data <strong>shall not be shared with third parties<\/strong>. In any case, at the time the personal data is collected, the User will be informed about the recipients or categories of recipients of the personal data.<\/p>\n    <\/section>\n\n    <section aria-labelledby=\"s1-10\">\n      <h3 id=\"s1-10\">Personal data of minors<\/h3>\n      <p>Respecting the provisions of articles 8 of the RGPD and 7 of the Organic Law 3\/2018, only those over 14 years of age may give their consent to the processing of their personal data in a lawful manner by LUIS SOLER ASESORES. In the case of a minor under 14 years of age, the consent of the parents or guardians will be required for the processing.<\/p>\n    <\/section>\n\n    <section aria-labelledby=\"s1-11\">\n      <h3 id=\"s1-11\">Secrecy and security of personal data<\/h3>\n      <p>LUIS SOLER ASESORES undertakes to adopt the necessary technical and organisational measures to guarantee the security of personal data and avoid its destruction, loss, accidental or illicit alteration, or unauthorised access to such data.<\/p>\n      <p>The website has a certificate <strong>SSL (Secure Socket Layer)<\/strong>, which ensures that personal data is transmitted securely and confidentially, as the transmission of data between the server and the User is fully encrypted.<\/p>\n      <p>However, because LUIS SOLER ASESORES LUIS SOLER can not guarantee the impregnability of the Internet, the Data Controller undertakes to notify the User without undue delay when a breach of security of personal data that is likely to involve a high risk to the rights and freedoms of natural persons.<\/p>\n    <\/section>\n\n    <section aria-labelledby=\"s1-12\">\n      <h3 id=\"s1-12\">Rights arising from the processing of personal data<\/h3>\n      <p>The User may exercise the following rights recognised in the RGPD and in Organic Law 3\/2018 against the Data Controller:<\/p>\n      <ul>\n        <li><strong>Right of access:<\/strong> right to obtain confirmation of whether or not LUIS SOLER ASESORES is processing their personal data and, if so, obtain information about them.<\/li>\n        <li><strong>Right of rectification:<\/strong> the right to have inaccurate or incomplete personal data amended.<\/li>\n        <li><strong>Right of erasure (\u00abthe right to be forgotten\u00bb):<\/strong> the right to obtain the deletion of your personal data when they are no longer necessary for the purposes for which they were collected or processed, among other cases provided for in the regulations.<\/li>\n        <li><strong>Right to restriction of processing:<\/strong> the right to limit the processing of your personal data in the cases provided for in the regulations.<\/li>\n        <li><strong>Right to data portability:<\/strong> the right to receive your personal data in a structured, commonly used and machine-readable format and to transmit it to another controller.<\/li>\n        <li><strong>Right to object:<\/strong> right not to carry out the processing of their personal data or cease the processing thereof by LUIS SOLER ASESORES.<\/li>\n        <li><strong>The right not to be subject to automated decisions:<\/strong> the right not to be subject to an individual decision based solely on automated processing of his or her personal data, including profiling.<\/li>\n      <\/ul>\n      <p>The User may exercise his\/her rights by means of a written communication addressed to the Data Controller with the reference <strong>\u00abGDPR-www.luissolerasesores.com\u00bb<\/strong>, specifying: name and surname, copy of ID card, petition with the specific reasons, address for notifications, date and signature, and any document that accredits the petition.<\/p>\n      <address>\n        <p><strong>Postal address:<\/strong> C\/ Navellos n\u00famero 8, piso 1, puerta 3, 46003 Val\u00e8ncia<\/p>\n        <p><strong>E-mail:<\/strong> <a href=\"mailto:info@luissolerasesores.com\">info@luissolerasesores.com<\/a><\/p>\n      <\/address>\n    <\/section>\n\n    <section aria-labelledby=\"s1-13\">\n      <h3 id=\"s1-13\">Links to third party websites<\/h3>\n      <p>The Website may include hyperlinks or links that allow access to third party websites other than LUIS SOLER ASESORES. The owners of these websites have their own data protection policies, being themselves responsible for their own files and their own privacy practices.<\/p>\n    <\/section>\n\n    <section aria-labelledby=\"s1-14\">\n      <h3 id=\"s1-14\">Complaints to the supervisory authority<\/h3>\n      <p>In the event that the User considers that there is a problem or infringement of the regulations in force in the way in which his\/her personal data is being processed, he\/she will have the right to lodge a complaint with the supervisory authority. In the case of Spain, the supervisory authority is the <a href=\"http:\/\/www.agpd.es\" target=\"_blank\" rel=\"noopener nofollow\">Spanish Data Protection Agency (AEPD)<\/a>.<\/p>\n    <\/section>\n  <\/section>\n\n  <section aria-labelledby=\"s2\">\n    <h2 id=\"s2\">II. Cookie Policy<\/h2>\n\n    <p>Access to this Website may involve the use of cookies. Cookies are small amounts of information that are stored in the browser used by each User so that the server can remember certain information. Cookies make browsing easier, more user-friendly and do not damage the browsing device.<\/p>\n\n    <section aria-labelledby=\"s2-1\">\n      <h3 id=\"s2-1\">Own cookies<\/h3>\n      <p>They are those cookies that are sent to the computer or device of the user and managed exclusively by LUIS SOLER ASESORES for the better functioning of the Website. The information collected is used to improve the quality of the Web Site and its content and experience as a user.<\/p>\n    <\/section>\n\n    <section aria-labelledby=\"s2-2\">\n      <h3 id=\"s2-2\">Social media cookies<\/h3>\n      <p>LUIS SOLER ASESORES incorporates plugins social networks that allow access to them from the Web Site. The owners of these social networks have their own data protection policies and cookies. Below are the links where they can be consulted:<\/p>\n      <ul>\n        <li><a href=\"https:\/\/www.facebook.com\/policies\/cookies\/\" target=\"_blank\" rel=\"noopener nofollow\">Facebook<\/a><\/li>\n        <li><a href=\"https:\/\/twitter.com\/es\/privacy\" target=\"_blank\" rel=\"noopener nofollow\">Twitter<\/a><\/li>\n        <li><a href=\"https:\/\/help.instagram.com\/1896641480634370?ref=ig\" target=\"_blank\" rel=\"noopener nofollow\">Instagram<\/a><\/li>\n        <li><a href=\"https:\/\/policies.google.com\/privacy?hl=es-419&#038;gl=mx\" target=\"_blank\" rel=\"noopener nofollow\">Youtube<\/a><\/li>\n        <li><a href=\"https:\/\/policies.google.com\/technologies\/cookies?hl=es\" target=\"_blank\" rel=\"noopener nofollow\">Google+<\/a><\/li>\n        <li><a href=\"https:\/\/policy.pinterest.com\/es\/privacy-policy\" target=\"_blank\" rel=\"noopener nofollow\">Pinterest<\/a><\/li>\n        <li><a href=\"https:\/\/www.linkedin.com\/legal\/cookie-policy?trk=hp-cookies\" target=\"_blank\" rel=\"noopener nofollow\">LinkedIn<\/a><\/li>\n      <\/ul>\n    <\/section>\n\n    <section aria-labelledby=\"s2-3\">\n      <h3 id=\"s2-3\">Disabling, rejecting and deleting cookies<\/h3>\n      <p>The User may disable, reject and delete cookies - in whole or in part - installed on their device by configuring their browser (including, for example, Chrome, Firefox, Safari, Explorer). In the event that you reject the use of cookies - in whole or in part - you may continue to use the Website, although you may be limited in the use of some of its features.<\/p>\n    <\/section>\n  <\/section>\n\n  <section aria-labelledby=\"s3\">\n    <h2 id=\"s3\">III. Acceptance and Changes to this Privacy Policy<\/h2>\n    <p>It is necessary that the User has read and agrees with the conditions on the protection of personal data contained in this Privacy and Cookies Policy, as well as that he\/she accepts the processing of his\/her personal data so that the Data Controller can proceed in the manner, during the periods and for the purposes indicated.<\/p>\n    <p>LUIS SOLER ASESORES reserves the right to modify its Privacy and Cookies Policy, according to its own criteria, or motivated by a legislative, jurisprudential or doctrinal change of the Spanish Data Protection Agency. Changes or updates to this Policy will be explicitly notified to the User.<\/p>\n  <\/section>\n\n  <footer class=\"pp-footer-note\">\n    <p>Policy updated on <strong>28 December 2020<\/strong> to adapt to the <strong>Regulation (EU) 2016\/679 (GDPR)<\/strong> and to the <strong>Organic Law 3\/2018, of 5 December, on the Protection of Personal Data and Guarantee of Digital Rights (LOPDGDD)<\/strong>.<\/p>\n    <p>\u00a9 2026 Luis Soler Asesores Sociedad Limitada - <a href=\"mailto:info@luissolerasesores.com\">info@luissolerasesores.com<\/a><\/p>\n  <\/footer>\n\n<\/article>\t\t\t\t\t\t\t\t<\/div>\n\t\t\t\t\t<\/div>\n\t\t\t\t<\/div>\n\t\t\t\t<\/div>","protected":false},"excerpt":{"rendered":"<p>Respetando lo establecido en la legislaci\u00f3n vigente, LUIS SOLER ASESORES se compromete a adoptar las medidas t\u00e9cnicas y organizativas necesarias, seg\u00fan el nivel de seguridad adecuado al riesgo de los datos recogidos. I. Pol\u00edtica de privacidad y protecci\u00f3n de datos Leyes que incorpora esta pol\u00edtica de privacidad Esta pol\u00edtica de privacidad est\u00e1 adaptada a la [&hellip;]<\/p>\n","protected":false},"author":1,"featured_media":0,"parent":0,"menu_order":0,"comment_status":"closed","ping_status":"closed","template":"","meta":{"footnotes":""},"class_list":["post-3","page","type-page","status-publish","hentry"],"_links":{"self":[{"href":"https:\/\/luissolerasesores.com\/en\/wp-json\/wp\/v2\/pages\/3","targetHints":{"allow":["GET"]}}],"collection":[{"href":"https:\/\/luissolerasesores.com\/en\/wp-json\/wp\/v2\/pages"}],"about":[{"href":"https:\/\/luissolerasesores.com\/en\/wp-json\/wp\/v2\/types\/page"}],"author":[{"embeddable":true,"href":"https:\/\/luissolerasesores.com\/en\/wp-json\/wp\/v2\/users\/1"}],"replies":[{"embeddable":true,"href":"https:\/\/luissolerasesores.com\/en\/wp-json\/wp\/v2\/comments?post=3"}],"version-history":[{"count":5,"href":"https:\/\/luissolerasesores.com\/en\/wp-json\/wp\/v2\/pages\/3\/revisions"}],"predecessor-version":[{"id":2013,"href":"https:\/\/luissolerasesores.com\/en\/wp-json\/wp\/v2\/pages\/3\/revisions\/2013"}],"wp:attachment":[{"href":"https:\/\/luissolerasesores.com\/en\/wp-json\/wp\/v2\/media?parent=3"}],"curies":[{"name":"wp","href":"https:\/\/api.w.org\/{rel}","templated":true}]}}