{"id":21,"date":"2026-03-18T19:19:45","date_gmt":"2026-03-18T18:19:45","guid":{"rendered":"https:\/\/luissolerasesores.com\/?page_id=21"},"modified":"2026-03-31T04:00:33","modified_gmt":"2026-03-31T02:00:33","slug":"accessibility-statement","status":"publish","type":"page","link":"https:\/\/luissolerasesores.com\/en\/declaracion-de-accesibilidad\/","title":{"rendered":"Accessibility statement"},"content":{"rendered":"<div data-elementor-type=\"wp-page\" data-elementor-id=\"21\" class=\"elementor elementor-21\" data-elementor-post-type=\"page\">\n\t\t\t\t<div class=\"elementor-element elementor-element-e1db118 e-flex e-con-boxed e-con e-parent\" data-id=\"e1db118\" data-element_type=\"container\" data-e-type=\"container\" data-settings=\"{&quot;background_background&quot;:&quot;classic&quot;}\">\n\t\t\t\t\t<div class=\"e-con-inner\">\n\t\t\t\t<div class=\"elementor-element elementor-element-a6793a7 elementor-widget elementor-widget-heading\" data-id=\"a6793a7\" data-element_type=\"widget\" data-e-type=\"widget\" data-widget_type=\"heading.default\">\n\t\t\t\t\t<h1 class=\"elementor-heading-title elementor-size-default\">Accessibility statement<\/h1>\t\t\t\t<\/div>\n\t\t\t\t\t<\/div>\n\t\t\t\t<\/div>\n\t\t<div class=\"elementor-element elementor-element-01753f8 section-xl e-flex e-con-boxed e-con e-parent\" data-id=\"01753f8\" data-element_type=\"container\" data-e-type=\"container\">\n\t\t\t\t\t<div class=\"e-con-inner\">\n\t\t\t\t<div class=\"elementor-element elementor-element-c0ee81a elementor-widget elementor-widget-text-editor\" data-id=\"c0ee81a\" data-element_type=\"widget\" data-e-type=\"widget\" data-widget_type=\"text-editor.default\">\n\t\t\t\t\t\t\t\t\t<article class=\"pp-privacidad\">\n\n  <p><strong>LUIS SOLER ADVISORS<\/strong> is committed to making its website accessible in compliance with the <strong>Royal Decree 1112\/2018 of 7 September 2018<\/strong>, on the accessibility of websites and applications for mobile devices, which transposes into Spanish law the <a href=\"https:\/\/eur-lex.europa.eu\/legal-content\/ES\/TXT\/?uri=uriserv:OJ.L_.2016.327.01.0001.01.SPA\" target=\"_blank\" rel=\"noopener noreferrer nofollow\">Directive (EU) 2016\/2102 of the European Parliament and the Council<\/a>.<\/p>\n  <p>This accessibility statement applies to the website <strong>luissolerasesores.com<\/strong>.<\/p>\n\n  <section aria-labelledby=\"ac1\">\n    <h2 id=\"ac1\">Compliance status<\/h2>\n    <p>This website is <strong>partially compliant<\/strong> with the <a href=\"https:\/\/www.boe.es\/buscar\/act.php?id=BOE-A-2018-12699\" target=\"_blank\" rel=\"noopener noreferrer nofollow\">Royal Decree 1112\/2018<\/a> due to the exceptions and non-conformity of the items listed in the following paragraph.<\/p>\n  <\/section>\n\n  <section aria-labelledby=\"ac2\">\n    <h2 id=\"ac2\">2. Content not accessible<\/h2>\n    <p>The content below is not accessible for the following reasons:<\/p>\n\n    <h3>Non-compliance with RD 1112\/2018<\/h3>\n    <ul>\n      <li>Due to the automation of some publications, there may be pages with incorrect nesting of HTML tags.<\/li>\n      <li>There may be occasional editing errors on some web pages.<\/li>\n      <li>Some images may lack adequate descriptive alternative text.<\/li>\n      <li>Certain form elements may not have correctly associated labels.<\/li>\n      <li>The colour contrast in certain secondary elements may not reach the minimum level required by WCAG 2.1 AA.<\/li>\n    <\/ul>\n\n    <h3>Disproportionate burden<\/h3>\n    <p>Not applicable.<\/p>\n\n    <h3>The content does not fall within the scope of the applicable legislation.<\/h3>\n    <p>Not applicable.<\/p>\n  <\/section>\n\n  <section aria-labelledby=\"ac3\">\n    <h2 id=\"ac3\">3. Preparation of this declaration<\/h2>\n    <p>This statement was prepared on <time datetime=\"2026-03-30\">30 March 2026<\/time>.<\/p>\n    <p>The method used to prepare the statement has been a self-assessment by the website owner with the support of automated accessibility analysis tools.<\/p>\n    <p>The date of the last revision of this declaration is the <time datetime=\"2026-03-30\">30 March 2026<\/time>.<\/p>\n  <\/section>\n\n  <section aria-labelledby=\"ac4\">\n    <h2 id=\"ac4\">4. Remarks and contact details<\/h2>\n    <p>You can make communications on accessibility requirements (article 10.2 of RD 1112\/2018), such as:<\/p>\n    <ul>\n      <li>To report any possible non-compliance by this website.<\/li>\n      <li>Convey other difficulties in accessing content.<\/li>\n      <li>To make any other query or suggestion for improvement regarding the accessibility of the website.<\/li>\n    <\/ul>\n    <p>You can contact us by the following means:<\/p>\n    <address>\n      <p><strong>Address:<\/strong> C\/ Navellos n\u00famero 8, piso 1, puerta 3, 46003 Val\u00e8ncia<\/p>\n      <p><strong>Telephone:<\/strong> <a href=\"tel:961944210\">961 944 210<\/a><\/p>\n      <p><strong>E-mail:<\/strong> <a href=\"mailto:info@luissolerasesores.com\">info@luissolerasesores.com<\/a><\/p>\n    <\/address>\n    <p>We commit ourselves to respond within a maximum period of <strong>20 working days<\/strong>.<\/p>\n  <\/section>\n\n  <section aria-labelledby=\"ac5\">\n    <h2 id=\"ac5\">5. Implementation procedure<\/h2>\n    <p>In the event that the response to your communication or request is unsatisfactory, you may address your request to the <strong>Unit Responsible for Accessibility<\/strong> through the complaints procedure set up by the competent administration:<\/p>\n    <ul>\n      <li><a href=\"https:\/\/administracionelectronica.gob.es\/pae_Home\/pae_Estrategias\/pae_Accesibilidad\/pae_formacion\/pae_Master_Accesibilidad_para_desarrolladores.html\" target=\"_blank\" rel=\"noopener noreferrer nofollow\">Accessibility Reference Centre - Secretary of State for Digitalisation and Artificial Intelligence (SEDIA)<\/a><\/li>\n    <\/ul>\n  <\/section>\n\n  <section aria-labelledby=\"ac6\">\n    <h2 id=\"ac6\">6. Technical accessibility features<\/h2>\n    <p>This website has been designed with the following standards and features in mind:<\/p>\n    <ul>\n      <li>Adapted to the <strong>Web Content Accessibility Guidelines (<abbr title=\"Web Content Accessibility Guidelines\">WCAG<\/abbr>) 2.1, level AA<\/strong>, defined by the World Wide Web Consortium (W3C).<\/li>\n      <li>Compatible with the requirements of the standard <strong><abbr title=\"A Spanish-European Norm\">UNE-EN<\/abbr> 301549<\/strong>, considering the exceptions of Royal Decree 1112\/2018.<\/li>\n      <li>Developed with <strong><abbr title=\"HyperText Markup Language 5\">HTML5<\/abbr><\/strong> as a markup language and <strong><abbr title=\"Cascading Style Sheets 3\">CSS3<\/abbr><\/strong> for visual design.<\/li>\n      <li>Designed to display correctly on desktop, tablet and mobile devices for a minimum resolution of <strong>320 px wide<\/strong>.<\/li>\n      <li>It uses JavaScript in a non-intrusive way; in case the browser does not support it, the main contents are still accessible.<\/li>\n      <li>The pages are semantically structured through the correct use of headings, lists and ARIA regions.<\/li>\n    <\/ul>\n    <p class=\"pp-aviso\"><strong>Commitment to continuous improvement:<\/strong> We are working progressively to identify and correct existing accessibility barriers. If you encounter any problems while browsing this site, we invite you to let us know using the contact details indicated in section 4.<\/p>\n  <\/section>\n\n  <footer class=\"pp-footer-note\">\n    <p>Declaration drawn up in accordance with the <strong>Royal Decree 1112\/2018 of 7 September 2018<\/strong>, on accessibility of public sector websites and mobile applications.<\/p>\n    <p>\u00a9 2026 Luis Soler Asesores Sociedad Limitada - <a href=\"mailto:info@luissolerasesores.com\">info@luissolerasesores.com<\/a><\/p>\n  <\/footer>\n\n<\/article>\t\t\t\t\t\t\t\t<\/div>\n\t\t\t\t\t<\/div>\n\t\t\t\t<\/div>\n\t\t\t\t<\/div>","protected":false},"excerpt":{"rendered":"<p>LUIS SOLER ASESORES se ha comprometido a hacer accesible su sitio web de conformidad con el Real Decreto 1112\/2018, de 7 de septiembre, sobre accesibilidad de los sitios web y aplicaciones para dispositivos m\u00f3viles, por el que se traspone al ordenamiento jur\u00eddico espa\u00f1ol la Directiva (UE) 2016\/2102 del Parlamento Europeo y del Consejo. La presente [&hellip;]<\/p>\n","protected":false},"author":1,"featured_media":0,"parent":0,"menu_order":0,"comment_status":"closed","ping_status":"closed","template":"","meta":{"footnotes":""},"class_list":["post-21","page","type-page","status-publish","hentry"],"_links":{"self":[{"href":"https:\/\/luissolerasesores.com\/en\/wp-json\/wp\/v2\/pages\/21","targetHints":{"allow":["GET"]}}],"collection":[{"href":"https:\/\/luissolerasesores.com\/en\/wp-json\/wp\/v2\/pages"}],"about":[{"href":"https:\/\/luissolerasesores.com\/en\/wp-json\/wp\/v2\/types\/page"}],"author":[{"embeddable":true,"href":"https:\/\/luissolerasesores.com\/en\/wp-json\/wp\/v2\/users\/1"}],"replies":[{"embeddable":true,"href":"https:\/\/luissolerasesores.com\/en\/wp-json\/wp\/v2\/comments?post=21"}],"version-history":[{"count":10,"href":"https:\/\/luissolerasesores.com\/en\/wp-json\/wp\/v2\/pages\/21\/revisions"}],"predecessor-version":[{"id":2026,"href":"https:\/\/luissolerasesores.com\/en\/wp-json\/wp\/v2\/pages\/21\/revisions\/2026"}],"wp:attachment":[{"href":"https:\/\/luissolerasesores.com\/en\/wp-json\/wp\/v2\/media?parent=21"}],"curies":[{"name":"wp","href":"https:\/\/api.w.org\/{rel}","templated":true}]}}