{"id":19,"date":"2026-03-18T19:19:32","date_gmt":"2026-03-18T18:19:32","guid":{"rendered":"https:\/\/luissolerasesores.com\/?page_id=19"},"modified":"2026-03-31T03:58:03","modified_gmt":"2026-03-31T01:58:03","slug":"cookie-policy","status":"publish","type":"page","link":"https:\/\/luissolerasesores.com\/en\/politica-de-cookies\/","title":{"rendered":"Cookies policy"},"content":{"rendered":"<div data-elementor-type=\"wp-page\" data-elementor-id=\"19\" class=\"elementor elementor-19\" data-elementor-post-type=\"page\">\n\t\t\t\t<div class=\"elementor-element elementor-element-31178db e-flex e-con-boxed e-con e-parent\" data-id=\"31178db\" data-element_type=\"container\" data-e-type=\"container\" data-settings=\"{&quot;background_background&quot;:&quot;classic&quot;}\">\n\t\t\t\t\t<div class=\"e-con-inner\">\n\t\t\t\t<div class=\"elementor-element elementor-element-45fa217 elementor-widget elementor-widget-heading\" data-id=\"45fa217\" data-element_type=\"widget\" data-e-type=\"widget\" data-widget_type=\"heading.default\">\n\t\t\t\t\t<h1 class=\"elementor-heading-title elementor-size-default\">Cookies policy<\/h1>\t\t\t\t<\/div>\n\t\t\t\t\t<\/div>\n\t\t\t\t<\/div>\n\t\t<div class=\"elementor-element elementor-element-0d3f352 section-xl e-flex e-con-boxed e-con e-parent\" data-id=\"0d3f352\" data-element_type=\"container\" data-e-type=\"container\">\n\t\t\t\t\t<div class=\"e-con-inner\">\n\t\t\t\t<div class=\"elementor-element elementor-element-e629e14 elementor-widget elementor-widget-text-editor\" data-id=\"e629e14\" data-element_type=\"widget\" data-e-type=\"widget\" data-widget_type=\"text-editor.default\">\n\t\t\t\t\t\t\t\t\t<article class=\"pp-privacidad\">\n\n  <p>This website uses third-party and own cookies to ensure that you have a better browsing experience, to share content on social networks and so that we can obtain user statistics. It is very important that you read this cookies policy and understand that, if you continue browsing, we will consider that you accept their use.<\/p>\n\n  <section aria-labelledby=\"s1\">\n    <h2 id=\"s1\">Responsible entity<\/h2>\n    <p>The entity responsible for the collection, processing and use of your personal data, within the meaning of the Personal Data Protection Act, is the website <strong>LUIS SOLER ADVISORS<\/strong>, owned by <strong>LUIS ALBERTO SOLER CARRATALA<\/strong>.<\/p>\n    <address>\n      <p><strong>Address:<\/strong> C\/ Navellos n\u00famero 8, piso 1, puerta 3, 46003 Val\u00e8ncia<\/p>\n      <p><strong>Email:<\/strong> <a href=\"mailto:info@luissolerasesores.com\">info@luissolerasesores.com<\/a><\/p>\n    <\/address>\n  <\/section>\n\n  <section aria-labelledby=\"s2\">\n    <h2 id=\"s2\">What are cookies?<\/h2>\n    <p>Cookies are a set of data that a server deposits in the user's browser to collect standard Internet log information and information on the behaviour of visitors to a website. They are small text files that are stored on your computer's hard drive and are used to identify you when you log on to the website again.<\/p>\n    <p>Its use is common and frequent on the web as it allows pages to function more efficiently and to achieve greater personalisation and analysis of user behaviour.<\/p>\n  <\/section>\n\n  <section aria-labelledby=\"s3\">\n    <h2 id=\"s3\">What types of cookies are there?<\/h2>\n    <p>The cookies used on our website are session and third-party cookies, and allow us to store and access information relating to language, the type of browser used and other general characteristics predefined by the user, as well as to track and analyse the activity carried out by the user.<\/p>\n    <p>Depending on their permanence, cookies can be divided into <strong>session cookies<\/strong> -which expire when the user closes the browser - and <strong>permanent cookies<\/strong> -which expire when the purpose for which they are intended is fulfilled or when they are manually deleted.<\/p>\n\n    <h3>Cookies used on this website<\/h3>\n    <div class=\"table-wrap\">\n      <table>\n        <thead>\n          <tr>\n            <th>Name<\/th>\n            <th>Type<\/th>\n            <th>Expiry<\/th>\n            <th>Purpose<\/th>\n            <th>Class<\/th>\n          <\/tr>\n        <\/thead>\n        <tbody>\n          <tr>\n            <td>__utma<\/td>\n            <td>From Third Parties (Google Analytics)<\/td>\n            <td>2 years<\/td>\n            <td>Used to distinguish users and sessions.<\/td>\n            <td>Non-Exempt<\/td>\n          <\/tr>\n          <tr>\n            <td>__utmb<\/td>\n            <td>From Third Parties (Google Analytics)<\/td>\n            <td>30 minutes<\/td>\n            <td>It is used to determine new sessions or visits.<\/td>\n            <td>Non-Exempt<\/td>\n          <\/tr>\n          <tr>\n            <td>__utmc<\/td>\n            <td>From Third Parties (Google Analytics)<\/td>\n            <td>At the end of the session<\/td>\n            <td>It is configured for use with Urchin.<\/td>\n            <td>Non-Exempt<\/td>\n          <\/tr>\n          <tr>\n            <td>__utmz<\/td>\n            <td>From Third Parties (Google Analytics)<\/td>\n            <td>6 months<\/td>\n            <td>Stores the origin or campaign that explains how the user arrived at the website.<\/td>\n            <td>Non-Exempt<\/td>\n          <\/tr>\n        <\/tbody>\n      <\/table>\n    <\/div>\n\n    <h3>Classification by objective<\/h3>\n    <ul>\n      <li><strong>Performance cookies:<\/strong> remember user preferences for tools found in the services, such as volume settings, video streaming speeds or items saved in the shopping cart.<\/li>\n      <li><strong>Geo-location cookies:<\/strong> used to find out in which country the user is located when requesting a service. They are completely anonymous and only serve to target content to your location.<\/li>\n      <li><strong>Registration cookies:<\/strong> are generated once the user has registered or logged in, and are used to keep the user identified in the services and to check whether the user is authorised to access certain content.<\/li>\n      <li><strong>Analytics cookies:<\/strong> allow the anonymous identification of browsing users, the approximate counting of the number of visitors, the identification of the most visited contents and whether the user is new or a repeat visitor.<\/li>\n      <li><strong>Advertising cookies:<\/strong> allow to extend the information of the advertisements shown to each anonymous user, storing the duration or frequency of viewing of advertising positions and the user's browsing patterns.<\/li>\n      <li><strong>Third-party advertising cookies:<\/strong> Third parties (\u00abAd-Servers\u00bb) may store cookies sent from LUIS ALBERTO SOLER CARRATALA services. Currently using the platform <strong>Doubleclick (Google)<\/strong> to manage these services. More information at <a href=\"http:\/\/www.google.es\/policies\/privacy\/ads\/\" target=\"_blank\" rel=\"noopener nofollow\">google.co.uk\/policies\/privacy\/ads<\/a>.<\/li>\n    <\/ul>\n  <\/section>\n\n  <section aria-labelledby=\"s4\">\n    <h2 id=\"s4\">How can I disable cookies in my browser?<\/h2>\n    <p>Different browsers can be configured to warn the user of the reception of cookies and, if desired, prevent their installation on the computer. For further information, please consult the instructions for your browser:<\/p>\n    <ul>\n      <li><a href=\"https:\/\/support.google.com\/chrome\/answer\/95647?hl=es\" target=\"_blank\" rel=\"noopener nofollow\">Google Chrome<\/a><\/li>\n      <li><a href=\"http:\/\/windows.microsoft.com\/es-es\/windows-vista\/cookies-frequently-asked-questions\" target=\"_blank\" rel=\"noopener nofollow\">Internet Explorer<\/a><\/li>\n      <li><a href=\"http:\/\/support.mozilla.org\/es\/kb\/habilitar-y-deshabilitar-cookies-que-los-sitios-we\" target=\"_blank\" rel=\"noopener nofollow\">Mozilla Firefox<\/a><\/li>\n      <li><a href=\"http:\/\/www.apple.com\/es\/privacy\/use-of-cookies\/\" target=\"_blank\" rel=\"noopener nofollow\">Safari<\/a><\/li>\n      <li><a href=\"http:\/\/help.opera.com\/Windows\/11.50\/es-ES\/cookies.html\" target=\"_blank\" rel=\"noopener nofollow\">Opera<\/a><\/li>\n    <\/ul>\n    <p>If you wish to stop being tracked by Google Analytics please visit: <a href=\"http:\/\/tools.google.com\/dlpage\/gaoptout\" target=\"_blank\" rel=\"noopener nofollow\">tools.google.com\/dlpage\/gaoptout<\/a>.<\/p>\n  <\/section>\n\n  <section aria-labelledby=\"s5\">\n    <h2 id=\"s5\">To find out more about cookies<\/h2>\n    <ul>\n      <li><a href=\"http:\/\/www.youronlinechoices.com\/es\/\" target=\"_blank\" rel=\"noopener nofollow\">Behavioural online advertising and online privacy<\/a><\/li>\n      <li><a href=\"http:\/\/www.google.com\/analytics\/learn\/privacy.html\" target=\"_blank\" rel=\"noopener nofollow\">Google Analytics Data Protection<\/a><\/li>\n      <li><a href=\"https:\/\/developers.google.com\/analytics\/devguides\/collection\/analyticsjs\/cookie-usage?hl=es#analyticsjs\" target=\"_blank\" rel=\"noopener nofollow\">How Google Analytics uses cookies<\/a><\/li>\n    <\/ul>\n  <\/section>\n\n  <section aria-labelledby=\"s6\">\n    <h2 id=\"s6\">Updates and changes to the cookie policy<\/h2>\n    <p>The LUIS ALBERTO SOLER CARRATALA websites may modify this Cookies Policy according to legislative or regulatory requirements, or in order to adapt said policy to the instructions issued by the Spanish Data Protection Agency. Users are advised to visit it periodically.<\/p>\n    <p>When significant changes are made to this Cookie Policy, these will be communicated to users either via the website or by email to registered users.<\/p>\n  <\/section>\n\n  <footer class=\"pp-footer-note\">\n    <p>Document drawn up in accordance with the <strong>Article 22.2 of Law 34\/2002, of 11 July, on Information Society Services and Electronic Commerce (LSSI-CE).<\/strong>.<\/p>\n    <p>\u00a9 2026 Luis Soler Asesores Sociedad Limitada - <a href=\"mailto:info@luissolerasesores.com\">info@luissolerasesores.com<\/a><\/p>\n  <\/footer>\n\n<\/article>\t\t\t\t\t\t\t\t<\/div>\n\t\t\t\t\t<\/div>\n\t\t\t\t<\/div>\n\t\t\t\t<\/div>","protected":false},"excerpt":{"rendered":"<p>En esta web se utilizan cookies de terceros y propias para conseguir que tengas una mejor experiencia de navegaci\u00f3n, puedas compartir contenido en redes sociales y para que podamos obtener estad\u00edsticas de los usuarios. Es muy importante que leas la presente pol\u00edtica de cookies y comprendas que, si contin\u00faas navegando, consideraremos que aceptas su uso. [&hellip;]<\/p>\n","protected":false},"author":1,"featured_media":0,"parent":0,"menu_order":0,"comment_status":"closed","ping_status":"closed","template":"","meta":{"footnotes":""},"class_list":["post-19","page","type-page","status-publish","hentry"],"_links":{"self":[{"href":"https:\/\/luissolerasesores.com\/en\/wp-json\/wp\/v2\/pages\/19","targetHints":{"allow":["GET"]}}],"collection":[{"href":"https:\/\/luissolerasesores.com\/en\/wp-json\/wp\/v2\/pages"}],"about":[{"href":"https:\/\/luissolerasesores.com\/en\/wp-json\/wp\/v2\/types\/page"}],"author":[{"embeddable":true,"href":"https:\/\/luissolerasesores.com\/en\/wp-json\/wp\/v2\/users\/1"}],"replies":[{"embeddable":true,"href":"https:\/\/luissolerasesores.com\/en\/wp-json\/wp\/v2\/comments?post=19"}],"version-history":[{"count":4,"href":"https:\/\/luissolerasesores.com\/en\/wp-json\/wp\/v2\/pages\/19\/revisions"}],"predecessor-version":[{"id":2020,"href":"https:\/\/luissolerasesores.com\/en\/wp-json\/wp\/v2\/pages\/19\/revisions\/2020"}],"wp:attachment":[{"href":"https:\/\/luissolerasesores.com\/en\/wp-json\/wp\/v2\/media?parent=19"}],"curies":[{"name":"wp","href":"https:\/\/api.w.org\/{rel}","templated":true}]}}