{"id":17,"date":"2026-03-18T19:19:23","date_gmt":"2026-03-18T18:19:23","guid":{"rendered":"https:\/\/luissolerasesores.com\/?page_id=17"},"modified":"2026-03-31T03:54:47","modified_gmt":"2026-03-31T01:54:47","slug":"legal-notice","status":"publish","type":"page","link":"https:\/\/luissolerasesores.com\/en\/aviso-legal\/","title":{"rendered":"Legal notice"},"content":{"rendered":"<div data-elementor-type=\"wp-page\" data-elementor-id=\"17\" class=\"elementor elementor-17\" data-elementor-post-type=\"page\">\n\t\t\t\t<div class=\"elementor-element elementor-element-a71046f e-flex e-con-boxed e-con e-parent\" data-id=\"a71046f\" data-element_type=\"container\" data-e-type=\"container\" data-settings=\"{&quot;background_background&quot;:&quot;classic&quot;}\">\n\t\t\t\t\t<div class=\"e-con-inner\">\n\t\t\t\t<div class=\"elementor-element elementor-element-196b23c elementor-widget elementor-widget-heading\" data-id=\"196b23c\" data-element_type=\"widget\" data-e-type=\"widget\" data-widget_type=\"heading.default\">\n\t\t\t\t\t<h1 class=\"elementor-heading-title elementor-size-default\">Legal notice<\/h1>\t\t\t\t<\/div>\n\t\t\t\t\t<\/div>\n\t\t\t\t<\/div>\n\t\t<div class=\"elementor-element elementor-element-c453dbe section-xl e-flex e-con-boxed e-con e-parent\" data-id=\"c453dbe\" data-element_type=\"container\" data-e-type=\"container\">\n\t\t\t\t\t<div class=\"e-con-inner\">\n\t\t\t\t<div class=\"elementor-element elementor-element-1a92773 elementor-widget elementor-widget-text-editor\" data-id=\"1a92773\" data-element_type=\"widget\" data-e-type=\"widget\" data-widget_type=\"text-editor.default\">\n\t\t\t\t\t\t\t\t\t<article class=\"pp-privacidad\">\n\n  <p>In compliance with the duty of information set out in Law 34\/2002, of 11 July, on Information Society Services and Electronic Commerce (LSSI-CE), the following information on the owner of the website is provided.<\/p>\n\n  <section aria-labelledby=\"s1\">\n    <h2 id=\"s1\">General information<\/h2>\n    <p>The owner of the web domain <strong>luissolerasesores.com<\/strong> en: <strong>LUIS SOLER ASESORES SOCIEDAD LIMITADA<\/strong> with NIF B16466476, whose contact details are:<\/p>\n    <address>\n      <p><strong>Address:<\/strong> Calle Navellos number 8, floor 3, door 15<\/p>\n      <p><strong>Telephone:<\/strong> <a href=\"tel:961944210\">961 944 210<\/a><\/p>\n      <p><strong>E-mail:<\/strong> <a href=\"mailto:info@luissolerasesores.com\">info@luissolerasesores.com<\/a><\/p>\n    <\/address>\n  <\/section>\n\n  <section aria-labelledby=\"s2\">\n    <h2 id=\"s2\">Requirements for use<\/h2>\n    <p>The Website and its Services are only available to persons who can enter into legally binding contracts as defined by applicable laws. Persons who are of legal age and can enter into contracts in accordance with applicable law may use the Website and its Services. Persons who are minors and\/or are unable to enter into contracts under applicable law may not use the Website and its Services.<\/p>\n  <\/section>\n\n  <section aria-labelledby=\"s3\">\n    <h2 id=\"s3\">Users<\/h2>\n    <p>Access to or use of the Website confers the condition of User, thus accepting the general terms and conditions of use. Access to the Website by the User is of a free nature and the User does not have to provide any consideration to the Website in order to access it. The use of any of the contents or services of the Website may be made by means of prior subscription or registration by the user.<\/p>\n    <p>The User is responsible for periodically reviewing this Legal Notice in order to be informed of any modifications, changes or updates.<\/p>\n  <\/section>\n\n  <section aria-labelledby=\"s4\">\n    <h2 id=\"s4\">Acceptance<\/h2>\n    <p>The User declares that he\/she has full legal capacity to contract and be bound by this Legal Notice. The User declares that by accessing, browsing or using the Website and its services, he\/she has expressly accepted this Legal Notice in its entirety.<\/p>\n  <\/section>\n\n  <section aria-labelledby=\"s5\">\n    <h2 id=\"s5\">Terms and Conditions<\/h2>\n    <p>Access to or use of part or all of the contents of the Website and its services signifies full acceptance of these conditions of use. The Website Owner has the right to modify the general conditions of use of the Website at any time. Consequently, it is recommended that you periodically consult this Legal Notice.<\/p>\n    <p><strong>Purpose of the Website and its Services:<\/strong> The Website Owner offers the following services: <strong>Tax, accounting and labour consultancy<\/strong>.<\/p>\n    <p><strong>Obligations of the User:<\/strong> The User must at all times respect the terms and conditions set out in this Legal Notice. The User declares that he\/she will use the Website diligently and assumes any liability that may arise from non-compliance with this Legal Notice and any applicable regulations.<\/p>\n    <p>The Owner of the Website reserves the right to remove any comment or contribution that may violate the law or go against human dignity. The Owner shall not be held responsible for the opinions expressed by users on the Website.<\/p>\n    <p>The User may not use the Website for activities contrary to law or public order. The dissemination, storage or management of data or content that infringes the regulations governing intellectual and industrial property rights is prohibited.<\/p>\n    <ul>\n      <li>The User undertakes not to misrepresent his or her identity by impersonating any other person.<\/li>\n      <li>The use of the Website shall always be for personal, private and private purposes.<\/li>\n      <li>The User undertakes to indemnify the Owner for any damage, prejudice, sanction, fine, penalty or indemnity resulting from his behaviour.<\/li>\n    <\/ul>\n    <p>The Website Owner reserves the right to bring civil or criminal actions for improper use of the Website and its contents.<\/p>\n    <p><strong>Responsibility:<\/strong> The Website Owner does not guarantee the continuous and permanent availability of the Website and its Services, nor shall it be liable for possible omissions, loss of information, improper access or breach of confidentiality caused by technical problems, communications or human omissions caused by third parties. Neither shall it be liable for any damage caused by computer attacks or viruses affecting the Website.<\/p>\n  <\/section>\n\n  <section aria-labelledby=\"s6\">\n    <h2 id=\"s6\">Intellectual and industrial property<\/h2>\n    <p>The User agrees that all copyrights and intellectual property rights pertaining to the text, software, content, photographs, audiovisual material, graphics, inventions, patents, trademarks, logos, trade secrets, domain names and know-how of the Website are the exclusive property of the Website Owner.<\/p>\n    <p>The User undertakes not to reproduce or disclose or use for their own benefit or for the benefit of third parties, in any direct or indirect way, the Intellectual Property belonging to the Owner of the Website.<\/p>\n  <\/section>\n\n  <section aria-labelledby=\"s7\">\n    <h2 id=\"s7\">Privacy policy<\/h2>\n    <p>In compliance with the provisions of Organic Law 3\/2018, of 5 December, on the Protection of Personal Data and guarantee of digital rights, the User may exercise the following rights with respect to the processing of their Personal Data:<\/p>\n    <ul>\n      <li>Right of access.<\/li>\n      <li>Right of rectification.<\/li>\n      <li>Right of deletion.<\/li>\n      <li>Right to restriction of processing.<\/li>\n      <li>Right to portability.<\/li>\n      <li>Right to object.<\/li>\n    <\/ul>\n    <p>In order to make any request related to the previously stated rights, the User may send an e-mail to: <a href=\"mailto:info@luissolerasesores.com\">info@luissolerasesores.com<\/a>.<\/p>\n    <p>The Website Owner will only use the User's Personal Data for the purpose of providing the Services described in this Legal Notice. The Owner does not sell, rent or transfer the User's Personal Data to third parties without the User's prior consent.<\/p>\n    <p>The Owner undertakes to respect the confidentiality of the User's Personal Data. The data will only be used for the purpose of managing the services offered, responding to requests made by the User, carrying out administrative tasks or sending technical, commercial or advertising information.<\/p>\n    <p>The User may at any time revoke his\/her consent and stop using the Website and its Services. Revocation of consent shall in no case have retroactive effect.<\/p>\n  <\/section>\n\n  <section aria-labelledby=\"s8\">\n    <h2 id=\"s8\">Cookies policy<\/h2>\n    <p>The Website Owner hereby informs you of its cookies policy, in compliance with the provisions of article 22.2 of Law 34\/2002 and article 6.1 of Organic Law 3\/2018.<\/p>\n    <p>The Owner may use its own cookies or through a third party to provide measurement services. For this reason, the User expressly consents to the use of cookies on their device when browsing the Website.<\/p>\n    <p>A cookie is a file that is downloaded to the User's computer or other device when accessing certain web pages. Cookies allow the Website to store information about the User's browsing habits in order to facilitate their next visit and make the Website more useful to them.<\/p>\n    <p>The User has the possibility of configuring his\/her browser to be notified of the reception of cookies and to prevent their installation. For more information, please visit: <a href=\"http:\/\/www.allaboutcookies.org\" target=\"_blank\" rel=\"noopener nofollow\">www.allaboutcookies.org<\/a>.<\/p>\n  <\/section>\n\n  <section aria-labelledby=\"s9\">\n    <h2 id=\"s9\">User requests<\/h2>\n    <address>\n      <p>For any request or complaint related to this Website and its Services:<\/p>\n      <p><strong>Email:<\/strong> <a href=\"mailto:info@luissolerasesores.com\">info@luissolerasesores.com<\/a><\/p>\n      <p><strong>Address:<\/strong> Calle Navellos number 8, floor 3, door 15<\/p>\n    <\/address>\n  <\/section>\n\n  <section aria-labelledby=\"s10\">\n    <h2 id=\"s10\">Legislation and jurisdiction<\/h2>\n    <p>This Legal Notice is governed by the laws in force in Spain. Any controversy arising from this Legal Notice, including any dispute relating to its existence, validity, interpretation, scope or fulfilment, shall be submitted exclusively to the laws applicable in that jurisdiction.<\/p>\n    <p>For the interpretation, compliance and execution of this Legal Notice, the User and the Owner expressly submit to the jurisdiction of the Courts of Spain, waiving any other jurisdiction that may correspond to them due to their present or future domicile.<\/p>\n  <\/section>\n\n  <footer class=\"pp-footer-note\">\n    <p>Document drawn up in accordance with the <strong>Law 34\/2002, of 11 July, on Information Society Services and Electronic Commerce (LSSI-CE).<\/strong> and the <strong>Organic Law 3\/2018, of 5 December, on the Protection of Personal Data and Guarantee of Digital Rights (LOPDGDD)<\/strong>.<\/p>\n    <p>\u00a9 2026 Luis Soler Asesores Sociedad Limitada - NIF B16466476<\/p>\n  <\/footer>\n\n<\/article>\t\t\t\t\t\t\t\t<\/div>\n\t\t\t\t\t<\/div>\n\t\t\t\t<\/div>\n\t\t\t\t<\/div>","protected":false},"excerpt":{"rendered":"<p>En cumplimiento con el deber de informaci\u00f3n recogido en la Ley 34\/2002, de 11 de julio, de Servicios de la Sociedad de la Informaci\u00f3n y de Comercio Electr\u00f3nico (LSSI-CE), se facilitan los siguientes datos sobre el titular del sitio web. Informaci\u00f3n general El Titular del dominio web luissolerasesores.com es: LUIS SOLER ASESORES SOCIEDAD LIMITADA con [&hellip;]<\/p>\n","protected":false},"author":1,"featured_media":0,"parent":0,"menu_order":0,"comment_status":"closed","ping_status":"closed","template":"","meta":{"footnotes":""},"class_list":["post-17","page","type-page","status-publish","hentry"],"_links":{"self":[{"href":"https:\/\/luissolerasesores.com\/en\/wp-json\/wp\/v2\/pages\/17","targetHints":{"allow":["GET"]}}],"collection":[{"href":"https:\/\/luissolerasesores.com\/en\/wp-json\/wp\/v2\/pages"}],"about":[{"href":"https:\/\/luissolerasesores.com\/en\/wp-json\/wp\/v2\/types\/page"}],"author":[{"embeddable":true,"href":"https:\/\/luissolerasesores.com\/en\/wp-json\/wp\/v2\/users\/1"}],"replies":[{"embeddable":true,"href":"https:\/\/luissolerasesores.com\/en\/wp-json\/wp\/v2\/comments?post=17"}],"version-history":[{"count":13,"href":"https:\/\/luissolerasesores.com\/en\/wp-json\/wp\/v2\/pages\/17\/revisions"}],"predecessor-version":[{"id":2016,"href":"https:\/\/luissolerasesores.com\/en\/wp-json\/wp\/v2\/pages\/17\/revisions\/2016"}],"wp:attachment":[{"href":"https:\/\/luissolerasesores.com\/en\/wp-json\/wp\/v2\/media?parent=17"}],"curies":[{"name":"wp","href":"https:\/\/api.w.org\/{rel}","templated":true}]}}